{"id":12841,"date":"2024-02-06T09:35:31","date_gmt":"2024-02-06T07:35:31","guid":{"rendered":"https:\/\/www.saxsim.ee\/?post_type=product&#038;p=12841"},"modified":"2025-10-25T08:59:46","modified_gmt":"2025-10-25T05:59:46","slug":"sharpening-minerals-for-trimmers-trimmeri-terade-hooldusvahend","status":"publish","type":"product","link":"https:\/\/saxsim.ee\/swp\/product\/sharpening-minerals-for-trimmers-trimmeri-terade-hooldusvahend\/","title":{"rendered":"Sharpening Minerals For Trimmers &#8211; trimmeri terade hooldusvahend"},"content":{"rendered":"<p><span class=\"HwtZe\" lang=\"et\"><span class=\"jCAhz ChMk0b\"><span class=\"ryNqvb\">Sharpwise Mineral Sharpening System on toode, mis pikendab teie trimmeri terade eluiga.<\/span><\/span> <span class=\"jCAhz ChMk0b\"><span class=\"ryNqvb\">Asetades trimmeri \u00fclemise osa mineraalidega kotti, aktiveeruvad karvu ja mustust eemaldavad ained.<\/span><\/span> <span class=\"jCAhz ChMk0b\"><span class=\"ryNqvb\">Liigutage masinat kotis, kui see t\u00f6\u00f6tab.<\/span><\/span> <span class=\"jCAhz ChMk0b\"><span class=\"ryNqvb\">V\u00e4hem kui kahe minutiga on teil puhas ja terav tera.<\/span><\/span> <span class=\"jCAhz ChMk0b\"><span class=\"ryNqvb\">Kiire, lihtne ja \u00f6konoomne meetod, mida saate teha oma salongis.<\/span><\/span><\/span><\/p>\n<p>Eelised:<br \/>\n&#8211; Teritab ja puhastab teie l\u00f5iketerad kahe minutiga<br \/>\n&#8211; \u00dchildub k\u00f5igi l\u00f5iketeradega (teras, titaan ja keraamika)<br \/>\n&#8211; Odavam kui traditsiooniline teritamine<br \/>\n&#8211; Pikendab terade eluiga<br \/>\n&#8211; Masinat pole vaja lahti v\u00f5tta<\/p>\n<p>Karbis 6 pakki.<\/p>\n","protected":false},"excerpt":{"rendered":"<p>Sharpwise Mineral Sharpening System on toode, mis pikendab teie trimmeri terade eluiga. Asetades trimmeri \u00fclemise osa mineraalidega kotti, aktiveeruvad karvu ja mustust eemaldavad ained. Liigutage masinat kotis, kui see t\u00f6\u00f6tab. V\u00e4hem kui kahe minutiga on teil puhas ja terav tera. Kiire, lihtne ja \u00f6konoomne meetod, mida saate teha oma salongis. Eelised: &#8211; Teritab ja puhastab [&hellip;]<\/p>\n","protected":false},"featured_media":12842,"comment_status":"closed","ping_status":"closed","template":"","meta":[],"product_cat":[401,599,286],"product_tag":[],"class_list":{"0":"post-12841","1":"product","2":"type-product","3":"status-publish","4":"has-post-thumbnail","6":"product_cat-juuksuri-tarvikud","7":"product_cat-puhastus-ja-desinfektsioonivahendid","8":"product_cat-loikusmasinad-ja-trimmerid","10":"first","11":"instock","12":"taxable","13":"shipping-taxable","14":"purchasable","15":"product-type-simple"},"_links":{"self":[{"href":"https:\/\/saxsim.ee\/swp\/wp-json\/wp\/v2\/product\/12841"}],"collection":[{"href":"https:\/\/saxsim.ee\/swp\/wp-json\/wp\/v2\/product"}],"about":[{"href":"https:\/\/saxsim.ee\/swp\/wp-json\/wp\/v2\/types\/product"}],"replies":[{"embeddable":true,"href":"https:\/\/saxsim.ee\/swp\/wp-json\/wp\/v2\/comments?post=12841"}],"wp:featuredmedia":[{"embeddable":true,"href":"https:\/\/saxsim.ee\/swp\/wp-json\/wp\/v2\/media\/12842"}],"wp:attachment":[{"href":"https:\/\/saxsim.ee\/swp\/wp-json\/wp\/v2\/media?parent=12841"}],"wp:term":[{"taxonomy":"product_cat","embeddable":true,"href":"https:\/\/saxsim.ee\/swp\/wp-json\/wp\/v2\/product_cat?post=12841"},{"taxonomy":"product_tag","embeddable":true,"href":"https:\/\/saxsim.ee\/swp\/wp-json\/wp\/v2\/product_tag?post=12841"}],"curies":[{"name":"wp","href":"https:\/\/api.w.org\/{rel}","templated":true}]}}