{"id":12801,"date":"2024-01-25T10:06:45","date_gmt":"2024-01-25T08:06:45","guid":{"rendered":"https:\/\/www.saxsim.ee\/?post_type=product&#038;p=12801"},"modified":"2025-09-16T11:13:56","modified_gmt":"2025-09-16T08:13:56","slug":"spray-plustrimmercide-blade-425-g-kaaride-ja-masinaterade-hooldusvahend","status":"publish","type":"product","link":"https:\/\/saxsim.ee\/swp\/product\/spray-plustrimmercide-blade-425-g-kaaride-ja-masinaterade-hooldusvahend\/","title":{"rendered":"Trimmercide Blade Spray Plus 425 g. &#8211; k\u00e4\u00e4ride- ja masinaterade hooldusvahend"},"content":{"rendered":"<p>Trimmercide Blade Spray Plus+ on viis-\u00fches hooldusaine: jahutab, puhastab, m\u00e4\u00e4rib, desinfitseerib ja kaitseb rooste eest. T\u00f6\u00f6tab nagu m\u00e4\u00e4rdeaine, mis garanteerib terade \u00fchtlase ja t\u00f5husa l\u00f5ikamise. Regulaarne kasutamine hoiab terad teravatena ja kindlustab neile pikema t\u00f6\u00f6ea.<\/p>\n<p><strong>Kasutamine<\/strong>: Kasuta enne j\u00e4rgmist klienti v\u00f5i vajadusel ka t\u00f6\u00f6 k\u00e4igus. Hoia ballooni vertikaalselt ja pihusta hooldusvahendit peale igat t\u00f6\u00f6d 15-20 cm kauguselt teradele. Lase kuivada.<\/p>\n<p>\u00d5igesti hooldatud t\u00f6\u00f6vahend pikendab tema t\u00f6\u00f6iga.<\/p>\n","protected":false},"excerpt":{"rendered":"<p>Trimmercide Blade Spray Plus+ on viis-\u00fches hooldusaine: jahutab, puhastab, m\u00e4\u00e4rib, desinfitseerib ja kaitseb rooste eest. T\u00f6\u00f6tab nagu m\u00e4\u00e4rdeaine, mis garanteerib terade \u00fchtlase ja t\u00f5husa l\u00f5ikamise. Regulaarne kasutamine hoiab terad teravatena ja kindlustab neile pikema t\u00f6\u00f6ea. Kasutamine: Kasuta enne j\u00e4rgmist klienti v\u00f5i vajadusel ka t\u00f6\u00f6 k\u00e4igus. Hoia ballooni vertikaalselt ja pihusta hooldusvahendit peale igat t\u00f6\u00f6d 15-20 [&hellip;]<\/p>\n","protected":false},"featured_media":12862,"comment_status":"closed","ping_status":"closed","template":"","meta":[],"product_cat":[867,792,401,599,286],"product_tag":[],"class_list":{"0":"post-12801","1":"product","2":"type-product","3":"status-publish","4":"has-post-thumbnail","6":"product_cat-trimmercide","7":"product_cat-uued-tooted","8":"product_cat-juuksuri-tarvikud","9":"product_cat-puhastus-ja-desinfektsioonivahendid","10":"product_cat-loikusmasinad-ja-trimmerid","12":"first","13":"instock","14":"taxable","15":"shipping-taxable","16":"purchasable","17":"product-type-simple"},"_links":{"self":[{"href":"https:\/\/saxsim.ee\/swp\/wp-json\/wp\/v2\/product\/12801"}],"collection":[{"href":"https:\/\/saxsim.ee\/swp\/wp-json\/wp\/v2\/product"}],"about":[{"href":"https:\/\/saxsim.ee\/swp\/wp-json\/wp\/v2\/types\/product"}],"replies":[{"embeddable":true,"href":"https:\/\/saxsim.ee\/swp\/wp-json\/wp\/v2\/comments?post=12801"}],"wp:featuredmedia":[{"embeddable":true,"href":"https:\/\/saxsim.ee\/swp\/wp-json\/wp\/v2\/media\/12862"}],"wp:attachment":[{"href":"https:\/\/saxsim.ee\/swp\/wp-json\/wp\/v2\/media?parent=12801"}],"wp:term":[{"taxonomy":"product_cat","embeddable":true,"href":"https:\/\/saxsim.ee\/swp\/wp-json\/wp\/v2\/product_cat?post=12801"},{"taxonomy":"product_tag","embeddable":true,"href":"https:\/\/saxsim.ee\/swp\/wp-json\/wp\/v2\/product_tag?post=12801"}],"curies":[{"name":"wp","href":"https:\/\/api.w.org\/{rel}","templated":true}]}}