{"id":12781,"date":"2024-01-21T10:14:45","date_gmt":"2024-01-21T08:14:45","guid":{"rendered":"https:\/\/www.saxsim.ee\/?post_type=product&#038;p=12781"},"modified":"2024-01-21T10:28:09","modified_gmt":"2024-01-21T08:28:09","slug":"jrl-fp-2020l-kasifoon-2200-w","status":"publish","type":"product","link":"https:\/\/saxsim.ee\/swp\/product\/jrl-fp-2020l-kasifoon-2200-w\/","title":{"rendered":"JRL FP 2020L &#8211; k\u00e4sif\u00f6\u00f6n 2200 W"},"content":{"rendered":"<p>JRL FP 2020L on vaikne, kerge, kuid v\u00f5imas f\u00f6\u00f6n, mis pakub optimaalset temperatuuri ja \u00f5huvoolu kombinatsiooni, juuste kiireks kuivatamiseks ja kujundamiseks.<\/p>\n<p><strong>Tehnilised andmed:<\/strong><\/p>\n<p>2200 W<br \/>\n4 kiirust<br \/>\n4 kuumusastet<br \/>\nharjadeta alalisvoolumootor<br \/>\nk\u00fclma \u00f5huvoo nupp<br \/>\nturbo funktsioon<br \/>\ngrafeenkattega k\u00fcttekeha<br \/>\njuhe &#8211; 3,5 m<br \/>\n2 \u00f5husuunajat<\/p>\n<p>Tootja: JRL USA, LLC.<\/p>\n","protected":false},"excerpt":{"rendered":"<p>JRL FP 2020L on vaikne, kerge, kuid v\u00f5imas f\u00f6\u00f6n, mis pakub optimaalset temperatuuri ja \u00f5huvoolu kombinatsiooni, juuste kiireks kuivatamiseks ja kujundamiseks. Tehnilised andmed: 2200 W 4 kiirust 4 kuumusastet harjadeta alalisvoolumootor k\u00fclma \u00f5huvoo nupp turbo funktsioon grafeenkattega k\u00fcttekeha juhe &#8211; 3,5 m 2 \u00f5husuunajat Tootja: JRL USA, LLC.<\/p>\n","protected":false},"featured_media":12782,"comment_status":"closed","ping_status":"closed","template":"","meta":[],"product_cat":[792,712,401,280,285],"product_tag":[],"class_list":{"0":"post-12781","1":"product","2":"type-product","3":"status-publish","4":"has-post-thumbnail","6":"product_cat-uued-tooted","7":"product_cat-jrl-professional","8":"product_cat-juuksuri-tarvikud","9":"product_cat-elektrilised-toovahendid","10":"product_cat-kasifoonid","12":"first","13":"instock","14":"taxable","15":"shipping-taxable","16":"purchasable","17":"product-type-simple"},"_links":{"self":[{"href":"https:\/\/saxsim.ee\/swp\/wp-json\/wp\/v2\/product\/12781"}],"collection":[{"href":"https:\/\/saxsim.ee\/swp\/wp-json\/wp\/v2\/product"}],"about":[{"href":"https:\/\/saxsim.ee\/swp\/wp-json\/wp\/v2\/types\/product"}],"replies":[{"embeddable":true,"href":"https:\/\/saxsim.ee\/swp\/wp-json\/wp\/v2\/comments?post=12781"}],"wp:featuredmedia":[{"embeddable":true,"href":"https:\/\/saxsim.ee\/swp\/wp-json\/wp\/v2\/media\/12782"}],"wp:attachment":[{"href":"https:\/\/saxsim.ee\/swp\/wp-json\/wp\/v2\/media?parent=12781"}],"wp:term":[{"taxonomy":"product_cat","embeddable":true,"href":"https:\/\/saxsim.ee\/swp\/wp-json\/wp\/v2\/product_cat?post=12781"},{"taxonomy":"product_tag","embeddable":true,"href":"https:\/\/saxsim.ee\/swp\/wp-json\/wp\/v2\/product_tag?post=12781"}],"curies":[{"name":"wp","href":"https:\/\/api.w.org\/{rel}","templated":true}]}}