{"id":12742,"date":"2024-01-10T11:39:45","date_gmt":"2024-01-10T09:39:45","guid":{"rendered":"https:\/\/www.saxsim.ee\/?post_type=product&#038;p=12742"},"modified":"2025-08-20T19:24:43","modified_gmt":"2025-08-20T16:24:43","slug":"jrl-fresh-fade-2020c-loikusmasin","status":"publish","type":"product","link":"https:\/\/saxsim.ee\/swp\/product\/jrl-fresh-fade-2020c-loikusmasin\/","title":{"rendered":"JRL Fresh Fade 2020C &#8211; l\u00f5ikusmasin"},"content":{"rendered":"<p>Uus, 2-kiirusega,\u00a0juhtmega\/juhtmeta, iseterituvate Titanium teradega juuksel\u00f5ikusmasin.<\/p>\n<p><strong>Eelised:<\/strong><br \/>\n&#8211; Stay-Cool tehnoloogia<br \/>\n&#8211; iseterituvad JRL Fresh Fade Clipper titaanterad<br \/>\n&#8211; Smart-Clip tehnoloogia<\/p>\n<p><strong>Tehnilised andmed:<\/strong><br \/>\n&#8211; vastupidav Li-ION aku<br \/>\n&#8211; LED digijuhtimine<br \/>\n&#8211; 2-kiirust, 6000 &#8211; 7200 p\u00f6\u00f6ret min.<br \/>\n&#8211; akutoitel t\u00f6\u00f6tab \u2013 240 min.<br \/>\n&#8211; aku laadimisaeg \u2013 340 min.<br \/>\n&#8211; kaal \u2013 340 g.<\/p>\n<p><strong>Komplektis:<\/strong><br \/>\n&#8211; 1 2020C Clipper Blade (BF03) (reguleerimisvahemik 0-3,5 mm)<br \/>\n&#8211; 10 erinevat l\u00f5ikustalda (1,5 mm \/ 3 mm \/ 4,5 mm \/ 6 mm \/ 10 mm \/ 13 mm \/ 16 mm \/\u00a0 19 mm \/ 22 mm \/ 25 mm)<br \/>\n&#8211; kruvikeeraja<br \/>\n&#8211; laadimisadapter<br \/>\n&#8211; tera kaitse<br \/>\n&#8211; puhastushari<br \/>\n&#8211; masina\u00f5li<\/p>\n","protected":false},"excerpt":{"rendered":"<p>Uus, 2-kiirusega,\u00a0juhtmega\/juhtmeta, iseterituvate Titanium teradega juuksel\u00f5ikusmasin. Eelised: &#8211; Stay-Cool tehnoloogia &#8211; iseterituvad JRL Fresh Fade Clipper titaanterad &#8211; Smart-Clip tehnoloogia Tehnilised andmed: &#8211; vastupidav Li-ION aku &#8211; LED digijuhtimine &#8211; 2-kiirust, 6000 &#8211; 7200 p\u00f6\u00f6ret min. &#8211; akutoitel t\u00f6\u00f6tab \u2013 240 min. &#8211; aku laadimisaeg \u2013 340 min. &#8211; kaal \u2013 340 g. Komplektis: &#8211; [&hellip;]<\/p>\n","protected":false},"featured_media":12743,"comment_status":"closed","ping_status":"closed","template":"","meta":[],"product_cat":[792,712,401,280,286],"product_tag":[],"class_list":{"0":"post-12742","1":"product","2":"type-product","3":"status-publish","4":"has-post-thumbnail","6":"product_cat-uued-tooted","7":"product_cat-jrl-professional","8":"product_cat-juuksuri-tarvikud","9":"product_cat-elektrilised-toovahendid","10":"product_cat-loikusmasinad-ja-trimmerid","12":"first","13":"instock","14":"taxable","15":"shipping-taxable","16":"purchasable","17":"product-type-simple"},"_links":{"self":[{"href":"https:\/\/saxsim.ee\/swp\/wp-json\/wp\/v2\/product\/12742"}],"collection":[{"href":"https:\/\/saxsim.ee\/swp\/wp-json\/wp\/v2\/product"}],"about":[{"href":"https:\/\/saxsim.ee\/swp\/wp-json\/wp\/v2\/types\/product"}],"replies":[{"embeddable":true,"href":"https:\/\/saxsim.ee\/swp\/wp-json\/wp\/v2\/comments?post=12742"}],"wp:featuredmedia":[{"embeddable":true,"href":"https:\/\/saxsim.ee\/swp\/wp-json\/wp\/v2\/media\/12743"}],"wp:attachment":[{"href":"https:\/\/saxsim.ee\/swp\/wp-json\/wp\/v2\/media?parent=12742"}],"wp:term":[{"taxonomy":"product_cat","embeddable":true,"href":"https:\/\/saxsim.ee\/swp\/wp-json\/wp\/v2\/product_cat?post=12742"},{"taxonomy":"product_tag","embeddable":true,"href":"https:\/\/saxsim.ee\/swp\/wp-json\/wp\/v2\/product_tag?post=12742"}],"curies":[{"name":"wp","href":"https:\/\/api.w.org\/{rel}","templated":true}]}}