{"id":12674,"date":"2023-12-21T09:11:16","date_gmt":"2023-12-21T07:11:16","guid":{"rendered":"https:\/\/www.saxsim.ee\/?post_type=product&#038;p=12674"},"modified":"2025-09-10T18:19:23","modified_gmt":"2025-09-10T15:19:23","slug":"olivia-garden-silkcut-pro-set-kaaride-komplekt","status":"publish","type":"product","link":"https:\/\/saxsim.ee\/swp\/product\/olivia-garden-silkcut-pro-set-kaaride-komplekt\/","title":{"rendered":"Olivia Garden Silkcut PRO Set &#8211; k\u00e4\u00e4ride komplekt"},"content":{"rendered":"<p>Silkcut PRO Set k\u00e4\u00e4ride komplektis on SilkCut PRO 5,75&#8243; l\u00f5ikusk\u00e4\u00e4rid ja SilkCut PRO 635 fileerk\u00e4\u00e4rid. OG Silkcut PRO k\u00e4\u00e4rid on valmistatud tugevast, kuid kergest terasest.<\/p>\n<p><strong>Eelised:<\/strong>\u00a0taskukohane k\u00e4\u00e4ride komplekt<br \/>\n<strong>Materjal:<\/strong> terase sulam<\/p>\n<p><strong>Disainielemendid:<\/strong><br \/>\n&#8211; ergonoomiline kuju<br \/>\n&#8211; sile kuullaagriga p\u00f6\u00f6rdmehhanism (lihtne reguleerida kaasasoleva t\u00f6\u00f6riistaga)<br \/>\n&#8211; silikoonist stopper<br \/>\n&#8211; fikseeritud s\u00f5rmetugi<br \/>\n&#8211; regulaarse suurusega s\u00f5rmeaugud<\/p>\n<p><strong>Lisatud:<\/strong><br \/>\nT\u00f6\u00f6vahendite kott<\/p>\n","protected":false},"excerpt":{"rendered":"<p>Silkcut PRO Set k\u00e4\u00e4ride komplektis on SilkCut PRO 5,75&#8243; l\u00f5ikusk\u00e4\u00e4rid ja SilkCut PRO 635 fileerk\u00e4\u00e4rid. OG Silkcut PRO k\u00e4\u00e4rid on valmistatud tugevast, kuid kergest terasest. Eelised:\u00a0taskukohane k\u00e4\u00e4ride komplekt Materjal: terase sulam Disainielemendid: &#8211; ergonoomiline kuju &#8211; sile kuullaagriga p\u00f6\u00f6rdmehhanism (lihtne reguleerida kaasasoleva t\u00f6\u00f6riistaga) &#8211; silikoonist stopper &#8211; fikseeritud s\u00f5rmetugi &#8211; regulaarse suurusega s\u00f5rmeaugud Lisatud: T\u00f6\u00f6vahendite [&hellip;]<\/p>\n","protected":false},"featured_media":12675,"comment_status":"closed","ping_status":"closed","template":"","meta":[],"product_cat":[706,401,174,830],"product_tag":[],"class_list":{"0":"post-12674","1":"product","2":"type-product","3":"status-publish","4":"has-post-thumbnail","6":"product_cat-shorai","7":"product_cat-juuksuri-tarvikud","8":"product_cat-kaarid","9":"product_cat-kaaride-komplektid","11":"first","12":"outofstock","13":"taxable","14":"shipping-taxable","15":"purchasable","16":"product-type-simple"},"_links":{"self":[{"href":"https:\/\/saxsim.ee\/swp\/wp-json\/wp\/v2\/product\/12674"}],"collection":[{"href":"https:\/\/saxsim.ee\/swp\/wp-json\/wp\/v2\/product"}],"about":[{"href":"https:\/\/saxsim.ee\/swp\/wp-json\/wp\/v2\/types\/product"}],"replies":[{"embeddable":true,"href":"https:\/\/saxsim.ee\/swp\/wp-json\/wp\/v2\/comments?post=12674"}],"wp:featuredmedia":[{"embeddable":true,"href":"https:\/\/saxsim.ee\/swp\/wp-json\/wp\/v2\/media\/12675"}],"wp:attachment":[{"href":"https:\/\/saxsim.ee\/swp\/wp-json\/wp\/v2\/media?parent=12674"}],"wp:term":[{"taxonomy":"product_cat","embeddable":true,"href":"https:\/\/saxsim.ee\/swp\/wp-json\/wp\/v2\/product_cat?post=12674"},{"taxonomy":"product_tag","embeddable":true,"href":"https:\/\/saxsim.ee\/swp\/wp-json\/wp\/v2\/product_tag?post=12674"}],"curies":[{"name":"wp","href":"https:\/\/api.w.org\/{rel}","templated":true}]}}