{"id":1266,"date":"2017-03-12T12:32:00","date_gmt":"2017-03-12T10:32:00","guid":{"rendered":"https:\/\/www.saxsim.ee\/swp\/toode\/ds-full-body-mousse-300-ml\/"},"modified":"2018-11-05T13:32:25","modified_gmt":"2018-11-05T11:32:25","slug":"ds-full-body-mousse-300-ml","status":"publish","type":"product","link":"https:\/\/saxsim.ee\/swp\/product\/ds-full-body-mousse-300-ml\/","title":{"rendered":"DS Full Body Mousse 300 ml"},"content":{"rendered":"<p>Parf\u00fc\u00fcmi- parabeeni- ja s\u00e4ilitusainevaba kohevust lisav vaht soengu modelleerimiseks. Sisaldab Pro-vitamiin B5. Kerge ja niisutav koostis kaitseb juukseid kuumuse eest ja tugevdab juuste oma struktuuri. Annab juustele elastsust ja tagab t\u00e4ieliku l\u00f5pptulemuse.<\/p>\n<p><strong> Kasutamine:<\/strong> Kanna v\u00e4ike kogus vahtu niisketele juustele, vajadusel korral kasuta kammi abi ja f\u00f6\u00f6nita.<\/p>\n<p><u>Eriti tuleohtlik!<\/u> Hoida p\u00e4ikesepaiste, \u00fcle +50c kuumuse ja lahtise tule eest! Hoida lastele k\u00e4ttesaamatus kohas!<\/p>\n<p>&nbsp;<\/p>\n<p>DS-tooted p\u00f5hinevad puhtuse filosoofial.<br \/>\nMinimaalselt tooraineid, maksimaalne kvaliteet.<\/p>\n<p><span class=\"label label-primary\">Perfume free<\/span> <span class=\"label label-primary\">Colorant free<\/span> <span class=\"label label-primary\">UV filter<\/span><\/p>\n","protected":false},"excerpt":{"rendered":"<p>Parf\u00fc\u00fcmi- parabeeni- ja s\u00e4ilitusainevaba kohevust lisav vaht soengu modelleerimiseks. Sisaldab Pro-vitamiin B5. Kerge ja niisutav koostis kaitseb juukseid kuumuse eest ja tugevdab juuste oma struktuuri. Annab juustele elastsust ja tagab t\u00e4ieliku l\u00f5pptulemuse. Kasutamine: Kanna v\u00e4ike kogus vahtu niisketele juustele, vajadusel korral kasuta kammi abi ja f\u00f6\u00f6nita. Eriti tuleohtlik! Hoida p\u00e4ikesepaiste, \u00fcle +50c kuumuse ja lahtise [&hellip;]<\/p>\n","protected":false},"featured_media":1267,"comment_status":"closed","ping_status":"closed","template":"","meta":[],"product_cat":[107,251,631,395],"product_tag":[],"class_list":{"0":"post-1266","1":"product","2":"type-product","3":"status-publish","4":"has-post-thumbnail","6":"product_cat-pakkumised","7":"product_cat-lopumuuk","8":"product_cat-ds-lopumuuk","9":"product_cat-juuksed","11":"first","12":"instock","13":"sale","14":"taxable","15":"shipping-taxable","16":"purchasable","17":"product-type-simple"},"_links":{"self":[{"href":"https:\/\/saxsim.ee\/swp\/wp-json\/wp\/v2\/product\/1266"}],"collection":[{"href":"https:\/\/saxsim.ee\/swp\/wp-json\/wp\/v2\/product"}],"about":[{"href":"https:\/\/saxsim.ee\/swp\/wp-json\/wp\/v2\/types\/product"}],"replies":[{"embeddable":true,"href":"https:\/\/saxsim.ee\/swp\/wp-json\/wp\/v2\/comments?post=1266"}],"wp:featuredmedia":[{"embeddable":true,"href":"https:\/\/saxsim.ee\/swp\/wp-json\/wp\/v2\/media\/1267"}],"wp:attachment":[{"href":"https:\/\/saxsim.ee\/swp\/wp-json\/wp\/v2\/media?parent=1266"}],"wp:term":[{"taxonomy":"product_cat","embeddable":true,"href":"https:\/\/saxsim.ee\/swp\/wp-json\/wp\/v2\/product_cat?post=1266"},{"taxonomy":"product_tag","embeddable":true,"href":"https:\/\/saxsim.ee\/swp\/wp-json\/wp\/v2\/product_tag?post=1266"}],"curies":[{"name":"wp","href":"https:\/\/api.w.org\/{rel}","templated":true}]}}