{"id":12608,"date":"2023-12-21T21:02:18","date_gmt":"2023-12-21T19:02:18","guid":{"rendered":"https:\/\/www.saxsim.ee\/?post_type=product&#038;p=12608"},"modified":"2024-01-10T12:35:29","modified_gmt":"2024-01-10T10:35:29","slug":"ultron-clipper-vsx-ii-loikusmasin","status":"publish","type":"product","link":"https:\/\/saxsim.ee\/swp\/product\/ultron-clipper-vsx-ii-loikusmasin\/","title":{"rendered":"Ultron Clipper VSX-II &#8211; l\u00f5ikusmasin"},"content":{"rendered":"<p>Ultron Clipper VSX-II on v\u00f5imas, madala vibratsiooniga, vaikne, reguleeritava kiirusega\u00a0 ( 5000 kuni 7000 p\/min ), elektroonilise l\u00f5iketera pikkuse reguleerimisega ( 1,0 \u2013 1,9 mm. ), juhtmega\/juhtmeta kasutatav juuksel\u00f5ikusmasin. Ideaalne juuksel\u00f5ikuseks, habeme modelleerimiseks v\u00f5i trimmimiseks. Easy-Click-System-i abil saate l\u00f5iketera kiiresti eemaldada, et puhastada juuksel\u00f5ikurit kaasasoleva harjaga ja hooldada seda spetsiaalse \u00f5liga.<\/p>\n<p>Enne seadme esmakordset kasutamist tuleb kasutusjuhendiga p\u00f5hjalikult tutvuda.<\/p>\n<p><strong>Tehnilised andmed:<\/strong><br \/>\nreguleeritav kiirus \u2013 5000 &#8211; 7000 p\/min.<br \/>\nadapter: Input \u2013 AC 100-240 V, 50\/60Hz, Output &#8211; 5V, 1000 mA<br \/>\naku \u2013 Li-Ion, 3,7 V, 2600 mAh<br \/>\nakutoitel t\u00f6\u00f6tab \u2013 240 min.<br \/>\naku laadimisaeg \u2013 180 min.<br \/>\nelektrooniline l\u00f5iketera pikkuse reguleerimine (1,0\/1,3\/1,6\/1,9 mm.)<br \/>\nLED-ekraan erinevate andmete kuvamiseks<br \/>\nkaal \u2013 250 g.<br \/>\njuhe \u2013 2,5 m.<\/p>\n<p><strong>Komplektis:<\/strong><br \/>\n1 titaankattega keraamiline tera ( laius \u2013 45 mm. )<br \/>\n4 erinevat l\u00f5ikustalda ( 3\/6\/9\/12\/15\/18\/21\/25 mm. )<br \/>\nlaadimisalus koos juhtmega<br \/>\npuhastushari<br \/>\nmasina\u00f5li<\/p>\n","protected":false},"excerpt":{"rendered":"<p>Ultron Clipper VSX-II on v\u00f5imas, madala vibratsiooniga, vaikne, reguleeritava kiirusega\u00a0 ( 5000 kuni 7000 p\/min ), elektroonilise l\u00f5iketera pikkuse reguleerimisega ( 1,0 \u2013 1,9 mm. ), juhtmega\/juhtmeta kasutatav juuksel\u00f5ikusmasin. Ideaalne juuksel\u00f5ikuseks, habeme modelleerimiseks v\u00f5i trimmimiseks. Easy-Click-System-i abil saate l\u00f5iketera kiiresti eemaldada, et puhastada juuksel\u00f5ikurit kaasasoleva harjaga ja hooldada seda spetsiaalse \u00f5liga. Enne seadme esmakordset kasutamist [&hellip;]<\/p>\n","protected":false},"featured_media":12609,"comment_status":"closed","ping_status":"closed","template":"","meta":[],"product_cat":[792,733,401,280,286],"product_tag":[],"class_list":{"0":"post-12608","1":"product","2":"type-product","3":"status-publish","4":"has-post-thumbnail","6":"product_cat-uued-tooted","7":"product_cat-ultron","8":"product_cat-juuksuri-tarvikud","9":"product_cat-elektrilised-toovahendid","10":"product_cat-loikusmasinad-ja-trimmerid","12":"first","13":"instock","14":"taxable","15":"shipping-taxable","16":"purchasable","17":"product-type-simple"},"_links":{"self":[{"href":"https:\/\/saxsim.ee\/swp\/wp-json\/wp\/v2\/product\/12608"}],"collection":[{"href":"https:\/\/saxsim.ee\/swp\/wp-json\/wp\/v2\/product"}],"about":[{"href":"https:\/\/saxsim.ee\/swp\/wp-json\/wp\/v2\/types\/product"}],"replies":[{"embeddable":true,"href":"https:\/\/saxsim.ee\/swp\/wp-json\/wp\/v2\/comments?post=12608"}],"wp:featuredmedia":[{"embeddable":true,"href":"https:\/\/saxsim.ee\/swp\/wp-json\/wp\/v2\/media\/12609"}],"wp:attachment":[{"href":"https:\/\/saxsim.ee\/swp\/wp-json\/wp\/v2\/media?parent=12608"}],"wp:term":[{"taxonomy":"product_cat","embeddable":true,"href":"https:\/\/saxsim.ee\/swp\/wp-json\/wp\/v2\/product_cat?post=12608"},{"taxonomy":"product_tag","embeddable":true,"href":"https:\/\/saxsim.ee\/swp\/wp-json\/wp\/v2\/product_tag?post=12608"}],"curies":[{"name":"wp","href":"https:\/\/api.w.org\/{rel}","templated":true}]}}