{"id":1260,"date":"2017-03-12T12:22:17","date_gmt":"2017-03-12T10:22:17","guid":{"rendered":"https:\/\/www.saxsim.ee\/swp\/toode\/ds-mega-finish-hairspray-75-ml\/"},"modified":"2018-06-17T23:31:37","modified_gmt":"2018-06-17T20:31:37","slug":"ds-mega-finish-hairspray-75-ml","status":"publish","type":"product","link":"https:\/\/saxsim.ee\/swp\/product\/ds-mega-finish-hairspray-75-ml\/","title":{"rendered":"DS Mega Finish Hairspray 75 ml"},"content":{"rendered":"<p>Parf\u00fc\u00fcmi- parabeeni- ja s\u00e4ilitusainevaba eriti tugev lakk l\u00f5ppviimistluseks. Sisaldab Pro- vitamiin B5. Annab tugeva toe, kestva kinnituse ja ilusa l\u00e4ike. Harjates eemaldub kergesti juustest. Sisaldab soojus- ja niiskuskaitset.<\/p>\n<p><strong>Kasutamine:<\/strong> Pihusta valmis soengusse 15-20cm kauguselt.<\/p>\n<p><u>Eriti tuleohtlik!<\/u> Hoida p\u00e4ikesepaiste, \u00fcle +50c kuumuse ja lahtise tule eest! Hoida lastele k\u00e4ttesaamatus kohas!<\/p>\n<p>DS-tooted p\u00f5hinevad puhtuse filosoofial.<br \/>\nMinimaalselt tooraineid, maksimaalne kvaliteet.<\/p>\n<p><span class=\"label label-primary\">Perfume free<\/span> <span class=\"label label-primary\">Colorant free<\/span> <span class=\"label label-primary\">UV filter<\/span> <span class=\"label label-primary\">Heat protection<\/span><\/p>\n","protected":false},"excerpt":{"rendered":"<p>Parf\u00fc\u00fcmi- parabeeni- ja s\u00e4ilitusainevaba eriti tugev lakk l\u00f5ppviimistluseks. Sisaldab Pro- vitamiin B5. Annab tugeva toe, kestva kinnituse ja ilusa l\u00e4ike. Harjates eemaldub kergesti juustest. Sisaldab soojus- ja niiskuskaitset. Kasutamine: Pihusta valmis soengusse 15-20cm kauguselt. Eriti tuleohtlik! Hoida p\u00e4ikesepaiste, \u00fcle +50c kuumuse ja lahtise tule eest! Hoida lastele k\u00e4ttesaamatus kohas! DS-tooted p\u00f5hinevad puhtuse filosoofial. Minimaalselt tooraineid, [&hellip;]<\/p>\n","protected":false},"featured_media":1261,"comment_status":"closed","ping_status":"closed","template":"","meta":[],"product_cat":[107,251,631,395,284],"product_tag":[],"class_list":{"0":"post-1260","1":"product","2":"type-product","3":"status-publish","4":"has-post-thumbnail","6":"product_cat-pakkumised","7":"product_cat-lopumuuk","8":"product_cat-ds-lopumuuk","9":"product_cat-juuksed","10":"product_cat-reisimiseks","12":"first","13":"instock","14":"sale","15":"taxable","16":"shipping-taxable","17":"purchasable","18":"product-type-simple"},"_links":{"self":[{"href":"https:\/\/saxsim.ee\/swp\/wp-json\/wp\/v2\/product\/1260"}],"collection":[{"href":"https:\/\/saxsim.ee\/swp\/wp-json\/wp\/v2\/product"}],"about":[{"href":"https:\/\/saxsim.ee\/swp\/wp-json\/wp\/v2\/types\/product"}],"replies":[{"embeddable":true,"href":"https:\/\/saxsim.ee\/swp\/wp-json\/wp\/v2\/comments?post=1260"}],"wp:featuredmedia":[{"embeddable":true,"href":"https:\/\/saxsim.ee\/swp\/wp-json\/wp\/v2\/media\/1261"}],"wp:attachment":[{"href":"https:\/\/saxsim.ee\/swp\/wp-json\/wp\/v2\/media?parent=1260"}],"wp:term":[{"taxonomy":"product_cat","embeddable":true,"href":"https:\/\/saxsim.ee\/swp\/wp-json\/wp\/v2\/product_cat?post=1260"},{"taxonomy":"product_tag","embeddable":true,"href":"https:\/\/saxsim.ee\/swp\/wp-json\/wp\/v2\/product_tag?post=1260"}],"curies":[{"name":"wp","href":"https:\/\/api.w.org\/{rel}","templated":true}]}}