{"id":12555,"date":"2023-11-28T10:54:52","date_gmt":"2023-11-28T08:54:52","guid":{"rendered":"https:\/\/www.saxsim.ee\/?post_type=product&#038;p=12555"},"modified":"2024-01-09T07:57:28","modified_gmt":"2024-01-09T05:57:28","slug":"sense-antistatic-leave-in-conditioner-for-synthetic-hair-250-ml-hooldusaine-sunteetilistele-juustele","status":"publish","type":"product","link":"https:\/\/saxsim.ee\/swp\/product\/sense-antistatic-leave-in-conditioner-for-synthetic-hair-250-ml-hooldusaine-sunteetilistele-juustele\/","title":{"rendered":"Sense Antistatic Leave-in Conditioner For Synthetic Hair 250 ml. &#8211; hooldusaine s\u00fcnteetilistele juustele"},"content":{"rendered":"<p><strong>Niisutav hooldusaine s\u00fcnteetilistest juustest parukatele.<\/strong><\/p>\n<p>&#8211; Niisutab s\u00fcnteetilisi juukseid<br \/>\n&#8211; Parandab paruka v\u00e4rvi p\u00fcsivust<br \/>\n&#8211; Eemaldab staatilist elektrit<br \/>\n&#8211; Sisaldab UV-kaitset<br \/>\n&#8211; L\u00f5hnavaba ja vegan<\/p>\n<p>Niisutav hooldusaine s\u00fcnteetilistest juustest parukatele. Teeb s\u00fcnteetilised juuksed imepehmeks ning muudab nende k\u00e4sitlemise ja stiliseerimise lihtsamaks. V\u00e4hendab ja takistab paruka elektriseerumist. Escalol HP kaitseb p\u00e4ikesevalguse eest, parandades paruka v\u00e4rvide vastupidavust.<\/p>\n<p><strong>Paruka pesemine:<\/strong><br \/>\nRegulaarne pesemine pikendab s\u00fcnteetilistest juustest valmistatud\u00a0 paruka eluiga ja muudab selle loomulikumaks. Parukat on soovitatav pesta kord n\u00e4dalas. Pesemisintervalli m\u00f5jutab oluliselt, kas parukas on igap\u00e4evases kasutuses ja kas parukat kantakse sportides.<\/p>\n<p>Enne pesemist harja parukat hoolikalt. Lisa n\u00f5usse v\u00f5i kraanikaussi leiget vett. Vett peaks olema piisavalt, et parukas korralikult katta. Lisa umbes supilusikat\u00e4is \u0161ampooni ja lahustage veega. P\u00f6\u00f6rake parukas pahupidi ja leotage 5-10 minutit. P\u00f6\u00f6rake parukas \u00fcmber ja loputage seda \u00f5rnalt jooksva vee all.<\/p>\n<p>Vahetage uus vesi ja lisage vette umbes supilusikat\u00e4is palsamit. Lahustage palsam vees hoolikalt. Leotage parukat 5-10 minutit ja loputage kiiresti jooksva vee all. Pigista parukast \u00f5rnalt liigne vesi, aseta parukahoidjale kuivama ja vajadusel harjake kergelt, et paruka kuju\/mudel esile tuua.<\/p>\n<p>Kui parukas on kuiv, pihustage parukas \u00fcle juustesse j\u00e4etava hooldusainega. T\u00e4helepanu p\u00f6\u00f6rake ka juuksepiirile, eriti kaelapiirkonnas, sest parukas muutub nendes piirkondades kiiresti takuseks. Kui parukas on s\u00fcnteetilised juuksepikendused, on soovitav pihustada juustesse j\u00e4etavat hooldusainet\u00a0 niiskele parukale ning lisada seda igap\u00e4evaselt kuivadele s\u00fcnteetilistele juuksepikendustele.<\/p>\n","protected":false},"excerpt":{"rendered":"<p>Niisutav hooldusaine s\u00fcnteetilistest juustest parukatele. &#8211; Niisutab s\u00fcnteetilisi juukseid &#8211; Parandab paruka v\u00e4rvi p\u00fcsivust &#8211; Eemaldab staatilist elektrit &#8211; Sisaldab UV-kaitset &#8211; L\u00f5hnavaba ja vegan Niisutav hooldusaine s\u00fcnteetilistest juustest parukatele. Teeb s\u00fcnteetilised juuksed imepehmeks ning muudab nende k\u00e4sitlemise ja stiliseerimise lihtsamaks. V\u00e4hendab ja takistab paruka elektriseerumist. Escalol HP kaitseb p\u00e4ikesevalguse eest, parandades paruka v\u00e4rvide vastupidavust. [&hellip;]<\/p>\n","protected":false},"featured_media":12556,"comment_status":"closed","ping_status":"closed","template":"","meta":[],"product_cat":[792,827,395,661],"product_tag":[],"class_list":{"0":"post-12555","1":"product","2":"type-product","3":"status-publish","4":"has-post-thumbnail","6":"product_cat-uued-tooted","7":"product_cat-sense","8":"product_cat-juuksed","9":"product_cat-pahejaetavad-hooldusained","11":"first","12":"instock","13":"taxable","14":"shipping-taxable","15":"purchasable","16":"product-type-simple"},"_links":{"self":[{"href":"https:\/\/saxsim.ee\/swp\/wp-json\/wp\/v2\/product\/12555"}],"collection":[{"href":"https:\/\/saxsim.ee\/swp\/wp-json\/wp\/v2\/product"}],"about":[{"href":"https:\/\/saxsim.ee\/swp\/wp-json\/wp\/v2\/types\/product"}],"replies":[{"embeddable":true,"href":"https:\/\/saxsim.ee\/swp\/wp-json\/wp\/v2\/comments?post=12555"}],"wp:featuredmedia":[{"embeddable":true,"href":"https:\/\/saxsim.ee\/swp\/wp-json\/wp\/v2\/media\/12556"}],"wp:attachment":[{"href":"https:\/\/saxsim.ee\/swp\/wp-json\/wp\/v2\/media?parent=12555"}],"wp:term":[{"taxonomy":"product_cat","embeddable":true,"href":"https:\/\/saxsim.ee\/swp\/wp-json\/wp\/v2\/product_cat?post=12555"},{"taxonomy":"product_tag","embeddable":true,"href":"https:\/\/saxsim.ee\/swp\/wp-json\/wp\/v2\/product_tag?post=12555"}],"curies":[{"name":"wp","href":"https:\/\/api.w.org\/{rel}","templated":true}]}}