{"id":12553,"date":"2023-11-28T10:46:46","date_gmt":"2023-11-28T08:46:46","guid":{"rendered":"https:\/\/www.saxsim.ee\/?post_type=product&#038;p=12553"},"modified":"2026-04-23T13:29:21","modified_gmt":"2026-04-23T10:29:21","slug":"sense-conditioner-for-synthetic-hair-250-ml-palsam-sunteetilistele-juustele","status":"publish","type":"product","link":"https:\/\/saxsim.ee\/swp\/product\/sense-conditioner-for-synthetic-hair-250-ml-palsam-sunteetilistele-juustele\/","title":{"rendered":"Sense Conditioner For Synthetic Hair 250 ml. &#8211; palsam s\u00fcnteetilistele juustele"},"content":{"rendered":"<p><strong>Niisutav palsam s\u00fcnteetilistest juustest parukatele.<\/strong><\/p>\n<p>&#8211; Parandab s\u00fcnteetiliste juuste struktuuri<br \/>\n&#8211; Parandab paruka v\u00e4rvi p\u00fcsivust<br \/>\n&#8211; Niisutab t\u00f5husalt s\u00fcnteetilisi juukseid<br \/>\n&#8211; Eemaldab staatilist elektrit<br \/>\n&#8211; Sobib ka segaparukatele<br \/>\n&#8211; Sisaldab UV-kaitset<br \/>\n&#8211; L\u00f5hnavaba ja vegan<\/p>\n<p>Niisutav palsam s\u00fcnteetilistele juustele, mis muudab nad siidiselt pehmeteks. Palsami koostises sisalduv mandli\u00f5li parandab s\u00fcnteetiliste juuste struktuuri, muutes need elastsemateks, hoides \u00e4ra nende kahjustumise. Escalol HP kaitseb p\u00e4ikesevalguse eest, parandades paruka v\u00e4rvide vastupidavust. L\u00f5pptulemuseks on niisutatud, kergemini k\u00e4sitletavad s\u00fcnteetilised juuksed. Sobib kasutamiseks ka segaparukatel, kuid mitte parukatel, mis on 100% p\u00e4ris juustest.<\/p>\n<p><strong>Paruka pesemine:<\/strong><br \/>\nRegulaarne pesemine pikendab s\u00fcnteetilistest juustest valmistatud\u00a0 paruka eluiga ja muudab selle loomulikumaks. Parukat on soovitatav pesta kord n\u00e4dalas. Pesemisintervalli m\u00f5jutab oluliselt, kas parukas on igap\u00e4evases kasutuses ja kas parukat kantakse sportides.<\/p>\n<p>Enne pesemist harja parukat hoolikalt. Lisa n\u00f5usse v\u00f5i kraanikaussi leiget vett. Vett peaks olema piisavalt, et parukas korralikult katta. Lisa umbes supilusikat\u00e4is \u0161ampooni ja lahustage veega. P\u00f6\u00f6rake parukas pahupidi ja leotage 5-10 minutit. P\u00f6\u00f6rake parukas \u00fcmber ja loputage seda \u00f5rnalt jooksva vee all.<\/p>\n<p>Vahetage uus vesi ja lisage vette umbes supilusikat\u00e4is palsamit. Lahustage palsam vees hoolikalt. Leotage parukat 5-10 minutit ja loputage kiiresti jooksva vee all. Pigista parukast \u00f5rnalt liigne vesi, aseta parukahoidjale kuivama ja vajadusel harjake kergelt, et paruka kuju\/mudel esile tuua.<\/p>\n<p>Kui parukas on kuiv, pihustage parukas \u00fcle juustesse j\u00e4etava hooldusainega. T\u00e4helepanu p\u00f6\u00f6rake ka juuksepiirile, eriti kaelapiirkonnas, sest parukas muutub nendes piirkondades kiiresti takuseks. Kui parukas on s\u00fcnteetilised juuksepikendused, on soovitav pihustada juustesse j\u00e4etavat hooldusainet\u00a0 niiskele parukale ning lisada seda igap\u00e4evaselt kuivadele s\u00fcnteetilistele juuksepikendustele.<\/p>\n","protected":false},"excerpt":{"rendered":"<p>Niisutav palsam s\u00fcnteetilistest juustest parukatele. &#8211; Parandab s\u00fcnteetiliste juuste struktuuri &#8211; Parandab paruka v\u00e4rvi p\u00fcsivust &#8211; Niisutab t\u00f5husalt s\u00fcnteetilisi juukseid &#8211; Eemaldab staatilist elektrit &#8211; Sobib ka segaparukatele &#8211; Sisaldab UV-kaitset &#8211; L\u00f5hnavaba ja vegan Niisutav palsam s\u00fcnteetilistele juustele, mis muudab nad siidiselt pehmeteks. Palsami koostises sisalduv mandli\u00f5li parandab s\u00fcnteetiliste juuste struktuuri, muutes need elastsemateks, [&hellip;]<\/p>\n","protected":false},"featured_media":12554,"comment_status":"closed","ping_status":"closed","template":"","meta":[],"product_cat":[827,395,660],"product_tag":[],"class_list":{"0":"post-12553","1":"product","2":"type-product","3":"status-publish","4":"has-post-thumbnail","6":"product_cat-sense","7":"product_cat-juuksed","8":"product_cat-palsamid","10":"first","11":"instock","12":"taxable","13":"shipping-taxable","14":"purchasable","15":"product-type-simple"},"_links":{"self":[{"href":"https:\/\/saxsim.ee\/swp\/wp-json\/wp\/v2\/product\/12553"}],"collection":[{"href":"https:\/\/saxsim.ee\/swp\/wp-json\/wp\/v2\/product"}],"about":[{"href":"https:\/\/saxsim.ee\/swp\/wp-json\/wp\/v2\/types\/product"}],"replies":[{"embeddable":true,"href":"https:\/\/saxsim.ee\/swp\/wp-json\/wp\/v2\/comments?post=12553"}],"wp:featuredmedia":[{"embeddable":true,"href":"https:\/\/saxsim.ee\/swp\/wp-json\/wp\/v2\/media\/12554"}],"wp:attachment":[{"href":"https:\/\/saxsim.ee\/swp\/wp-json\/wp\/v2\/media?parent=12553"}],"wp:term":[{"taxonomy":"product_cat","embeddable":true,"href":"https:\/\/saxsim.ee\/swp\/wp-json\/wp\/v2\/product_cat?post=12553"},{"taxonomy":"product_tag","embeddable":true,"href":"https:\/\/saxsim.ee\/swp\/wp-json\/wp\/v2\/product_tag?post=12553"}],"curies":[{"name":"wp","href":"https:\/\/api.w.org\/{rel}","templated":true}]}}