{"id":12437,"date":"2023-10-23T11:19:59","date_gmt":"2023-10-23T08:19:59","guid":{"rendered":"https:\/\/www.saxsim.ee\/?post_type=product&#038;p=12437"},"modified":"2024-01-09T07:55:37","modified_gmt":"2024-01-09T05:55:37","slug":"morning-orange-refreshing-shower-gel-500-ml-dusigeel","status":"publish","type":"product","link":"https:\/\/saxsim.ee\/swp\/product\/morning-orange-refreshing-shower-gel-500-ml-dusigeel\/","title":{"rendered":"Morning Orange Refreshing Shower Gel 500 ml &#8211; du\u0161igeel"},"content":{"rendered":"<p><strong>Limited edition \u2013 piiratud v\u00e4ljaanne.<\/strong><\/p>\n<p>V\u00e4rske apelsinil\u00f5hnaline du\u0161igeel.<\/p>\n<p>&#8211; Peseb keha \u00f5rnatoimeliselt<br \/>\n&#8211; Niisutab ja rahustab nahka<br \/>\n&#8211; Vegan<\/p>\n<p>Du\u0161igeeli pehmelt vahutav koostis ja nahas\u00f5bralik pH peseb \u00f5rnalt nahka, j\u00e4ttes selle niisutatuks ja siledaks. Sisaldab rohkelt niisutavat gl\u00fctseriini ja nahka rahustavat Aloe Verat.<\/p>\n<p><strong><u>Kasutamine:<\/u><\/strong>\u00a0Kanna niiskele nahale, aja vahule ja loputa hoolikalt.<\/p>\n","protected":false},"excerpt":{"rendered":"<p>Limited edition \u2013 piiratud v\u00e4ljaanne. V\u00e4rske apelsinil\u00f5hnaline du\u0161igeel. &#8211; Peseb keha \u00f5rnatoimeliselt &#8211; Niisutab ja rahustab nahka &#8211; Vegan Du\u0161igeeli pehmelt vahutav koostis ja nahas\u00f5bralik pH peseb \u00f5rnalt nahka, j\u00e4ttes selle niisutatuks ja siledaks. Sisaldab rohkelt niisutavat gl\u00fctseriini ja nahka rahustavat Aloe Verat. Kasutamine:\u00a0Kanna niiskele nahale, aja vahule ja loputa hoolikalt.<\/p>\n","protected":false},"featured_media":12438,"comment_status":"closed","ping_status":"closed","template":"","meta":[],"product_cat":[792,97,755,756],"product_tag":[],"class_list":{"0":"post-12437","1":"product","2":"type-product","3":"status-publish","4":"has-post-thumbnail","6":"product_cat-uued-tooted","7":"product_cat-nagu-ja-keha","8":"product_cat-kehahooldus","9":"product_cat-dusigeelid","11":"first","12":"instock","13":"taxable","14":"shipping-taxable","15":"purchasable","16":"product-type-simple"},"_links":{"self":[{"href":"https:\/\/saxsim.ee\/swp\/wp-json\/wp\/v2\/product\/12437"}],"collection":[{"href":"https:\/\/saxsim.ee\/swp\/wp-json\/wp\/v2\/product"}],"about":[{"href":"https:\/\/saxsim.ee\/swp\/wp-json\/wp\/v2\/types\/product"}],"replies":[{"embeddable":true,"href":"https:\/\/saxsim.ee\/swp\/wp-json\/wp\/v2\/comments?post=12437"}],"wp:featuredmedia":[{"embeddable":true,"href":"https:\/\/saxsim.ee\/swp\/wp-json\/wp\/v2\/media\/12438"}],"wp:attachment":[{"href":"https:\/\/saxsim.ee\/swp\/wp-json\/wp\/v2\/media?parent=12437"}],"wp:term":[{"taxonomy":"product_cat","embeddable":true,"href":"https:\/\/saxsim.ee\/swp\/wp-json\/wp\/v2\/product_cat?post=12437"},{"taxonomy":"product_tag","embeddable":true,"href":"https:\/\/saxsim.ee\/swp\/wp-json\/wp\/v2\/product_tag?post=12437"}],"curies":[{"name":"wp","href":"https:\/\/api.w.org\/{rel}","templated":true}]}}