{"id":12435,"date":"2023-10-23T11:02:34","date_gmt":"2023-10-23T08:02:34","guid":{"rendered":"https:\/\/www.saxsim.ee\/?post_type=product&#038;p=12435"},"modified":"2024-08-04T10:42:10","modified_gmt":"2024-08-04T07:42:10","slug":"sensido-basic-55-fileerkaarid","status":"publish","type":"product","link":"https:\/\/saxsim.ee\/swp\/product\/sensido-basic-55-fileerkaarid\/","title":{"rendered":"SensiDO Basic 5,5&#8243; &#8211; fileerk\u00e4\u00e4rid"},"content":{"rendered":"<p>Jaapani roostevabast terasest valmistatud tippkvaliteetsed professionaalsed fileerk\u00e4\u00e4rid.<\/p>\n<p>\u2013 35 hammast<br \/>\n\u2013 Kuullaagriga reguleerimiskruvi s\u00fcsteem<br \/>\n\u2013 Jaapani roostevaba teras<br \/>\n\u2013 Ergonoomiline disain<br \/>\n\u2013 Eemaldatav s\u00f5rmetugi<br \/>\n\u2013 Reguleerimisv\u00f5ti<br \/>\n\u2013 Sametist kott<\/p>\n","protected":false},"excerpt":{"rendered":"<p>Jaapani roostevabast terasest valmistatud tippkvaliteetsed professionaalsed fileerk\u00e4\u00e4rid. \u2013 35 hammast \u2013 Kuullaagriga reguleerimiskruvi s\u00fcsteem \u2013 Jaapani roostevaba teras \u2013 Ergonoomiline disain \u2013 Eemaldatav s\u00f5rmetugi \u2013 Reguleerimisv\u00f5ti \u2013 Sametist kott<\/p>\n","protected":false},"featured_media":12436,"comment_status":"closed","ping_status":"closed","template":"","meta":[],"product_cat":[401,174,277],"product_tag":[],"class_list":{"0":"post-12435","1":"product","2":"type-product","3":"status-publish","4":"has-post-thumbnail","6":"product_cat-juuksuri-tarvikud","7":"product_cat-kaarid","8":"product_cat-fileerkaarid","10":"first","11":"instock","12":"taxable","13":"shipping-taxable","14":"purchasable","15":"product-type-simple"},"_links":{"self":[{"href":"https:\/\/saxsim.ee\/swp\/wp-json\/wp\/v2\/product\/12435"}],"collection":[{"href":"https:\/\/saxsim.ee\/swp\/wp-json\/wp\/v2\/product"}],"about":[{"href":"https:\/\/saxsim.ee\/swp\/wp-json\/wp\/v2\/types\/product"}],"replies":[{"embeddable":true,"href":"https:\/\/saxsim.ee\/swp\/wp-json\/wp\/v2\/comments?post=12435"}],"wp:featuredmedia":[{"embeddable":true,"href":"https:\/\/saxsim.ee\/swp\/wp-json\/wp\/v2\/media\/12436"}],"wp:attachment":[{"href":"https:\/\/saxsim.ee\/swp\/wp-json\/wp\/v2\/media?parent=12435"}],"wp:term":[{"taxonomy":"product_cat","embeddable":true,"href":"https:\/\/saxsim.ee\/swp\/wp-json\/wp\/v2\/product_cat?post=12435"},{"taxonomy":"product_tag","embeddable":true,"href":"https:\/\/saxsim.ee\/swp\/wp-json\/wp\/v2\/product_tag?post=12435"}],"curies":[{"name":"wp","href":"https:\/\/api.w.org\/{rel}","templated":true}]}}