{"id":12411,"date":"2023-10-17T10:00:15","date_gmt":"2023-10-17T07:00:15","guid":{"rendered":"https:\/\/www.saxsim.ee\/?post_type=product&#038;p=12411"},"modified":"2024-09-05T18:16:32","modified_gmt":"2024-09-05T15:16:32","slug":"eti-maestro-kasifoon","status":"publish","type":"product","link":"https:\/\/saxsim.ee\/swp\/product\/eti-maestro-kasifoon\/","title":{"rendered":"ETI Maestro &#8211; k\u00e4sif\u00f6\u00f6n"},"content":{"rendered":"<p>ETI Maestro on suure j\u00f5udlusega ja t\u00e4iustatud tehnoloogiaga kompaktne k\u00e4sif\u00f6\u00f6n.<\/p>\n<p><strong>Tehnilised andmed:<\/strong><br \/>\n&#8211; \u00f5huvool &#8211; 89 m\u00b3\/h<br \/>\n&#8211; 1650\/2000 W<br \/>\n&#8211; digitaalne harjadeta mootor<br \/>\n&#8211; automaatne puhastamise funktsioon<br \/>\n&#8211; \u00f5huvool &#8211; 89 m\u00b3\/h<br \/>\n&#8211; 3 kiirust<br \/>\n&#8211; 9 kuumusastet<br \/>\n&#8211; k\u00fclma \u00f5huvoo nupp<br \/>\n&#8211; integreeritud, t\u00e4iustatud ioongeneraator<br \/>\n&#8211; kaal &#8211; 290 g<br \/>\n&#8211; juhe &#8211; 3,8 m<br \/>\n&#8211; 2 \u00f5husuunajat + 1 difuusor<\/p>\n<p>Tootja: Italy<\/p>\n","protected":false},"excerpt":{"rendered":"<p>ETI Maestro on suure j\u00f5udlusega ja t\u00e4iustatud tehnoloogiaga kompaktne k\u00e4sif\u00f6\u00f6n. Tehnilised andmed: &#8211; \u00f5huvool &#8211; 89 m\u00b3\/h &#8211; 1650\/2000 W &#8211; digitaalne harjadeta mootor &#8211; automaatne puhastamise funktsioon &#8211; \u00f5huvool &#8211; 89 m\u00b3\/h &#8211; 3 kiirust &#8211; 9 kuumusastet &#8211; k\u00fclma \u00f5huvoo nupp &#8211; integreeritud, t\u00e4iustatud ioongeneraator &#8211; kaal &#8211; 290 g &#8211; juhe &#8211; [&hellip;]<\/p>\n","protected":false},"featured_media":12412,"comment_status":"closed","ping_status":"closed","template":"","meta":[],"product_cat":[792,711,401,280,285],"product_tag":[],"class_list":{"0":"post-12411","1":"product","2":"type-product","3":"status-publish","4":"has-post-thumbnail","6":"product_cat-uued-tooted","7":"product_cat-eti","8":"product_cat-juuksuri-tarvikud","9":"product_cat-elektrilised-toovahendid","10":"product_cat-kasifoonid","12":"first","13":"instock","14":"taxable","15":"shipping-taxable","16":"purchasable","17":"product-type-simple"},"_links":{"self":[{"href":"https:\/\/saxsim.ee\/swp\/wp-json\/wp\/v2\/product\/12411"}],"collection":[{"href":"https:\/\/saxsim.ee\/swp\/wp-json\/wp\/v2\/product"}],"about":[{"href":"https:\/\/saxsim.ee\/swp\/wp-json\/wp\/v2\/types\/product"}],"replies":[{"embeddable":true,"href":"https:\/\/saxsim.ee\/swp\/wp-json\/wp\/v2\/comments?post=12411"}],"wp:featuredmedia":[{"embeddable":true,"href":"https:\/\/saxsim.ee\/swp\/wp-json\/wp\/v2\/media\/12412"}],"wp:attachment":[{"href":"https:\/\/saxsim.ee\/swp\/wp-json\/wp\/v2\/media?parent=12411"}],"wp:term":[{"taxonomy":"product_cat","embeddable":true,"href":"https:\/\/saxsim.ee\/swp\/wp-json\/wp\/v2\/product_cat?post=12411"},{"taxonomy":"product_tag","embeddable":true,"href":"https:\/\/saxsim.ee\/swp\/wp-json\/wp\/v2\/product_tag?post=12411"}],"curies":[{"name":"wp","href":"https:\/\/api.w.org\/{rel}","templated":true}]}}