{"id":12321,"date":"2023-09-17T11:53:49","date_gmt":"2023-09-17T08:53:49","guid":{"rendered":"https:\/\/www.saxsim.ee\/?post_type=product&#038;p=12321"},"modified":"2024-01-11T12:11:09","modified_gmt":"2024-01-11T10:11:09","slug":"jaguar-pre-style-relax-p-slice-55-loikuskaarid","status":"publish","type":"product","link":"https:\/\/saxsim.ee\/swp\/product\/jaguar-pre-style-relax-p-slice-55-loikuskaarid\/","title":{"rendered":"Jaguar Pre Style Relax P Slice 5,5&#8243; &#8211; l\u00f5ikusk\u00e4\u00e4rid"},"content":{"rendered":"<p>Roostevabast kroomterasest, ergonoomilised k\u00e4\u00e4rid.<br \/>\n<strong>Materjal:<\/strong><br \/>\nRoostevaba kroomteras<br \/>\nHRC:<\/p>\n<p><strong>Disainielemendid:<\/strong><br \/>\npikkus \u2013 5,5\u2033<br \/>\nergonomic offset k\u00e4epide<br \/>\nSlice Blade &#8211; libistamistehnikateks sobiv tera<br \/>\neemaldatav s\u00f5rmetugi<br \/>\nkruvi\u00fchendus \u2013 Vario<br \/>\ns\u00f5rmer\u00f5ngad \u2013 2 tk.<br \/>\nkaal \u2013 34 g.<\/p>\n","protected":false},"excerpt":{"rendered":"<p>Roostevabast kroomterasest, ergonoomilised k\u00e4\u00e4rid. Materjal: Roostevaba kroomteras HRC: Disainielemendid: pikkus \u2013 5,5\u2033 ergonomic offset k\u00e4epide Slice Blade &#8211; libistamistehnikateks sobiv tera eemaldatav s\u00f5rmetugi kruvi\u00fchendus \u2013 Vario s\u00f5rmer\u00f5ngad \u2013 2 tk. kaal \u2013 34 g.<\/p>\n","protected":false},"featured_media":12322,"comment_status":"closed","ping_status":"closed","template":"","meta":[],"product_cat":[792,736,401,174,276],"product_tag":[],"class_list":{"0":"post-12321","1":"product","2":"type-product","3":"status-publish","4":"has-post-thumbnail","6":"product_cat-uued-tooted","7":"product_cat-jaguar","8":"product_cat-juuksuri-tarvikud","9":"product_cat-kaarid","10":"product_cat-loikuskaarid","12":"first","13":"instock","14":"taxable","15":"shipping-taxable","16":"purchasable","17":"product-type-simple"},"_links":{"self":[{"href":"https:\/\/saxsim.ee\/swp\/wp-json\/wp\/v2\/product\/12321"}],"collection":[{"href":"https:\/\/saxsim.ee\/swp\/wp-json\/wp\/v2\/product"}],"about":[{"href":"https:\/\/saxsim.ee\/swp\/wp-json\/wp\/v2\/types\/product"}],"replies":[{"embeddable":true,"href":"https:\/\/saxsim.ee\/swp\/wp-json\/wp\/v2\/comments?post=12321"}],"wp:featuredmedia":[{"embeddable":true,"href":"https:\/\/saxsim.ee\/swp\/wp-json\/wp\/v2\/media\/12322"}],"wp:attachment":[{"href":"https:\/\/saxsim.ee\/swp\/wp-json\/wp\/v2\/media?parent=12321"}],"wp:term":[{"taxonomy":"product_cat","embeddable":true,"href":"https:\/\/saxsim.ee\/swp\/wp-json\/wp\/v2\/product_cat?post=12321"},{"taxonomy":"product_tag","embeddable":true,"href":"https:\/\/saxsim.ee\/swp\/wp-json\/wp\/v2\/product_tag?post=12321"}],"curies":[{"name":"wp","href":"https:\/\/api.w.org\/{rel}","templated":true}]}}