{"id":12318,"date":"2023-09-17T11:30:00","date_gmt":"2023-09-17T08:30:00","guid":{"rendered":"https:\/\/www.saxsim.ee\/?post_type=product&#038;p=12318"},"modified":"2025-12-17T19:58:21","modified_gmt":"2025-12-17T17:58:21","slug":"jaguar-pre-style-relax-left-575-vasakukaeliste-kaarid","status":"publish","type":"product","link":"https:\/\/saxsim.ee\/swp\/product\/jaguar-pre-style-relax-left-575-vasakukaeliste-kaarid\/","title":{"rendered":"Jaguar Pre Style Relax LEFT 5,75&#8243; &#8211; vasakuk\u00e4eliste k\u00e4\u00e4rid"},"content":{"rendered":"<p>Roostevabast kroomterasest, ergonoomilised k\u00e4\u00e4rid, <span style=\"color: #ff0000;\">VASAKUK\u00c4ELISTELE<\/span>.<br \/>\n<strong>Materjal:<\/strong><br \/>\nRoostevaba kroomteras<br \/>\nHRC:<\/p>\n<p><strong>Disainielemendid:<\/strong><br \/>\npikkus &#8211; 5,75&#8243;<br \/>\nergonomic offset k\u00e4epide<br \/>\nmikrohammastega tera ( micro serrated )<br \/>\neemaldatav s\u00f5rmetugi<br \/>\nkruvi\u00fchendus &#8211; Vario<br \/>\ns\u00f5rmer\u00f5ngad \u2013 2 tk.<br \/>\nkaal &#8211; 35 g.<\/p>\n","protected":false},"excerpt":{"rendered":"<p>Roostevabast kroomterasest, ergonoomilised k\u00e4\u00e4rid, VASAKUK\u00c4ELISTELE. Materjal: Roostevaba kroomteras HRC: Disainielemendid: pikkus &#8211; 5,75&#8243; ergonomic offset k\u00e4epide mikrohammastega tera ( micro serrated ) eemaldatav s\u00f5rmetugi kruvi\u00fchendus &#8211; Vario s\u00f5rmer\u00f5ngad \u2013 2 tk. kaal &#8211; 35 g.<\/p>\n","protected":false},"featured_media":12319,"comment_status":"closed","ping_status":"closed","template":"","meta":[],"product_cat":[736,401,174,740],"product_tag":[],"class_list":{"0":"post-12318","1":"product","2":"type-product","3":"status-publish","4":"has-post-thumbnail","6":"product_cat-jaguar","7":"product_cat-juuksuri-tarvikud","8":"product_cat-kaarid","9":"product_cat-vasakukaeliste-kaarid","11":"first","12":"instock","13":"taxable","14":"shipping-taxable","15":"purchasable","16":"product-type-simple"},"_links":{"self":[{"href":"https:\/\/saxsim.ee\/swp\/wp-json\/wp\/v2\/product\/12318"}],"collection":[{"href":"https:\/\/saxsim.ee\/swp\/wp-json\/wp\/v2\/product"}],"about":[{"href":"https:\/\/saxsim.ee\/swp\/wp-json\/wp\/v2\/types\/product"}],"replies":[{"embeddable":true,"href":"https:\/\/saxsim.ee\/swp\/wp-json\/wp\/v2\/comments?post=12318"}],"wp:featuredmedia":[{"embeddable":true,"href":"https:\/\/saxsim.ee\/swp\/wp-json\/wp\/v2\/media\/12319"}],"wp:attachment":[{"href":"https:\/\/saxsim.ee\/swp\/wp-json\/wp\/v2\/media?parent=12318"}],"wp:term":[{"taxonomy":"product_cat","embeddable":true,"href":"https:\/\/saxsim.ee\/swp\/wp-json\/wp\/v2\/product_cat?post=12318"},{"taxonomy":"product_tag","embeddable":true,"href":"https:\/\/saxsim.ee\/swp\/wp-json\/wp\/v2\/product_tag?post=12318"}],"curies":[{"name":"wp","href":"https:\/\/api.w.org\/{rel}","templated":true}]}}