{"id":12277,"date":"2023-09-07T11:50:26","date_gmt":"2023-09-07T08:50:26","guid":{"rendered":"https:\/\/www.saxsim.ee\/?post_type=product&#038;p=12277"},"modified":"2024-09-10T13:42:49","modified_gmt":"2024-09-10T10:42:49","slug":"seat-cover-disposable-100-tk-kilest-klienditooli-seljatoe-kate","status":"publish","type":"product","link":"https:\/\/saxsim.ee\/swp\/product\/seat-cover-disposable-100-tk-kilest-klienditooli-seljatoe-kate\/","title":{"rendered":"Seat Cover Disposable 100 tk. &#8211; kilest klienditooli seljatoe kate"},"content":{"rendered":"<p>\u00dchekordselt kasutatav plastikust kate kaitseb juuksuritoole juuksurit\u00f6\u00f6st tingitud v\u00f5imalike plekkide eest.<\/p>\n<p>M\u00f5\u00f5dud: 60 x 30 x 6 cm.<\/p>\n<p>Pakendis: 100 tk.<\/p>\n","protected":false},"excerpt":{"rendered":"<p>\u00dchekordselt kasutatav plastikust kate kaitseb juuksuritoole juuksurit\u00f6\u00f6st tingitud v\u00f5imalike plekkide eest. M\u00f5\u00f5dud: 60 x 30 x 6 cm. Pakendis: 100 tk.<\/p>\n","protected":false},"featured_media":12278,"comment_status":"closed","ping_status":"closed","template":"","meta":[],"product_cat":[577,583,401,291,616],"product_tag":[],"class_list":{"0":"post-12277","1":"product","2":"type-product","3":"status-publish","4":"has-post-thumbnail","6":"product_cat-iluteenindaja-tarvikud","7":"product_cat-uhekordsed-tooted-iluteenindaja-tarvikud","8":"product_cat-juuksuri-tarvikud","9":"product_cat-uhekordsed-tooted","10":"product_cat-tooli-ja-voodikatted","12":"first","13":"instock","14":"taxable","15":"shipping-taxable","16":"purchasable","17":"product-type-simple"},"_links":{"self":[{"href":"https:\/\/saxsim.ee\/swp\/wp-json\/wp\/v2\/product\/12277"}],"collection":[{"href":"https:\/\/saxsim.ee\/swp\/wp-json\/wp\/v2\/product"}],"about":[{"href":"https:\/\/saxsim.ee\/swp\/wp-json\/wp\/v2\/types\/product"}],"replies":[{"embeddable":true,"href":"https:\/\/saxsim.ee\/swp\/wp-json\/wp\/v2\/comments?post=12277"}],"wp:featuredmedia":[{"embeddable":true,"href":"https:\/\/saxsim.ee\/swp\/wp-json\/wp\/v2\/media\/12278"}],"wp:attachment":[{"href":"https:\/\/saxsim.ee\/swp\/wp-json\/wp\/v2\/media?parent=12277"}],"wp:term":[{"taxonomy":"product_cat","embeddable":true,"href":"https:\/\/saxsim.ee\/swp\/wp-json\/wp\/v2\/product_cat?post=12277"},{"taxonomy":"product_tag","embeddable":true,"href":"https:\/\/saxsim.ee\/swp\/wp-json\/wp\/v2\/product_tag?post=12277"}],"curies":[{"name":"wp","href":"https:\/\/api.w.org\/{rel}","templated":true}]}}