{"id":12275,"date":"2023-09-07T11:30:30","date_gmt":"2023-09-07T08:30:30","guid":{"rendered":"https:\/\/www.saxsim.ee\/?post_type=product&#038;p=12275"},"modified":"2024-04-17T09:01:27","modified_gmt":"2024-04-17T06:01:27","slug":"cutting-collar-magnetic-magnetkinnitusega-olakate","status":"publish","type":"product","link":"https:\/\/saxsim.ee\/swp\/product\/cutting-collar-magnetic-magnetkinnitusega-olakate\/","title":{"rendered":"Cutting Collar Magnetic &#8211; magnetkinnitusega \u00f5lakate"},"content":{"rendered":"<p>Magnetsulguriga, veekindel ja \u00fclikerge PVC materjalist \u00f5lakate.<\/p>\n","protected":false},"excerpt":{"rendered":"<p>Magnetsulguriga, veekindel ja \u00fclikerge PVC materjalist \u00f5lakate.<\/p>\n","protected":false},"featured_media":12276,"comment_status":"closed","ping_status":"closed","template":"","meta":[],"product_cat":[792,401,296],"product_tag":[],"class_list":{"0":"post-12275","1":"product","2":"type-product","3":"status-publish","4":"has-post-thumbnail","6":"product_cat-uued-tooted","7":"product_cat-juuksuri-tarvikud","8":"product_cat-loikus-ja-varvilinad","10":"first","11":"instock","12":"taxable","13":"shipping-taxable","14":"purchasable","15":"product-type-simple"},"_links":{"self":[{"href":"https:\/\/saxsim.ee\/swp\/wp-json\/wp\/v2\/product\/12275"}],"collection":[{"href":"https:\/\/saxsim.ee\/swp\/wp-json\/wp\/v2\/product"}],"about":[{"href":"https:\/\/saxsim.ee\/swp\/wp-json\/wp\/v2\/types\/product"}],"replies":[{"embeddable":true,"href":"https:\/\/saxsim.ee\/swp\/wp-json\/wp\/v2\/comments?post=12275"}],"wp:featuredmedia":[{"embeddable":true,"href":"https:\/\/saxsim.ee\/swp\/wp-json\/wp\/v2\/media\/12276"}],"wp:attachment":[{"href":"https:\/\/saxsim.ee\/swp\/wp-json\/wp\/v2\/media?parent=12275"}],"wp:term":[{"taxonomy":"product_cat","embeddable":true,"href":"https:\/\/saxsim.ee\/swp\/wp-json\/wp\/v2\/product_cat?post=12275"},{"taxonomy":"product_tag","embeddable":true,"href":"https:\/\/saxsim.ee\/swp\/wp-json\/wp\/v2\/product_tag?post=12275"}],"curies":[{"name":"wp","href":"https:\/\/api.w.org\/{rel}","templated":true}]}}