{"id":12266,"date":"2023-09-06T11:55:47","date_gmt":"2023-09-06T08:55:47","guid":{"rendered":"https:\/\/www.saxsim.ee\/?post_type=product&#038;p=12266"},"modified":"2024-01-08T11:42:34","modified_gmt":"2024-01-08T09:42:34","slug":"hot-brush-d-melox-straightening-elektriline-sirgestushari","status":"publish","type":"product","link":"https:\/\/saxsim.ee\/swp\/product\/hot-brush-d-melox-straightening-elektriline-sirgestushari\/","title":{"rendered":"Hot Brush D-Melox Straightening &#8211; elektriline sirgestushari"},"content":{"rendered":"<p>Sirgenda oma juuksed minimaalse ajaga. D-Melox kuumeneb kiiresti ja libiseb sujuvalt l\u00e4bi juuste. Unikaalne S-kujuline ergonoomiline k\u00e4epide tagab maksimaalse mugavuse. Peanahk on kaitstud v\u00f5imaliku p\u00f5letuse eest. Lihtsalt harja juukseid aeglaselt ja nad muutuvad sirgeteks ja siidiselt pehmeteks juba m\u00f5ne minutiga. Vaevatult harutad lahti sasipuntrad ja saad ilusad sirged juuksed.<\/p>\n<p><strong>Tehnilised andmed:<\/strong><\/p>\n<p>kuumenev pind &#8211; keraamiline ioonplaat<\/p>\n<p>t\u00f6\u00f6temperatuur \u2013 150\u00b0C &#8211; 230\u00b0C, digitaalselt reguleeritav<\/p>\n<p>keraamilised piid<\/p>\n<p>kaal \u2013<\/p>\n<p>360\u00b0 p\u00f6\u00f6rlev juhe \u2013 2,5 m<\/p>\n","protected":false},"excerpt":{"rendered":"<p>Sirgenda oma juuksed minimaalse ajaga. D-Melox kuumeneb kiiresti ja libiseb sujuvalt l\u00e4bi juuste. Unikaalne S-kujuline ergonoomiline k\u00e4epide tagab maksimaalse mugavuse. Peanahk on kaitstud v\u00f5imaliku p\u00f5letuse eest. Lihtsalt harja juukseid aeglaselt ja nad muutuvad sirgeteks ja siidiselt pehmeteks juba m\u00f5ne minutiga. Vaevatult harutad lahti sasipuntrad ja saad ilusad sirged juuksed. Tehnilised andmed: kuumenev pind &#8211; keraamiline [&hellip;]<\/p>\n","protected":false},"featured_media":12267,"comment_status":"closed","ping_status":"closed","template":"","meta":[],"product_cat":[792,401,280,282],"product_tag":[],"class_list":{"0":"post-12266","1":"product","2":"type-product","3":"status-publish","4":"has-post-thumbnail","6":"product_cat-uued-tooted","7":"product_cat-juuksuri-tarvikud","8":"product_cat-elektrilised-toovahendid","9":"product_cat-elektrilised-juukseharjad","11":"first","12":"instock","13":"taxable","14":"shipping-taxable","15":"purchasable","16":"product-type-simple"},"_links":{"self":[{"href":"https:\/\/saxsim.ee\/swp\/wp-json\/wp\/v2\/product\/12266"}],"collection":[{"href":"https:\/\/saxsim.ee\/swp\/wp-json\/wp\/v2\/product"}],"about":[{"href":"https:\/\/saxsim.ee\/swp\/wp-json\/wp\/v2\/types\/product"}],"replies":[{"embeddable":true,"href":"https:\/\/saxsim.ee\/swp\/wp-json\/wp\/v2\/comments?post=12266"}],"wp:featuredmedia":[{"embeddable":true,"href":"https:\/\/saxsim.ee\/swp\/wp-json\/wp\/v2\/media\/12267"}],"wp:attachment":[{"href":"https:\/\/saxsim.ee\/swp\/wp-json\/wp\/v2\/media?parent=12266"}],"wp:term":[{"taxonomy":"product_cat","embeddable":true,"href":"https:\/\/saxsim.ee\/swp\/wp-json\/wp\/v2\/product_cat?post=12266"},{"taxonomy":"product_tag","embeddable":true,"href":"https:\/\/saxsim.ee\/swp\/wp-json\/wp\/v2\/product_tag?post=12266"}],"curies":[{"name":"wp","href":"https:\/\/api.w.org\/{rel}","templated":true}]}}