{"id":1224,"date":"2017-03-11T22:15:10","date_gmt":"2017-03-11T20:15:10","guid":{"rendered":"https:\/\/www.saxsim.ee\/swp\/toode\/simfix-osmose-quick-kiirkinniti\/"},"modified":"2025-07-01T11:21:06","modified_gmt":"2025-07-01T08:21:06","slug":"simfix-osmose-quick-kiirkinniti","status":"publish","type":"product","link":"https:\/\/saxsim.ee\/swp\/product\/simfix-osmose-quick-kiirkinniti\/","title":{"rendered":"SimFix Osmose Quick &#8211; kiirkinniti"},"content":{"rendered":"<p>Ilma m\u00f5juajata, veega lahjendatav ( 75 ml kinnitajat + 425 ml vett ) osmooskiirkinniti k\u00f5ikidele lokivedelikele, normaalsetest kuni t\u00f6\u00f6deldud juusteni ( ei sobi pikkadele juustele ).<\/p>\n<p>Ei sisalda l\u00f5hn- ja v\u00e4rvaineid.<\/p>\n<p>pH:<\/p>\n<p>&nbsp;<\/p>\n<p>&nbsp;<\/p>\n<p>&nbsp;<\/p>\n<p>&nbsp;<\/p>\n<p>&nbsp;<\/p>\n","protected":false},"excerpt":{"rendered":"<p>Ilma m\u00f5juajata, veega lahjendatav ( 75 ml kinnitajat + 425 ml vett ) osmooskiirkinniti k\u00f5ikidele lokivedelikele, normaalsetest kuni t\u00f6\u00f6deldud juusteni ( ei sobi pikkadele juustele ). Ei sisalda l\u00f5hn- ja v\u00e4rvaineid. pH: &nbsp; &nbsp; &nbsp; &nbsp; &nbsp;<\/p>\n","protected":false},"featured_media":14772,"comment_status":"closed","ping_status":"closed","template":"","meta":[],"product_cat":[395,249],"product_tag":[637],"class_list":{"0":"post-1224","1":"product","2":"type-product","3":"status-publish","4":"has-post-thumbnail","6":"product_cat-juuksed","7":"product_cat-lokivedelikud-kinnitajad","8":"product_tag-profitoode","10":"first","11":"instock","12":"taxable","13":"shipping-taxable","14":"purchasable","15":"product-type-simple"},"_links":{"self":[{"href":"https:\/\/saxsim.ee\/swp\/wp-json\/wp\/v2\/product\/1224"}],"collection":[{"href":"https:\/\/saxsim.ee\/swp\/wp-json\/wp\/v2\/product"}],"about":[{"href":"https:\/\/saxsim.ee\/swp\/wp-json\/wp\/v2\/types\/product"}],"replies":[{"embeddable":true,"href":"https:\/\/saxsim.ee\/swp\/wp-json\/wp\/v2\/comments?post=1224"}],"wp:featuredmedia":[{"embeddable":true,"href":"https:\/\/saxsim.ee\/swp\/wp-json\/wp\/v2\/media\/14772"}],"wp:attachment":[{"href":"https:\/\/saxsim.ee\/swp\/wp-json\/wp\/v2\/media?parent=1224"}],"wp:term":[{"taxonomy":"product_cat","embeddable":true,"href":"https:\/\/saxsim.ee\/swp\/wp-json\/wp\/v2\/product_cat?post=1224"},{"taxonomy":"product_tag","embeddable":true,"href":"https:\/\/saxsim.ee\/swp\/wp-json\/wp\/v2\/product_tag?post=1224"}],"curies":[{"name":"wp","href":"https:\/\/api.w.org\/{rel}","templated":true}]}}