{"id":12220,"date":"2023-08-30T07:28:15","date_gmt":"2023-08-30T04:28:15","guid":{"rendered":"https:\/\/www.saxsim.ee\/?post_type=product&#038;p=12220"},"modified":"2024-01-08T10:56:57","modified_gmt":"2024-01-08T08:56:57","slug":"barber-mat-kuumakindel-matt","status":"publish","type":"product","link":"https:\/\/saxsim.ee\/swp\/product\/barber-mat-kuumakindel-matt\/","title":{"rendered":"Barber Mat &#8211; kuumakindel matt"},"content":{"rendered":"<p>Kuumakindel alusmatt kuumadele t\u00f6\u00f6riistadele ( sirgendajad, lokitangid, lainerauad&#8230; ).<\/p>\n<p>M\u00f5\u00f5dud: 33 x 48 cm.<\/p>\n","protected":false},"excerpt":{"rendered":"<p>Kuumakindel alusmatt kuumadele t\u00f6\u00f6riistadele ( sirgendajad, lokitangid, lainerauad&#8230; ). M\u00f5\u00f5dud: 33 x 48 cm.<\/p>\n","protected":false},"featured_media":12221,"comment_status":"closed","ping_status":"closed","template":"","meta":[],"product_cat":[792,401,280,282,281,283,338],"product_tag":[],"class_list":{"0":"post-12220","1":"product","2":"type-product","3":"status-publish","4":"has-post-thumbnail","6":"product_cat-uued-tooted","7":"product_cat-juuksuri-tarvikud","8":"product_cat-elektrilised-toovahendid","9":"product_cat-elektrilised-juukseharjad","10":"product_cat-lokitangid","11":"product_cat-krepp-ja-lainetangid","12":"product_cat-sirgendajad","14":"first","15":"instock","16":"taxable","17":"shipping-taxable","18":"purchasable","19":"product-type-simple"},"_links":{"self":[{"href":"https:\/\/saxsim.ee\/swp\/wp-json\/wp\/v2\/product\/12220"}],"collection":[{"href":"https:\/\/saxsim.ee\/swp\/wp-json\/wp\/v2\/product"}],"about":[{"href":"https:\/\/saxsim.ee\/swp\/wp-json\/wp\/v2\/types\/product"}],"replies":[{"embeddable":true,"href":"https:\/\/saxsim.ee\/swp\/wp-json\/wp\/v2\/comments?post=12220"}],"wp:featuredmedia":[{"embeddable":true,"href":"https:\/\/saxsim.ee\/swp\/wp-json\/wp\/v2\/media\/12221"}],"wp:attachment":[{"href":"https:\/\/saxsim.ee\/swp\/wp-json\/wp\/v2\/media?parent=12220"}],"wp:term":[{"taxonomy":"product_cat","embeddable":true,"href":"https:\/\/saxsim.ee\/swp\/wp-json\/wp\/v2\/product_cat?post=12220"},{"taxonomy":"product_tag","embeddable":true,"href":"https:\/\/saxsim.ee\/swp\/wp-json\/wp\/v2\/product_tag?post=12220"}],"curies":[{"name":"wp","href":"https:\/\/api.w.org\/{rel}","templated":true}]}}