{"id":12169,"date":"2023-08-16T09:21:45","date_gmt":"2023-08-16T06:21:45","guid":{"rendered":"https:\/\/www.saxsim.ee\/?post_type=product&#038;p=12169"},"modified":"2025-08-06T20:12:07","modified_gmt":"2025-08-06T17:12:07","slug":"panasonic-er-dgp86-profi-fading-juukseloikusmasin","status":"publish","type":"product","link":"https:\/\/saxsim.ee\/swp\/product\/panasonic-er-dgp86-profi-fading-juukseloikusmasin\/","title":{"rendered":"Panasonic ER-DGP86 Profi Fading &#8211; juuksel\u00f5ikusmasin"},"content":{"rendered":"<p>V\u00f5imsa lineaarmootoriga, vaikne, juhtmega\/juhtmeta juuksel\u00f5ikusmasin n\u00f5udlikule professionaalile. Professionaalne juuksel\u00f5ikusmasin Panasonic ER-DGP86\u00a0Profi Fading viib t\u00e4psuse uuele tasemele oma spetsiaalse Fading teraga. S\u00fcsinikkiust ja titaanist kattega t\u00e4pne l\u00f5ikustera saavutab minimaalse l\u00f5ikepikkuse, vaid 0,3 mm. Tera tihe hammastus v\u00f5imaldab sujuvaid \u00fcleminekuid millimeetri t\u00e4psusega, et saavutada eriti l\u00fchikesi ja t\u00e4pseid l\u00f5ikeid. Seade on ergonoomiliselt vormitud ja k\u00e4epide on libisemisvastase kattega, mis tagab kindla haarde.<\/p>\n<p><strong>Tehnilised andmed:<\/strong><\/p>\n<p>100\u2013240 V<br \/>\nv\u00f5imas lineaarmootor<br \/>\nLi-Ion aku 3,6 V<br \/>\nindikaatortuled\u00a0aku laetusastme kuvamiseks<br \/>\nakutoitel t\u00f6\u00f6tab &#8211; 50 min.<br \/>\naku laadimisaeg &#8211; 60 min.<br \/>\nl\u00f5iketera pikkuse reguleerimine (0,3 &#8211; 1,5 mm.)<br \/>\nkaal &#8211; 245 g. ( ilma juhtmeta )<br \/>\njuhe &#8211; 3 m.<\/p>\n<p><strong>Komplektis:<\/strong><br \/>\nS\u00fcsinikkiust ja titaaniga kaetud 45\u00b0 l\u00f5ikenurgaga tera ( laius &#8211; 45 mm. )<br \/>\n4 erinevat l\u00f5ikustalda ( 1,5 mm., 3\/4 mm., 6\/9 mm., 12\/15 mm. )<br \/>\nlaadimisalus koos juhtmega<br \/>\npuhastushari<br \/>\nmasina\u00f5li<br \/>\nveluur kott<\/p>\n","protected":false},"excerpt":{"rendered":"<p>V\u00f5imsa lineaarmootoriga, vaikne, juhtmega\/juhtmeta juuksel\u00f5ikusmasin n\u00f5udlikule professionaalile. Professionaalne juuksel\u00f5ikusmasin Panasonic ER-DGP86\u00a0Profi Fading viib t\u00e4psuse uuele tasemele oma spetsiaalse Fading teraga. S\u00fcsinikkiust ja titaanist kattega t\u00e4pne l\u00f5ikustera saavutab minimaalse l\u00f5ikepikkuse, vaid 0,3 mm. Tera tihe hammastus v\u00f5imaldab sujuvaid \u00fcleminekuid millimeetri t\u00e4psusega, et saavutada eriti l\u00fchikesi ja t\u00e4pseid l\u00f5ikeid. Seade on ergonoomiliselt vormitud ja k\u00e4epide on libisemisvastase [&hellip;]<\/p>\n","protected":false},"featured_media":7379,"comment_status":"closed","ping_status":"closed","template":"","meta":[],"product_cat":[792,669,401,280,286],"product_tag":[],"class_list":{"0":"post-12169","1":"product","2":"type-product","3":"status-publish","4":"has-post-thumbnail","6":"product_cat-uued-tooted","7":"product_cat-panasonic","8":"product_cat-juuksuri-tarvikud","9":"product_cat-elektrilised-toovahendid","10":"product_cat-loikusmasinad-ja-trimmerid","12":"first","13":"instock","14":"taxable","15":"shipping-taxable","16":"purchasable","17":"product-type-simple"},"_links":{"self":[{"href":"https:\/\/saxsim.ee\/swp\/wp-json\/wp\/v2\/product\/12169"}],"collection":[{"href":"https:\/\/saxsim.ee\/swp\/wp-json\/wp\/v2\/product"}],"about":[{"href":"https:\/\/saxsim.ee\/swp\/wp-json\/wp\/v2\/types\/product"}],"replies":[{"embeddable":true,"href":"https:\/\/saxsim.ee\/swp\/wp-json\/wp\/v2\/comments?post=12169"}],"wp:featuredmedia":[{"embeddable":true,"href":"https:\/\/saxsim.ee\/swp\/wp-json\/wp\/v2\/media\/7379"}],"wp:attachment":[{"href":"https:\/\/saxsim.ee\/swp\/wp-json\/wp\/v2\/media?parent=12169"}],"wp:term":[{"taxonomy":"product_cat","embeddable":true,"href":"https:\/\/saxsim.ee\/swp\/wp-json\/wp\/v2\/product_cat?post=12169"},{"taxonomy":"product_tag","embeddable":true,"href":"https:\/\/saxsim.ee\/swp\/wp-json\/wp\/v2\/product_tag?post=12169"}],"curies":[{"name":"wp","href":"https:\/\/api.w.org\/{rel}","templated":true}]}}