{"id":12077,"date":"2023-07-19T07:28:36","date_gmt":"2023-07-19T04:28:36","guid":{"rendered":"https:\/\/www.saxsim.ee\/?post_type=product&#038;p=12077"},"modified":"2024-07-15T11:40:36","modified_gmt":"2024-07-15T08:40:36","slug":"ga-ma-professional-iq1-perfetto-hair-dryer-2000-w-kasifoon","status":"publish","type":"product","link":"https:\/\/saxsim.ee\/swp\/product\/ga-ma-professional-iq1-perfetto-hair-dryer-2000-w-kasifoon\/","title":{"rendered":"GA.MA Professional iQ1 Perfetto Hair Dryer, 2000 W &#8211; k\u00e4sif\u00f6\u00f6n"},"content":{"rendered":"<p>&#8211; V\u00e4ga kerge, ergonoomilise disainiga f\u00f6\u00f6n<br \/>\n&#8211; Suure j\u00f5udlusega, v\u00f5imas mootor<br \/>\n&#8211; Vaikne, 74dB<br \/>\n&#8211; V\u00f5imsus: 2000W<br \/>\n&#8211; 110 000 p\u00f6\u00f6ret minutis<br \/>\n&#8211; 3 kiirust ja 4 kuumuse seadistust ning k\u00fclma \u00f5hu puhumise funktsioon<br \/>\n&#8211; 1 difuusor ja 2 erinevat otsikut<br \/>\n&#8211; L\u00fchem kuivatamise aeg<br \/>\n&#8211; Oxy Active tehnoloogia<br \/>\n&#8211; Lukustusfunktsioon<br \/>\n&#8211; Auto-Clean puhastamise funktsioon<br \/>\n&#8211; External Microperforated Filter &#8211; v\u00e4line mikroperforeeritud filter<br \/>\n&#8211; Professional Mesh Filter (PMF Tech ) &#8211; professionaalne v\u00f5rkfilter<br \/>\n&#8211; Puhastamise hari<br \/>\n&#8211; Puhastamise lapp<br \/>\n&#8211; Kummist matt<br \/>\n&#8211; Riputamise aas<br \/>\n&#8211; Pikk 3 meetrine juhe<br \/>\n&#8211; Kaal 294 g ( ilma juhtmeta )<br \/>\n&#8211; M\u00f5\u00f5dud: 210 x 195 x 48 mm<br \/>\n&#8211; Stiilne must v\u00e4rv<\/p>\n<p>IQ1 on ideaalne valik professionaalidele, kes p\u00fc\u00fcdlevad t\u00e4iuslikkuse poole. IQ1 \u00fchendab endas stiilse, ergonoomilise disaini, kerge, v\u00f5imsa, kuid vaikse mootori ja mitmek\u00fclgsed funktsioonid. Kompaktne suurus, minimalistlik ja uuenduslik disain tagavad f\u00f6\u00f6ni kasutajale maksimaalse mugavuse.<\/p>\n<p>IQ1 f\u00f6\u00f6nil on turbofunktsioon, t\u00e4nu millele t\u00f5stab see p\u00f6\u00f6rlemiskiirust 110 000-lt 120 000-le ( p\/min ) vaid 30 sekundiga. Tehnoloogia mitmekordistab mootori tekitatud \u00f5huvoolu ilma rohkem energiat kulutamata, samas kuivamisaega v\u00e4hendades.<\/p>\n<p>V\u00f5imas, suure j\u00f5udlusega mootor muudab f\u00f6\u00f6ni kuni 30% kiiremaks, kui teised professionaalsed f\u00f6\u00f6nid. Spetsiaalne torustruktuur suurendab \u00f5huvoolu ja seega l\u00fchendab kuivatamise aega. Vaatamata v\u00f5imsusele on f\u00f6\u00f6n vaikne ja kasutamiseks m\u00f5nus. Oxy Active tehnoloogia kaitseb juukseid ja muudab need l\u00e4ikivamaks.<\/p>\n<p>GA.MA Professional IQ1 f\u00f6\u00f6nil on Cool-shot nupp, 3 kiirust ja 4 kuumuse seadistust. K\u00e4epideme k\u00fcljel olevad LED-indikaatorid n\u00e4itavad soovitud seadistusi. Lukustusnupu aktiveerimisel saate fikseerida soovitud seadistused. M\u00e4lufunktsioon tagab, et seadme j\u00e4rgmisel sissel\u00fclitamisel taastatakse viimati valitud seadistus.<\/p>\n<p>Gama Professional IQ1 f\u00f6\u00f6nil on \u00fclipeened filtrid, mis ei lase ka k\u00f5ige v\u00e4iksematel osakestel mootorisse sattuda. F\u00f6\u00f6ni intelligentne Auto-Clean funktsioon puhastab filtrid seestpoolt ja see tuleb aktiveerida p\u00e4rast iga kasutuskorda. Automaatne puhastuse meeldetuletus tuletab meelde, kui filtreid on vaja k\u00e4sitsi puhastada. F\u00f6\u00f6n \u200b\u200bei k\u00e4ivitu enne, kui puhastus on tehtud, nii ei pea muretsema mootori \u00fclekuumenemise ja purunemise p\u00e4rast.<\/p>\n<p><strong>Puhastage oma GA.MA iQ1 Perfetto k\u00e4sif\u00f6\u00f6ni!<\/strong><\/p>\n<p>Teie iQ k\u00e4sif\u00f6\u00f6ni igap\u00e4evane puhastamine (\u00a0Auto Clean ) tagab korraliku toimimise ja pikendab tema eluiga.<\/p>\n","protected":false},"excerpt":{"rendered":"<p>&#8211; V\u00e4ga kerge, ergonoomilise disainiga f\u00f6\u00f6n &#8211; Suure j\u00f5udlusega, v\u00f5imas mootor &#8211; Vaikne, 74dB &#8211; V\u00f5imsus: 2000W &#8211; 110 000 p\u00f6\u00f6ret minutis &#8211; 3 kiirust ja 4 kuumuse seadistust ning k\u00fclma \u00f5hu puhumise funktsioon &#8211; 1 difuusor ja 2 erinevat otsikut &#8211; L\u00fchem kuivatamise aeg &#8211; Oxy Active tehnoloogia &#8211; Lukustusfunktsioon &#8211; Auto-Clean puhastamise funktsioon [&hellip;]<\/p>\n","protected":false},"featured_media":11524,"comment_status":"closed","ping_status":"closed","template":"","meta":[],"product_cat":[792,709,401,280,285],"product_tag":[],"class_list":{"0":"post-12077","1":"product","2":"type-product","3":"status-publish","4":"has-post-thumbnail","6":"product_cat-uued-tooted","7":"product_cat-ga-ma","8":"product_cat-juuksuri-tarvikud","9":"product_cat-elektrilised-toovahendid","10":"product_cat-kasifoonid","12":"first","13":"instock","14":"taxable","15":"shipping-taxable","16":"purchasable","17":"product-type-simple"},"_links":{"self":[{"href":"https:\/\/saxsim.ee\/swp\/wp-json\/wp\/v2\/product\/12077"}],"collection":[{"href":"https:\/\/saxsim.ee\/swp\/wp-json\/wp\/v2\/product"}],"about":[{"href":"https:\/\/saxsim.ee\/swp\/wp-json\/wp\/v2\/types\/product"}],"replies":[{"embeddable":true,"href":"https:\/\/saxsim.ee\/swp\/wp-json\/wp\/v2\/comments?post=12077"}],"wp:featuredmedia":[{"embeddable":true,"href":"https:\/\/saxsim.ee\/swp\/wp-json\/wp\/v2\/media\/11524"}],"wp:attachment":[{"href":"https:\/\/saxsim.ee\/swp\/wp-json\/wp\/v2\/media?parent=12077"}],"wp:term":[{"taxonomy":"product_cat","embeddable":true,"href":"https:\/\/saxsim.ee\/swp\/wp-json\/wp\/v2\/product_cat?post=12077"},{"taxonomy":"product_tag","embeddable":true,"href":"https:\/\/saxsim.ee\/swp\/wp-json\/wp\/v2\/product_tag?post=12077"}],"curies":[{"name":"wp","href":"https:\/\/api.w.org\/{rel}","templated":true}]}}