{"id":12022,"date":"2023-07-03T08:48:08","date_gmt":"2023-07-03T05:48:08","guid":{"rendered":"https:\/\/www.saxsim.ee\/?post_type=product&#038;p=12022"},"modified":"2025-08-19T10:53:46","modified_gmt":"2025-08-19T07:53:46","slug":"bleachsafe-towel-50x85-cm-ratik-2","status":"publish","type":"product","link":"https:\/\/saxsim.ee\/swp\/product\/bleachsafe-towel-50x85-cm-ratik-2\/","title":{"rendered":"Bleachsafe Towel 50&#215;85 cm. &#8211; r\u00e4tik"},"content":{"rendered":"<p>100% parima kvaliteediga puuvillast valmistatud r\u00e4tik, mis on v\u00e4ga vastupidav v\u00e4rvi- ja valgendusainetele.<\/p>\n<p>400 g\/m\u00b2<\/p>\n<p>V\u00e4rv &#8211; must<\/p>\n<p>&nbsp;<\/p>\n<p>&nbsp;<\/p>\n","protected":false},"excerpt":{"rendered":"<p>100% parima kvaliteediga puuvillast valmistatud r\u00e4tik, mis on v\u00e4ga vastupidav v\u00e4rvi- ja valgendusainetele. 400 g\/m\u00b2 V\u00e4rv &#8211; must &nbsp; &nbsp;<\/p>\n","protected":false},"featured_media":2490,"comment_status":"closed","ping_status":"closed","template":"","meta":[],"product_cat":[577,601,401,329],"product_tag":[],"class_list":{"0":"post-12022","1":"product","2":"type-product","3":"status-publish","4":"has-post-thumbnail","6":"product_cat-iluteenindaja-tarvikud","7":"product_cat-ratikud-iluteenindaja-tarvikud","8":"product_cat-juuksuri-tarvikud","9":"product_cat-ratikud","11":"first","12":"instock","13":"taxable","14":"shipping-taxable","15":"purchasable","16":"product-type-simple"},"_links":{"self":[{"href":"https:\/\/saxsim.ee\/swp\/wp-json\/wp\/v2\/product\/12022"}],"collection":[{"href":"https:\/\/saxsim.ee\/swp\/wp-json\/wp\/v2\/product"}],"about":[{"href":"https:\/\/saxsim.ee\/swp\/wp-json\/wp\/v2\/types\/product"}],"replies":[{"embeddable":true,"href":"https:\/\/saxsim.ee\/swp\/wp-json\/wp\/v2\/comments?post=12022"}],"wp:featuredmedia":[{"embeddable":true,"href":"https:\/\/saxsim.ee\/swp\/wp-json\/wp\/v2\/media\/2490"}],"wp:attachment":[{"href":"https:\/\/saxsim.ee\/swp\/wp-json\/wp\/v2\/media?parent=12022"}],"wp:term":[{"taxonomy":"product_cat","embeddable":true,"href":"https:\/\/saxsim.ee\/swp\/wp-json\/wp\/v2\/product_cat?post=12022"},{"taxonomy":"product_tag","embeddable":true,"href":"https:\/\/saxsim.ee\/swp\/wp-json\/wp\/v2\/product_tag?post=12022"}],"curies":[{"name":"wp","href":"https:\/\/api.w.org\/{rel}","templated":true}]}}