{"id":11987,"date":"2023-06-16T09:44:40","date_gmt":"2023-06-16T06:44:40","guid":{"rendered":"https:\/\/www.saxsim.ee\/?post_type=product&#038;p=11987"},"modified":"2024-09-29T12:01:12","modified_gmt":"2024-09-29T09:01:12","slug":"sibel-hand-held-mirror-v-size-23x40-cm-kasipeegel","status":"publish","type":"product","link":"https:\/\/saxsim.ee\/swp\/product\/sibel-hand-held-mirror-v-size-23x40-cm-kasipeegel\/","title":{"rendered":"SIBEL Hand Held Mirror V-Size 23&#215;40 cm. &#8211; k\u00e4sipeegel"},"content":{"rendered":"<p>Peegli k\u00e4epidemed on painutatud V-kujuliselt \u00fclespoole, et h\u00f5lbustada peegli t\u00f5stmist. Kummiga kaetud k\u00e4epidemed tagavad libisemiskindla haarde.<\/p>\n<p>V\u00e4rvus &#8211; must.<\/p>\n<p>M\u00f5\u00f5dud &#8211; 23 x 40 cm.<\/p>\n","protected":false},"excerpt":{"rendered":"<p>Peegli k\u00e4epidemed on painutatud V-kujuliselt \u00fclespoole, et h\u00f5lbustada peegli t\u00f5stmist. Kummiga kaetud k\u00e4epidemed tagavad libisemiskindla haarde. V\u00e4rvus &#8211; must. M\u00f5\u00f5dud &#8211; 23 x 40 cm.<\/p>\n","protected":false},"featured_media":11992,"comment_status":"closed","ping_status":"closed","template":"","meta":[],"product_cat":[325,182,400,577,401],"product_tag":[],"class_list":{"0":"post-11987","1":"product","2":"type-product","3":"status-publish","4":"has-post-thumbnail","6":"product_cat-juuksuri-ja-ilusalongi-sisustus","7":"product_cat-kasipeeglid","8":"product_cat-ilusalongi-sisustus","9":"product_cat-iluteenindaja-tarvikud","10":"product_cat-juuksuri-tarvikud","12":"first","13":"instock","14":"taxable","15":"shipping-taxable","16":"purchasable","17":"product-type-simple"},"_links":{"self":[{"href":"https:\/\/saxsim.ee\/swp\/wp-json\/wp\/v2\/product\/11987"}],"collection":[{"href":"https:\/\/saxsim.ee\/swp\/wp-json\/wp\/v2\/product"}],"about":[{"href":"https:\/\/saxsim.ee\/swp\/wp-json\/wp\/v2\/types\/product"}],"replies":[{"embeddable":true,"href":"https:\/\/saxsim.ee\/swp\/wp-json\/wp\/v2\/comments?post=11987"}],"wp:featuredmedia":[{"embeddable":true,"href":"https:\/\/saxsim.ee\/swp\/wp-json\/wp\/v2\/media\/11992"}],"wp:attachment":[{"href":"https:\/\/saxsim.ee\/swp\/wp-json\/wp\/v2\/media?parent=11987"}],"wp:term":[{"taxonomy":"product_cat","embeddable":true,"href":"https:\/\/saxsim.ee\/swp\/wp-json\/wp\/v2\/product_cat?post=11987"},{"taxonomy":"product_tag","embeddable":true,"href":"https:\/\/saxsim.ee\/swp\/wp-json\/wp\/v2\/product_tag?post=11987"}],"curies":[{"name":"wp","href":"https:\/\/api.w.org\/{rel}","templated":true}]}}