{"id":11981,"date":"2023-06-13T22:22:15","date_gmt":"2023-06-13T19:22:15","guid":{"rendered":"https:\/\/www.saxsim.ee\/?post_type=product&#038;p=11981"},"modified":"2025-08-05T11:40:58","modified_gmt":"2025-08-05T08:40:58","slug":"shower-cap-charline-kummiaarega-kilemutsid","status":"publish","type":"product","link":"https:\/\/saxsim.ee\/swp\/product\/shower-cap-charline-kummiaarega-kilemutsid\/","title":{"rendered":"Shower Cap Charline, 100 tk. &#8211; kummi\u00e4\u00e4rega kilem\u00fctsid"},"content":{"rendered":"<p>\u00dchekordsed, kummi\u00e4\u00e4rega kilem\u00fctsid.<\/p>\n<p>Pakis 100 tk.<\/p>\n","protected":false},"excerpt":{"rendered":"<p>\u00dchekordsed, kummi\u00e4\u00e4rega kilem\u00fctsid. Pakis 100 tk.<\/p>\n","protected":false},"featured_media":11982,"comment_status":"closed","ping_status":"closed","template":"","meta":[],"product_cat":[792,577,583,401,288,177,291,176],"product_tag":[],"class_list":{"0":"post-11981","1":"product","2":"type-product","3":"status-publish","4":"has-post-thumbnail","6":"product_cat-uued-tooted","7":"product_cat-iluteenindaja-tarvikud","8":"product_cat-uhekordsed-tooted-iluteenindaja-tarvikud","9":"product_cat-juuksuri-tarvikud","10":"product_cat-lokitarvikud","11":"product_cat-muud-lokitarvikud","12":"product_cat-uhekordsed-tooted","13":"product_cat-varvitarvikud","15":"first","16":"instock","17":"taxable","18":"shipping-taxable","19":"purchasable","20":"product-type-simple"},"_links":{"self":[{"href":"https:\/\/saxsim.ee\/swp\/wp-json\/wp\/v2\/product\/11981"}],"collection":[{"href":"https:\/\/saxsim.ee\/swp\/wp-json\/wp\/v2\/product"}],"about":[{"href":"https:\/\/saxsim.ee\/swp\/wp-json\/wp\/v2\/types\/product"}],"replies":[{"embeddable":true,"href":"https:\/\/saxsim.ee\/swp\/wp-json\/wp\/v2\/comments?post=11981"}],"wp:featuredmedia":[{"embeddable":true,"href":"https:\/\/saxsim.ee\/swp\/wp-json\/wp\/v2\/media\/11982"}],"wp:attachment":[{"href":"https:\/\/saxsim.ee\/swp\/wp-json\/wp\/v2\/media?parent=11981"}],"wp:term":[{"taxonomy":"product_cat","embeddable":true,"href":"https:\/\/saxsim.ee\/swp\/wp-json\/wp\/v2\/product_cat?post=11981"},{"taxonomy":"product_tag","embeddable":true,"href":"https:\/\/saxsim.ee\/swp\/wp-json\/wp\/v2\/product_tag?post=11981"}],"curies":[{"name":"wp","href":"https:\/\/api.w.org\/{rel}","templated":true}]}}