{"id":11968,"date":"2023-06-12T09:30:57","date_gmt":"2023-06-12T06:30:57","guid":{"rendered":"https:\/\/www.saxsim.ee\/?post_type=product&#038;p=11968"},"modified":"2025-09-16T10:56:21","modified_gmt":"2025-09-16T07:56:21","slug":"aurelia-delight-pf-100-tk-m-powder-free-vinuulkindad","status":"publish","type":"product","link":"https:\/\/saxsim.ee\/swp\/product\/aurelia-delight-pf-100-tk-m-powder-free-vinuulkindad\/","title":{"rendered":"Aurelia Delight PF 100 tk. M, powder free &#8211; vin\u00fc\u00fclkindad"},"content":{"rendered":"<p>Aurelia Delight PF on erakordse kvaliteediga, l\u00e4bipaistvad, \u00fchekordsed, puudrivaba vin\u00fc\u00fclkindad, mis on valmsitatud eriti k\u00f5rgele standardile vastavalt. Toode on valmistatud pehmest ja \u00f5hukesest vin\u00fc\u00fclist, mis tagab k\u00f5rge tundlikuse. Kinda s\u00f5rmeotsa paksus on 0,06 mm.<\/p>\n<p><strong>Kvaliteedi n\u00e4itajad ja vastavused:<\/strong><\/p>\n<p>&#8211; 0,06mm- s\u00f5rmeotsa paksus<br \/>\n&#8211; Vastab EL m\u00e4\u00e4rusele 2016\/425, 93\/42\/EWG<br \/>\n&#8211; ISO 9001:2008, ISO 13485, CMDCAS 13485 (SGS)<br \/>\n&#8211; EN455 CE Klass 1-4 vastab meditsiinilise kinda tasemele<br \/>\n&#8211; T\u00f6\u00f6kinnas vastab standardile EN ISO 21420:2020<\/p>\n<p><strong>\u00dcldised n\u00f5uded t\u00f6\u00f6kinnastele:<\/strong><\/p>\n<p>&#8211; EN 1186- Sobib kasutamiseks toiduainete t\u00f6\u00f6stuses (SGS)<br \/>\n&#8211; Mittesteriilne<br \/>\n&#8211; 100% lateksi vaba<\/p>\n","protected":false},"excerpt":{"rendered":"<p>Aurelia Delight PF on erakordse kvaliteediga, l\u00e4bipaistvad, \u00fchekordsed, puudrivaba vin\u00fc\u00fclkindad, mis on valmsitatud eriti k\u00f5rgele standardile vastavalt. Toode on valmistatud pehmest ja \u00f5hukesest vin\u00fc\u00fclist, mis tagab k\u00f5rge tundlikuse. Kinda s\u00f5rmeotsa paksus on 0,06 mm. Kvaliteedi n\u00e4itajad ja vastavused: &#8211; 0,06mm- s\u00f5rmeotsa paksus &#8211; Vastab EL m\u00e4\u00e4rusele 2016\/425, 93\/42\/EWG &#8211; ISO 9001:2008, ISO 13485, CMDCAS 13485 [&hellip;]<\/p>\n","protected":false},"featured_media":11967,"comment_status":"closed","ping_status":"closed","template":"","meta":[],"product_cat":[577,595,401,293,291],"product_tag":[],"class_list":{"0":"post-11968","1":"product","2":"type-product","3":"status-publish","4":"has-post-thumbnail","6":"product_cat-iluteenindaja-tarvikud","7":"product_cat-kindad-iluteenindaja-tarvikud","8":"product_cat-juuksuri-tarvikud","9":"product_cat-kindad","10":"product_cat-uhekordsed-tooted","12":"first","13":"instock","14":"taxable","15":"shipping-taxable","16":"purchasable","17":"product-type-simple"},"_links":{"self":[{"href":"https:\/\/saxsim.ee\/swp\/wp-json\/wp\/v2\/product\/11968"}],"collection":[{"href":"https:\/\/saxsim.ee\/swp\/wp-json\/wp\/v2\/product"}],"about":[{"href":"https:\/\/saxsim.ee\/swp\/wp-json\/wp\/v2\/types\/product"}],"replies":[{"embeddable":true,"href":"https:\/\/saxsim.ee\/swp\/wp-json\/wp\/v2\/comments?post=11968"}],"wp:featuredmedia":[{"embeddable":true,"href":"https:\/\/saxsim.ee\/swp\/wp-json\/wp\/v2\/media\/11967"}],"wp:attachment":[{"href":"https:\/\/saxsim.ee\/swp\/wp-json\/wp\/v2\/media?parent=11968"}],"wp:term":[{"taxonomy":"product_cat","embeddable":true,"href":"https:\/\/saxsim.ee\/swp\/wp-json\/wp\/v2\/product_cat?post=11968"},{"taxonomy":"product_tag","embeddable":true,"href":"https:\/\/saxsim.ee\/swp\/wp-json\/wp\/v2\/product_tag?post=11968"}],"curies":[{"name":"wp","href":"https:\/\/api.w.org\/{rel}","templated":true}]}}