{"id":11876,"date":"2023-05-28T09:58:57","date_gmt":"2023-05-28T06:58:57","guid":{"rendered":"https:\/\/www.saxsim.ee\/?post_type=product&#038;p=11876"},"modified":"2026-04-02T09:24:20","modified_gmt":"2026-04-02T06:24:20","slug":"sensido-match-super-pink-neon-200-ml-tooniv-juuksemask","status":"publish","type":"product","link":"https:\/\/saxsim.ee\/swp\/product\/sensido-match-super-pink-neon-200-ml-tooniv-juuksemask\/","title":{"rendered":"SensiDO Match Super Pink ( Neon ) 200 ml. &#8211; tooniv juuksemask"},"content":{"rendered":"<p><strong>V\u00e4rvi s\u00e4ilitav juuksemask, neoonroosa<\/strong><br \/>\n&#8211; Sobib blondeeritud juuste toonimiseks neoonroosaks<br \/>\n&#8211; Neoonroosa juuksemask helendab UV-valguses<br \/>\n&#8211; P\u00fcsib juustes kuni 20 pesukorda<br \/>\n&#8211; Annab juustele kauni l\u00e4ike<br \/>\n&#8211; L\u00f5hnainetevaba ja vegan<\/p>\n<p>Tooniv juuksemask blondeeritud juuste toonimiseks neoonroosaks. Intensiivistab roosaks v\u00e4rvitud juuste tooni ja annab neile ilusa l\u00e4ike. Neoonroosa juuksemask helendab UV-valguses. KeraGuardi toimeained niisutavad ja hooldavad juukseid t\u00f5husalt, muutes need siidiselt pehmeteks ja kergesti k\u00e4sitletavateks. Tooniv juuksemask v\u00f5ib p\u00fcsida juustes kuni 20 pesukorda, olenevalt juuste hetkev\u00e4rvist, seisukorrast ja poorsusest.<\/p>\n<p><strong>Kasutamine:<\/strong> Kanna tooniv juuksemask \u00fchtlaselt kuivadesse v\u00f5i niisketesse juustesse. Lase m\u00f5juda 10-20 min. ja loputa hoolikalt.<\/p>\n<p><span id=\"result_box\" class=\"\" lang=\"et\"><strong><span title=\"Huom!\">NB! <\/span><\/strong><span title=\"K\u00e4yt\u00e4 suojak\u00e4sineit\u00e4, suojaa vaatteet ja v\u00e4lt\u00e4 v\u00e4rin levi\u00e4minen iholle.\">Kasutage kaitsekindaid, kaitske oma riideid ja v\u00e4ltige v\u00e4rvi sattumist nahale. Niiskena v\u00f5ib m\u00e4\u00e4rida r\u00e4tiku\/padja.<\/span><\/span><\/p>\n<p><strong>pH:<\/strong> 3,7-3,8<\/p>\n<p>&nbsp;<\/p>\n","protected":false},"excerpt":{"rendered":"<p>V\u00e4rvi s\u00e4ilitav juuksemask, neoonroosa &#8211; Sobib blondeeritud juuste toonimiseks neoonroosaks &#8211; Neoonroosa juuksemask helendab UV-valguses &#8211; P\u00fcsib juustes kuni 20 pesukorda &#8211; Annab juustele kauni l\u00e4ike &#8211; L\u00f5hnainetevaba ja vegan Tooniv juuksemask blondeeritud juuste toonimiseks neoonroosaks. Intensiivistab roosaks v\u00e4rvitud juuste tooni ja annab neile ilusa l\u00e4ike. Neoonroosa juuksemask helendab UV-valguses. KeraGuardi toimeained niisutavad ja hooldavad [&hellip;]<\/p>\n","protected":false},"featured_media":11877,"comment_status":"closed","ping_status":"closed","template":"","meta":[],"product_cat":[107,251,673,820,395,95,651,665],"product_tag":[],"class_list":{"0":"post-11876","1":"product","2":"type-product","3":"status-publish","4":"has-post-thumbnail","6":"product_cat-pakkumised","7":"product_cat-lopumuuk","8":"product_cat-sensido","9":"product_cat-match","10":"product_cat-juuksed","11":"product_cat-sensido-juuksevarvid","12":"product_cat-sensido-match","13":"product_cat-juuksevarvid-kodukasutajale","15":"first","16":"instock","17":"sale","18":"taxable","19":"shipping-taxable","20":"purchasable","21":"product-type-simple"},"_links":{"self":[{"href":"https:\/\/saxsim.ee\/swp\/wp-json\/wp\/v2\/product\/11876"}],"collection":[{"href":"https:\/\/saxsim.ee\/swp\/wp-json\/wp\/v2\/product"}],"about":[{"href":"https:\/\/saxsim.ee\/swp\/wp-json\/wp\/v2\/types\/product"}],"replies":[{"embeddable":true,"href":"https:\/\/saxsim.ee\/swp\/wp-json\/wp\/v2\/comments?post=11876"}],"wp:featuredmedia":[{"embeddable":true,"href":"https:\/\/saxsim.ee\/swp\/wp-json\/wp\/v2\/media\/11877"}],"wp:attachment":[{"href":"https:\/\/saxsim.ee\/swp\/wp-json\/wp\/v2\/media?parent=11876"}],"wp:term":[{"taxonomy":"product_cat","embeddable":true,"href":"https:\/\/saxsim.ee\/swp\/wp-json\/wp\/v2\/product_cat?post=11876"},{"taxonomy":"product_tag","embeddable":true,"href":"https:\/\/saxsim.ee\/swp\/wp-json\/wp\/v2\/product_tag?post=11876"}],"curies":[{"name":"wp","href":"https:\/\/api.w.org\/{rel}","templated":true}]}}