{"id":11873,"date":"2023-05-28T09:49:15","date_gmt":"2023-05-28T06:49:15","guid":{"rendered":"https:\/\/www.saxsim.ee\/?post_type=product&#038;p=11873"},"modified":"2026-04-02T09:26:54","modified_gmt":"2026-04-02T06:26:54","slug":"sensido-match-vibrant-violet-intensive-200-ml-tooniv-juuksemask","status":"publish","type":"product","link":"https:\/\/saxsim.ee\/swp\/product\/sensido-match-vibrant-violet-intensive-200-ml-tooniv-juuksemask\/","title":{"rendered":"SensiDO Match Vibrant Violet ( Intensive ) 200 ml. &#8211; tooniv juuksemask"},"content":{"rendered":"<p><strong>V\u00e4rvi s\u00e4ilitav juuksemask, intensiivne lilla.<\/strong><br \/>\n&#8211; Sobib blondeeritud juuste toonimiseks intensiivselt lillaks<br \/>\n&#8211; Sobib ka lilla juuksev\u00e4rvi s\u00e4ilitamiseks<br \/>\n&#8211; P\u00fcsib juustes kuni 20 pesukorda<br \/>\n&#8211; Annab juustele kauni l\u00e4ike<br \/>\n&#8211; L\u00f5hnainetevaba ja vegan<\/p>\n<p><span class=\"HwtZe\" lang=\"et\"><span class=\"jCAhz ChMk0b\"><span class=\"ryNqvb\">Intensiivistab v\u00e4rvitud juuste v\u00e4rvi ja annab neile kauni l\u00e4ike. KeraGuardi toimeained niisutavad ja hooldavad juukseid t\u00f5husalt, muutes need siidiselt pehmeteks ja kergesti k\u00e4sitletavateks. Tooniv juuksemask v\u00f5ib p<\/span><\/span><span class=\"jCAhz ChMk0b\"><span class=\"ryNqvb\">\u00fcsida juustes kuni 20 pesukorda, olenevalt juuste hetkev\u00e4rvist, seisukorrast ja poorsusest.<\/span><\/span><br \/>\n<\/span><\/p>\n<p><strong>Kasutamine:<\/strong> Kanna tooniv juuksemask \u00fchtlaselt kuivadesse v\u00f5i niisketesse juustesse. Lase m\u00f5juda 10-20 min. ja loputa hoolikalt.<\/p>\n<p><span id=\"result_box\" class=\"\" lang=\"et\"><strong><span title=\"Huom!\">NB! <\/span><\/strong><span title=\"K\u00e4yt\u00e4 suojak\u00e4sineit\u00e4, suojaa vaatteet ja v\u00e4lt\u00e4 v\u00e4rin levi\u00e4minen iholle.\">Kasutage kaitsekindaid, kaitske oma riideid ja v\u00e4ltige v\u00e4rvi sattumist nahale. Niiskena v\u00f5ib m\u00e4\u00e4rida r\u00e4tiku\/padja.<\/span><\/span><\/p>\n<p><strong>pH:<\/strong> 3,7-3,8<\/p>\n<p>&nbsp;<\/p>\n","protected":false},"excerpt":{"rendered":"<p>V\u00e4rvi s\u00e4ilitav juuksemask, intensiivne lilla. &#8211; Sobib blondeeritud juuste toonimiseks intensiivselt lillaks &#8211; Sobib ka lilla juuksev\u00e4rvi s\u00e4ilitamiseks &#8211; P\u00fcsib juustes kuni 20 pesukorda &#8211; Annab juustele kauni l\u00e4ike &#8211; L\u00f5hnainetevaba ja vegan Intensiivistab v\u00e4rvitud juuste v\u00e4rvi ja annab neile kauni l\u00e4ike. KeraGuardi toimeained niisutavad ja hooldavad juukseid t\u00f5husalt, muutes need siidiselt pehmeteks ja kergesti [&hellip;]<\/p>\n","protected":false},"featured_media":11874,"comment_status":"closed","ping_status":"closed","template":"","meta":[],"product_cat":[107,251,673,820,395,95,651,665],"product_tag":[],"class_list":{"0":"post-11873","1":"product","2":"type-product","3":"status-publish","4":"has-post-thumbnail","6":"product_cat-pakkumised","7":"product_cat-lopumuuk","8":"product_cat-sensido","9":"product_cat-match","10":"product_cat-juuksed","11":"product_cat-sensido-juuksevarvid","12":"product_cat-sensido-match","13":"product_cat-juuksevarvid-kodukasutajale","15":"first","16":"outofstock","17":"sale","18":"taxable","19":"shipping-taxable","20":"purchasable","21":"product-type-simple"},"_links":{"self":[{"href":"https:\/\/saxsim.ee\/swp\/wp-json\/wp\/v2\/product\/11873"}],"collection":[{"href":"https:\/\/saxsim.ee\/swp\/wp-json\/wp\/v2\/product"}],"about":[{"href":"https:\/\/saxsim.ee\/swp\/wp-json\/wp\/v2\/types\/product"}],"replies":[{"embeddable":true,"href":"https:\/\/saxsim.ee\/swp\/wp-json\/wp\/v2\/comments?post=11873"}],"wp:featuredmedia":[{"embeddable":true,"href":"https:\/\/saxsim.ee\/swp\/wp-json\/wp\/v2\/media\/11874"}],"wp:attachment":[{"href":"https:\/\/saxsim.ee\/swp\/wp-json\/wp\/v2\/media?parent=11873"}],"wp:term":[{"taxonomy":"product_cat","embeddable":true,"href":"https:\/\/saxsim.ee\/swp\/wp-json\/wp\/v2\/product_cat?post=11873"},{"taxonomy":"product_tag","embeddable":true,"href":"https:\/\/saxsim.ee\/swp\/wp-json\/wp\/v2\/product_tag?post=11873"}],"curies":[{"name":"wp","href":"https:\/\/api.w.org\/{rel}","templated":true}]}}