{"id":1186,"date":"2017-08-09T19:52:15","date_gmt":"2017-08-09T16:52:15","guid":{"rendered":"https:\/\/www.saxsim.ee\/swp\/toode\/sensido-pro-cooler\/"},"modified":"2025-07-31T09:04:32","modified_gmt":"2025-07-31T06:04:32","slug":"sensido-pro-cooler","status":"publish","type":"product","link":"https:\/\/saxsim.ee\/swp\/product\/sensido-pro-cooler\/","title":{"rendered":"SensiDO Pro Cooler 250 ml. &#8211; pigmenteerija"},"content":{"rendered":"<p><strong>SENSIDO &#8211; PRO COOLER<\/strong><\/p>\n<p>L\u00f5hnastamata pigmenteerija. Kasutatakse koos blondeerimispulbri v\u00f5i valgendavate v\u00e4rvidega, ennetamaks v\u00e4rvi l\u00f5pptulemuse sooje- ja kollakaid toone. V\u00f5ib kasutada koos hooldusainega, kui soovitakse neutraliseerida juba valgendatuid juukseid. Toodet kasutatakse ainult koos valgendus- v\u00f5i hooldustootega. Toode on v\u00e4ga pigmendirikas, kasutada kaitsekindaid. V\u00e4ltida silma sattumist. Ainult professionaalseks kasutamiseks.<\/p>\n<p><strong>Valgendamisel<\/strong>: 1 osa Pro Coolerit, 1 osa blondeerimisainet ja 2 v\u00f5i 3 osa vesinikku.<\/p>\n<p><strong>Koos hooldusainega: <\/strong>1 osa Pro Coolerit, 3 v\u00f5i 4 osa hooldusainet. Vastavalt juuste oma toonile v\u00f5ib Pro Cooleri kogust v\u00e4hendada.<\/p>\n<p>pH:4,5<\/p>\n","protected":false},"excerpt":{"rendered":"<p>SENSIDO &#8211; PRO COOLER L\u00f5hnastamata pigmenteerija. Kasutatakse koos blondeerimispulbri v\u00f5i valgendavate v\u00e4rvidega, ennetamaks v\u00e4rvi l\u00f5pptulemuse sooje- ja kollakaid toone. V\u00f5ib kasutada koos hooldusainega, kui soovitakse neutraliseerida juba valgendatuid juukseid. Toodet kasutatakse ainult koos valgendus- v\u00f5i hooldustootega. Toode on v\u00e4ga pigmendirikas, kasutada kaitsekindaid. V\u00e4ltida silma sattumist. Ainult professionaalseks kasutamiseks. Valgendamisel: 1 osa Pro Coolerit, 1 osa [&hellip;]<\/p>\n","protected":false},"featured_media":1187,"comment_status":"closed","ping_status":"closed","template":"","meta":[],"product_cat":[395,666,246],"product_tag":[637],"class_list":{"0":"post-1186","1":"product","2":"type-product","3":"status-publish","4":"has-post-thumbnail","6":"product_cat-juuksed","7":"product_cat-professionaalseks-kasutamiseks","8":"product_cat-sensido-lisatooted","9":"product_tag-profitoode","11":"first","12":"instock","13":"taxable","14":"shipping-taxable","15":"purchasable","16":"product-type-simple"},"_links":{"self":[{"href":"https:\/\/saxsim.ee\/swp\/wp-json\/wp\/v2\/product\/1186"}],"collection":[{"href":"https:\/\/saxsim.ee\/swp\/wp-json\/wp\/v2\/product"}],"about":[{"href":"https:\/\/saxsim.ee\/swp\/wp-json\/wp\/v2\/types\/product"}],"replies":[{"embeddable":true,"href":"https:\/\/saxsim.ee\/swp\/wp-json\/wp\/v2\/comments?post=1186"}],"wp:featuredmedia":[{"embeddable":true,"href":"https:\/\/saxsim.ee\/swp\/wp-json\/wp\/v2\/media\/1187"}],"wp:attachment":[{"href":"https:\/\/saxsim.ee\/swp\/wp-json\/wp\/v2\/media?parent=1186"}],"wp:term":[{"taxonomy":"product_cat","embeddable":true,"href":"https:\/\/saxsim.ee\/swp\/wp-json\/wp\/v2\/product_cat?post=1186"},{"taxonomy":"product_tag","embeddable":true,"href":"https:\/\/saxsim.ee\/swp\/wp-json\/wp\/v2\/product_tag?post=1186"}],"curies":[{"name":"wp","href":"https:\/\/api.w.org\/{rel}","templated":true}]}}