{"id":1177,"date":"2017-03-09T11:40:35","date_gmt":"2017-03-09T09:40:35","guid":{"rendered":"https:\/\/www.saxsim.ee\/swp\/toode\/sensido-match-varvikaart\/"},"modified":"2018-12-15T16:43:34","modified_gmt":"2018-12-15T14:43:34","slug":"sensido-match-varvikaart","status":"publish","type":"product","link":"https:\/\/saxsim.ee\/swp\/product\/sensido-match-varvikaart\/","title":{"rendered":"SensiDO Match V\u00c4RVIKAART"},"content":{"rendered":"<p>SensiDO Match V\u00c4RVIKAART ( 8 tooni )<\/p>\n<p>Ammoniaagivaba v\u00e4rv-l\u00e4ige juuksev\u00e4rvi v\u00e4rskendamiseks ja toonimiseks. Taastab ideaalselt v\u00e4rvi ja annab juustele perfektse l\u00e4ike. Kestab 6-8 pesu.<\/p>\n<p><strong>Kasutamine:<\/strong> Kanna v\u00e4rv kuivadesse v\u00f5i niisketesse juustesse ja anna m\u00f5juda 3-5min. Loputa hoolikalt.\u00a0 Kasuta kaitsekindaid.<\/p>\n","protected":false},"excerpt":{"rendered":"<p>SensiDO Match V\u00c4RVIKAART ( 8 tooni ) Ammoniaagivaba v\u00e4rv-l\u00e4ige juuksev\u00e4rvi v\u00e4rskendamiseks ja toonimiseks. Taastab ideaalselt v\u00e4rvi ja annab juustele perfektse l\u00e4ike. Kestab 6-8 pesu. Kasutamine: Kanna v\u00e4rv kuivadesse v\u00f5i niisketesse juustesse ja anna m\u00f5juda 3-5min. Loputa hoolikalt.\u00a0 Kasuta kaitsekindaid.<\/p>\n","protected":false},"featured_media":1178,"comment_status":"closed","ping_status":"closed","template":"","meta":[],"product_cat":[107,251,234,395,246],"product_tag":[637],"class_list":{"0":"post-1177","1":"product","2":"type-product","3":"status-publish","4":"has-post-thumbnail","6":"product_cat-pakkumised","7":"product_cat-lopumuuk","8":"product_cat-sensido-match-color-gloss","9":"product_cat-juuksed","10":"product_cat-sensido-lisatooted","11":"product_tag-profitoode","13":"first","14":"instock","15":"taxable","16":"shipping-taxable","17":"purchasable","18":"product-type-simple"},"_links":{"self":[{"href":"https:\/\/saxsim.ee\/swp\/wp-json\/wp\/v2\/product\/1177"}],"collection":[{"href":"https:\/\/saxsim.ee\/swp\/wp-json\/wp\/v2\/product"}],"about":[{"href":"https:\/\/saxsim.ee\/swp\/wp-json\/wp\/v2\/types\/product"}],"replies":[{"embeddable":true,"href":"https:\/\/saxsim.ee\/swp\/wp-json\/wp\/v2\/comments?post=1177"}],"wp:featuredmedia":[{"embeddable":true,"href":"https:\/\/saxsim.ee\/swp\/wp-json\/wp\/v2\/media\/1178"}],"wp:attachment":[{"href":"https:\/\/saxsim.ee\/swp\/wp-json\/wp\/v2\/media?parent=1177"}],"wp:term":[{"taxonomy":"product_cat","embeddable":true,"href":"https:\/\/saxsim.ee\/swp\/wp-json\/wp\/v2\/product_cat?post=1177"},{"taxonomy":"product_tag","embeddable":true,"href":"https:\/\/saxsim.ee\/swp\/wp-json\/wp\/v2\/product_tag?post=1177"}],"curies":[{"name":"wp","href":"https:\/\/api.w.org\/{rel}","templated":true}]}}