{"id":11751,"date":"2023-04-25T09:14:09","date_gmt":"2023-04-25T06:14:09","guid":{"rendered":"https:\/\/www.saxsim.ee\/?post_type=product&#038;p=11751"},"modified":"2025-07-01T11:16:05","modified_gmt":"2025-07-01T08:16:05","slug":"simfix-osmose-11-1000-ml-lahjendatav-kinniti","status":"publish","type":"product","link":"https:\/\/saxsim.ee\/swp\/product\/simfix-osmose-11-1000-ml-lahjendatav-kinniti\/","title":{"rendered":"SimFix Osmose 1+1, 1000 ml. &#8211; lahjendatav kinniti"},"content":{"rendered":"<p>&nbsp;<\/p>\n<p>Veega lahjendatav ( 1 osa kinnitajat + 1 osa vett ) osmooskinniti k\u00f5ikidele lokivedelikele, normaalsetest kuni raskesti t\u00f6\u00f6deldavate juusteni.<\/p>\n<p>pH:<\/p>\n<p>&nbsp;<\/p>\n<p>&nbsp;<\/p>\n<p>&nbsp;<\/p>\n<p>&nbsp;<\/p>\n<p>&nbsp;<\/p>\n","protected":false},"excerpt":{"rendered":"<p>&nbsp; Veega lahjendatav ( 1 osa kinnitajat + 1 osa vett ) osmooskinniti k\u00f5ikidele lokivedelikele, normaalsetest kuni raskesti t\u00f6\u00f6deldavate juusteni. pH: &nbsp; &nbsp; &nbsp; &nbsp; &nbsp;<\/p>\n","protected":false},"featured_media":11752,"comment_status":"closed","ping_status":"closed","template":"","meta":[],"product_cat":[395,249],"product_tag":[637],"class_list":{"0":"post-11751","1":"product","2":"type-product","3":"status-publish","4":"has-post-thumbnail","6":"product_cat-juuksed","7":"product_cat-lokivedelikud-kinnitajad","8":"product_tag-profitoode","10":"first","11":"instock","12":"taxable","13":"shipping-taxable","14":"purchasable","15":"product-type-simple"},"_links":{"self":[{"href":"https:\/\/saxsim.ee\/swp\/wp-json\/wp\/v2\/product\/11751"}],"collection":[{"href":"https:\/\/saxsim.ee\/swp\/wp-json\/wp\/v2\/product"}],"about":[{"href":"https:\/\/saxsim.ee\/swp\/wp-json\/wp\/v2\/types\/product"}],"replies":[{"embeddable":true,"href":"https:\/\/saxsim.ee\/swp\/wp-json\/wp\/v2\/comments?post=11751"}],"wp:featuredmedia":[{"embeddable":true,"href":"https:\/\/saxsim.ee\/swp\/wp-json\/wp\/v2\/media\/11752"}],"wp:attachment":[{"href":"https:\/\/saxsim.ee\/swp\/wp-json\/wp\/v2\/media?parent=11751"}],"wp:term":[{"taxonomy":"product_cat","embeddable":true,"href":"https:\/\/saxsim.ee\/swp\/wp-json\/wp\/v2\/product_cat?post=11751"},{"taxonomy":"product_tag","embeddable":true,"href":"https:\/\/saxsim.ee\/swp\/wp-json\/wp\/v2\/product_tag?post=11751"}],"curies":[{"name":"wp","href":"https:\/\/api.w.org\/{rel}","templated":true}]}}