{"id":11749,"date":"2023-04-25T09:12:11","date_gmt":"2023-04-25T06:12:11","guid":{"rendered":"https:\/\/www.saxsim.ee\/?post_type=product&#038;p=11749"},"modified":"2025-07-01T11:18:10","modified_gmt":"2025-07-01T08:18:10","slug":"simfix-osmose-ready-1000-ml-valmis-kinniti","status":"publish","type":"product","link":"https:\/\/saxsim.ee\/swp\/product\/simfix-osmose-ready-1000-ml-valmis-kinniti\/","title":{"rendered":"SimFix Osmose Ready, 1000 ml. &#8211; valmis kinniti"},"content":{"rendered":"<p>Kasutamisvalmis osmooskinniti k\u00f5ikidele lokivedelikele, normaalsetest kuni raskesti t\u00f6\u00f6deldavate juusteni. Eriti h\u00e4sti sobib kasutamiseks juuksurisalongides, kus kohalik vesi ei ole k\u00f5ige puhtam ( sisaldab erinevaid mineraale, roostet&#8230; ).<\/p>\n<p>pH:<\/p>\n<p>&nbsp;<\/p>\n<p>&nbsp;<\/p>\n<p>&nbsp;<\/p>\n<p>&nbsp;<\/p>\n<p>&nbsp;<\/p>\n","protected":false},"excerpt":{"rendered":"<p>Kasutamisvalmis osmooskinniti k\u00f5ikidele lokivedelikele, normaalsetest kuni raskesti t\u00f6\u00f6deldavate juusteni. Eriti h\u00e4sti sobib kasutamiseks juuksurisalongides, kus kohalik vesi ei ole k\u00f5ige puhtam ( sisaldab erinevaid mineraale, roostet&#8230; ). pH: &nbsp; &nbsp; &nbsp; &nbsp; &nbsp;<\/p>\n","protected":false},"featured_media":11750,"comment_status":"closed","ping_status":"closed","template":"","meta":[],"product_cat":[395,249],"product_tag":[637],"class_list":{"0":"post-11749","1":"product","2":"type-product","3":"status-publish","4":"has-post-thumbnail","6":"product_cat-juuksed","7":"product_cat-lokivedelikud-kinnitajad","8":"product_tag-profitoode","10":"first","11":"instock","12":"taxable","13":"shipping-taxable","14":"purchasable","15":"product-type-simple"},"_links":{"self":[{"href":"https:\/\/saxsim.ee\/swp\/wp-json\/wp\/v2\/product\/11749"}],"collection":[{"href":"https:\/\/saxsim.ee\/swp\/wp-json\/wp\/v2\/product"}],"about":[{"href":"https:\/\/saxsim.ee\/swp\/wp-json\/wp\/v2\/types\/product"}],"replies":[{"embeddable":true,"href":"https:\/\/saxsim.ee\/swp\/wp-json\/wp\/v2\/comments?post=11749"}],"wp:featuredmedia":[{"embeddable":true,"href":"https:\/\/saxsim.ee\/swp\/wp-json\/wp\/v2\/media\/11750"}],"wp:attachment":[{"href":"https:\/\/saxsim.ee\/swp\/wp-json\/wp\/v2\/media?parent=11749"}],"wp:term":[{"taxonomy":"product_cat","embeddable":true,"href":"https:\/\/saxsim.ee\/swp\/wp-json\/wp\/v2\/product_cat?post=11749"},{"taxonomy":"product_tag","embeddable":true,"href":"https:\/\/saxsim.ee\/swp\/wp-json\/wp\/v2\/product_tag?post=11749"}],"curies":[{"name":"wp","href":"https:\/\/api.w.org\/{rel}","templated":true}]}}