{"id":11747,"date":"2023-04-25T09:04:27","date_gmt":"2023-04-25T06:04:27","guid":{"rendered":"https:\/\/www.saxsim.ee\/?post_type=product&#038;p=11747"},"modified":"2025-07-01T10:26:15","modified_gmt":"2025-07-01T07:26:15","slug":"curl-straight-100-ml-juurelokigeel","status":"publish","type":"product","link":"https:\/\/saxsim.ee\/swp\/product\/curl-straight-100-ml-juurelokigeel\/","title":{"rendered":"Curl &amp; Straight, 100 ml. &#8211; juurelokigeel"},"content":{"rendered":"<p>&nbsp;<\/p>\n<p>L\u00f5hnastamata lokigeel\u00a0normaalsete ja \u00f5rnade juustejuurte t\u00f6\u00f6tlemiseks ja juuste sirgendamiseks. Teeb k\u00f5ik juukset\u00fc\u00fcbid kohevamaks, v\u00f5imaldab vormida ja suunata taltsutamatuid ( p\u00f6\u00f6rised, turritavad&#8230; ) juukseid. T\u00e4nu geeljale koostisele on juurelokigeeli lihtne kanda soovitud juuksesalgule ja juba m\u00f5ne lokirulliga saavutad soovitud tulemuse.<\/p>\n<p>Curl &amp; Straight juurelokigeeli v\u00f5ib ideaalselt kasutada ka juuste sirgendamiseks.<\/p>\n<p>Juurelokk p\u00fcsib m\u00f5ned n\u00e4dalad, olenevalt juuste pikkusest ja kasvust.<\/p>\n<p>pH: 9,0<\/p>\n<p>&nbsp;<\/p>\n<p>&nbsp;<\/p>\n<p>&nbsp;<\/p>\n<p>&nbsp;<\/p>\n<p>&nbsp;<\/p>\n","protected":false},"excerpt":{"rendered":"<p>&nbsp; L\u00f5hnastamata lokigeel\u00a0normaalsete ja \u00f5rnade juustejuurte t\u00f6\u00f6tlemiseks ja juuste sirgendamiseks. Teeb k\u00f5ik juukset\u00fc\u00fcbid kohevamaks, v\u00f5imaldab vormida ja suunata taltsutamatuid ( p\u00f6\u00f6rised, turritavad&#8230; ) juukseid. T\u00e4nu geeljale koostisele on juurelokigeeli lihtne kanda soovitud juuksesalgule ja juba m\u00f5ne lokirulliga saavutad soovitud tulemuse. Curl &amp; Straight juurelokigeeli v\u00f5ib ideaalselt kasutada ka juuste sirgendamiseks. Juurelokk p\u00fcsib m\u00f5ned n\u00e4dalad, olenevalt [&hellip;]<\/p>\n","protected":false},"featured_media":11748,"comment_status":"closed","ping_status":"closed","template":"","meta":[],"product_cat":[395,249],"product_tag":[637],"class_list":{"0":"post-11747","1":"product","2":"type-product","3":"status-publish","4":"has-post-thumbnail","6":"product_cat-juuksed","7":"product_cat-lokivedelikud-kinnitajad","8":"product_tag-profitoode","10":"first","11":"instock","12":"taxable","13":"shipping-taxable","14":"purchasable","15":"product-type-simple"},"_links":{"self":[{"href":"https:\/\/saxsim.ee\/swp\/wp-json\/wp\/v2\/product\/11747"}],"collection":[{"href":"https:\/\/saxsim.ee\/swp\/wp-json\/wp\/v2\/product"}],"about":[{"href":"https:\/\/saxsim.ee\/swp\/wp-json\/wp\/v2\/types\/product"}],"replies":[{"embeddable":true,"href":"https:\/\/saxsim.ee\/swp\/wp-json\/wp\/v2\/comments?post=11747"}],"wp:featuredmedia":[{"embeddable":true,"href":"https:\/\/saxsim.ee\/swp\/wp-json\/wp\/v2\/media\/11748"}],"wp:attachment":[{"href":"https:\/\/saxsim.ee\/swp\/wp-json\/wp\/v2\/media?parent=11747"}],"wp:term":[{"taxonomy":"product_cat","embeddable":true,"href":"https:\/\/saxsim.ee\/swp\/wp-json\/wp\/v2\/product_cat?post=11747"},{"taxonomy":"product_tag","embeddable":true,"href":"https:\/\/saxsim.ee\/swp\/wp-json\/wp\/v2\/product_tag?post=11747"}],"curies":[{"name":"wp","href":"https:\/\/api.w.org\/{rel}","templated":true}]}}