{"id":11745,"date":"2023-04-25T09:02:48","date_gmt":"2023-04-25T06:02:48","guid":{"rendered":"https:\/\/www.saxsim.ee\/?post_type=product&#038;p=11745"},"modified":"2025-07-01T11:06:28","modified_gmt":"2025-07-01T08:06:28","slug":"silk-keratin-2-100-ml-toodeldud-ja-kahjustatud-juustele","status":"publish","type":"product","link":"https:\/\/saxsim.ee\/swp\/product\/silk-keratin-2-100-ml-toodeldud-ja-kahjustatud-juustele\/","title":{"rendered":"Silk Keratin 2, 100 ml. &#8211; t\u00f6\u00f6deldud ja kahjustatud juustele"},"content":{"rendered":"<p>Silk Keratin on l\u00f5hnastamata, ohutu ja usaldusv\u00e4\u00e4rne\u00a0lokivedelik.\u00a0Sisaldab keratiini ja kollageeni, mis kaitsevad juukseid keemilise t\u00f6\u00f6tluse k\u00e4igus.<\/p>\n<p>Silk Keratin lokivedelikku on saada 3 erinevat tugevust &#8211; 0, 1 ja 2.<\/p>\n<p>pH:<\/p>\n<p>&nbsp;<\/p>\n","protected":false},"excerpt":{"rendered":"<p>Silk Keratin on l\u00f5hnastamata, ohutu ja usaldusv\u00e4\u00e4rne\u00a0lokivedelik.\u00a0Sisaldab keratiini ja kollageeni, mis kaitsevad juukseid keemilise t\u00f6\u00f6tluse k\u00e4igus. Silk Keratin lokivedelikku on saada 3 erinevat tugevust &#8211; 0, 1 ja 2. pH: &nbsp;<\/p>\n","protected":false},"featured_media":11746,"comment_status":"closed","ping_status":"closed","template":"","meta":[],"product_cat":[395,249],"product_tag":[637],"class_list":{"0":"post-11745","1":"product","2":"type-product","3":"status-publish","4":"has-post-thumbnail","6":"product_cat-juuksed","7":"product_cat-lokivedelikud-kinnitajad","8":"product_tag-profitoode","10":"first","11":"instock","12":"taxable","13":"shipping-taxable","14":"purchasable","15":"product-type-simple"},"_links":{"self":[{"href":"https:\/\/saxsim.ee\/swp\/wp-json\/wp\/v2\/product\/11745"}],"collection":[{"href":"https:\/\/saxsim.ee\/swp\/wp-json\/wp\/v2\/product"}],"about":[{"href":"https:\/\/saxsim.ee\/swp\/wp-json\/wp\/v2\/types\/product"}],"replies":[{"embeddable":true,"href":"https:\/\/saxsim.ee\/swp\/wp-json\/wp\/v2\/comments?post=11745"}],"wp:featuredmedia":[{"embeddable":true,"href":"https:\/\/saxsim.ee\/swp\/wp-json\/wp\/v2\/media\/11746"}],"wp:attachment":[{"href":"https:\/\/saxsim.ee\/swp\/wp-json\/wp\/v2\/media?parent=11745"}],"wp:term":[{"taxonomy":"product_cat","embeddable":true,"href":"https:\/\/saxsim.ee\/swp\/wp-json\/wp\/v2\/product_cat?post=11745"},{"taxonomy":"product_tag","embeddable":true,"href":"https:\/\/saxsim.ee\/swp\/wp-json\/wp\/v2\/product_tag?post=11745"}],"curies":[{"name":"wp","href":"https:\/\/api.w.org\/{rel}","templated":true}]}}