{"id":11669,"date":"2023-04-05T07:53:26","date_gmt":"2023-04-05T04:53:26","guid":{"rendered":"https:\/\/www.saxsim.ee\/?post_type=product&#038;p=11669"},"modified":"2025-07-02T11:57:13","modified_gmt":"2025-07-02T08:57:13","slug":"system4-r-chitosan-hair-repair-50-ml-juuksestruktuuri-taastav-hooldusaine","status":"publish","type":"product","link":"https:\/\/saxsim.ee\/swp\/product\/system4-r-chitosan-hair-repair-50-ml-juuksestruktuuri-taastav-hooldusaine\/","title":{"rendered":"System4 &#8211; R Chitosan Hair Repair 50 ml &#8211; juuksestruktuuri taastav hooldusaine"},"content":{"rendered":"<p>Hydrogenoli ja Chitosani sisaldav juuksestruktuuri taastav hooldusaine kuivadele ja kahjustatud juustele. Keratiin ja Chitosan taastavad ja parandavad katkised juuksed ning sulgevad l\u00f5henenud juukseotsad. Hydrogenol niisutab, kaitseb juukseid f\u00f6\u00f6nitamisel ning sirgestamisel kuumakahjustuste ja UV- kiirguse eest. Muudab juuksed tugevamaks, kohevamaks ning annab neile kauni l\u00e4ike.<\/p>\n<p><strong> <u>Kasutamine:<\/u><\/strong> Pihusta kuivadesse v\u00f5i niisketesse juustesse. EI LOPUTATA.<\/p>\n<p>pH: 3,5<\/p>\n<p><strong>Toode on dermatoloogiliselt testitud.<\/strong><\/p>\n<p>&nbsp;<\/p>\n<p>&nbsp;<\/p>\n","protected":false},"excerpt":{"rendered":"<p>Hydrogenoli ja Chitosani sisaldav juuksestruktuuri taastav hooldusaine kuivadele ja kahjustatud juustele. Keratiin ja Chitosan taastavad ja parandavad katkised juuksed ning sulgevad l\u00f5henenud juukseotsad. Hydrogenol niisutab, kaitseb juukseid f\u00f6\u00f6nitamisel ning sirgestamisel kuumakahjustuste ja UV- kiirguse eest. Muudab juuksed tugevamaks, kohevamaks ning annab neile kauni l\u00e4ike. Kasutamine: Pihusta kuivadesse v\u00f5i niisketesse juustesse. EI LOPUTATA. pH: 3,5 Toode [&hellip;]<\/p>\n","protected":false},"featured_media":11670,"comment_status":"closed","ping_status":"closed","template":"","meta":[],"product_cat":[672,395,661],"product_tag":[],"class_list":{"0":"post-11669","1":"product","2":"type-product","3":"status-publish","4":"has-post-thumbnail","6":"product_cat-system-4","7":"product_cat-juuksed","8":"product_cat-pahejaetavad-hooldusained","10":"first","11":"instock","12":"downloadable","13":"virtual","14":"taxable","15":"purchasable","16":"product-type-simple"},"_links":{"self":[{"href":"https:\/\/saxsim.ee\/swp\/wp-json\/wp\/v2\/product\/11669"}],"collection":[{"href":"https:\/\/saxsim.ee\/swp\/wp-json\/wp\/v2\/product"}],"about":[{"href":"https:\/\/saxsim.ee\/swp\/wp-json\/wp\/v2\/types\/product"}],"replies":[{"embeddable":true,"href":"https:\/\/saxsim.ee\/swp\/wp-json\/wp\/v2\/comments?post=11669"}],"wp:featuredmedia":[{"embeddable":true,"href":"https:\/\/saxsim.ee\/swp\/wp-json\/wp\/v2\/media\/11670"}],"wp:attachment":[{"href":"https:\/\/saxsim.ee\/swp\/wp-json\/wp\/v2\/media?parent=11669"}],"wp:term":[{"taxonomy":"product_cat","embeddable":true,"href":"https:\/\/saxsim.ee\/swp\/wp-json\/wp\/v2\/product_cat?post=11669"},{"taxonomy":"product_tag","embeddable":true,"href":"https:\/\/saxsim.ee\/swp\/wp-json\/wp\/v2\/product_tag?post=11669"}],"curies":[{"name":"wp","href":"https:\/\/api.w.org\/{rel}","templated":true}]}}