{"id":11530,"date":"2023-03-03T19:41:19","date_gmt":"2023-03-03T17:41:19","guid":{"rendered":"https:\/\/www.saxsim.ee\/?post_type=product&#038;p=11530"},"modified":"2025-07-02T12:50:33","modified_gmt":"2025-07-02T09:50:33","slug":"system4-1-special-shampoo-250-ml-terapeutiline-sampoon-rasusele-ja-ketendavale-peanahale","status":"publish","type":"product","link":"https:\/\/saxsim.ee\/swp\/product\/system4-1-special-shampoo-250-ml-terapeutiline-sampoon-rasusele-ja-ketendavale-peanahale\/","title":{"rendered":"System4 &#8211; 1 Special Shampoo 250 ml &#8211; terapeutiline \u0161ampoon rasusele ja ketendavale peanahale"},"content":{"rendered":"<p>&#8211; Eemaldab rasuse k\u00f5\u00f5ma ja hoiab \u00e4ra selle tekkimise<br \/>\n&#8211; Rahustab peanaha s\u00fcgelust ja \u00e4rritust<br \/>\n&#8211; L\u00f5hnainetevaba ja dermatoloogiliselt testitud<br \/>\n&#8211; Pudel on valmistatud 100% taaskasutatud plastikust<\/p>\n<p>T\u00f5hus \u0161ampoon k\u00f5\u00f5ma eemaldamiseks ja selle taastekkimise \u00e4rahoidmiseks. Tasakaalustab rasust peanahka ja leevendab s\u00fcgelust. Soodustab peanaha tervislikku niiskustasakaalu. \u0160ampoon sisaldab salits\u00fc\u00fclhapet, mis aitab koorida peanahka. Climbasool hoiab \u00e4ra k\u00f5\u00f5ma. Sobib igap\u00e4evaseks kasutamiseks.<br \/>\npH: 4,7<\/p>\n<p><strong><u>Kasutamine:<\/u><\/strong> Kanna \u0161ampoon juustele ja peanahale, lase m\u00f5juda 2-5 minutit, pese ja loputa hoolikalt. Laske m\u00f5juda kauem, kui tavaliste \u0161ampoonide puhul. Mitte kasutada alla 3-aastastel lastel.<\/p>\n","protected":false},"excerpt":{"rendered":"<p>&#8211; Eemaldab rasuse k\u00f5\u00f5ma ja hoiab \u00e4ra selle tekkimise &#8211; Rahustab peanaha s\u00fcgelust ja \u00e4rritust &#8211; L\u00f5hnainetevaba ja dermatoloogiliselt testitud &#8211; Pudel on valmistatud 100% taaskasutatud plastikust T\u00f5hus \u0161ampoon k\u00f5\u00f5ma eemaldamiseks ja selle taastekkimise \u00e4rahoidmiseks. Tasakaalustab rasust peanahka ja leevendab s\u00fcgelust. Soodustab peanaha tervislikku niiskustasakaalu. \u0160ampoon sisaldab salits\u00fc\u00fclhapet, mis aitab koorida peanahka. Climbasool hoiab \u00e4ra [&hellip;]<\/p>\n","protected":false},"featured_media":11531,"comment_status":"closed","ping_status":"closed","template":"","meta":[],"product_cat":[792,672,395,659],"product_tag":[],"class_list":{"0":"post-11530","1":"product","2":"type-product","3":"status-publish","4":"has-post-thumbnail","6":"product_cat-uued-tooted","7":"product_cat-system-4","8":"product_cat-juuksed","9":"product_cat-sampoonid","11":"first","12":"instock","13":"downloadable","14":"virtual","15":"taxable","16":"purchasable","17":"product-type-simple"},"_links":{"self":[{"href":"https:\/\/saxsim.ee\/swp\/wp-json\/wp\/v2\/product\/11530"}],"collection":[{"href":"https:\/\/saxsim.ee\/swp\/wp-json\/wp\/v2\/product"}],"about":[{"href":"https:\/\/saxsim.ee\/swp\/wp-json\/wp\/v2\/types\/product"}],"replies":[{"embeddable":true,"href":"https:\/\/saxsim.ee\/swp\/wp-json\/wp\/v2\/comments?post=11530"}],"wp:featuredmedia":[{"embeddable":true,"href":"https:\/\/saxsim.ee\/swp\/wp-json\/wp\/v2\/media\/11531"}],"wp:attachment":[{"href":"https:\/\/saxsim.ee\/swp\/wp-json\/wp\/v2\/media?parent=11530"}],"wp:term":[{"taxonomy":"product_cat","embeddable":true,"href":"https:\/\/saxsim.ee\/swp\/wp-json\/wp\/v2\/product_cat?post=11530"},{"taxonomy":"product_tag","embeddable":true,"href":"https:\/\/saxsim.ee\/swp\/wp-json\/wp\/v2\/product_tag?post=11530"}],"curies":[{"name":"wp","href":"https:\/\/api.w.org\/{rel}","templated":true}]}}