{"id":11419,"date":"2023-02-05T10:52:26","date_gmt":"2023-02-05T08:52:26","guid":{"rendered":"https:\/\/www.saxsim.ee\/?post_type=product&#038;p=11419"},"modified":"2025-08-28T20:23:45","modified_gmt":"2025-08-28T17:23:45","slug":"system4-m-moisture-scalp-lotion-100-ml-niisutav-intensiivravi-peanahale","status":"publish","type":"product","link":"https:\/\/saxsim.ee\/swp\/product\/system4-m-moisture-scalp-lotion-100-ml-niisutav-intensiivravi-peanahale\/","title":{"rendered":"System4 &#8211; M Moisture Scalp Lotion 150 ml &#8211; niisutav intensiivhooldus peanahale"},"content":{"rendered":"<p>&#8211; Niisutab t\u00f5husalt peanahka ja muud nahka<br \/>\n&#8211; Rahustab peanahka<br \/>\n&#8211; V\u00e4hendab s\u00fcgelust<br \/>\n&#8211; Lisaks peanahale sobib ka n\u00e4o- ja kaelapiirkonna nahale<br \/>\n&#8211; L\u00f5hnainetevaba ja vegan<br \/>\n&#8211; Pakend on valmistatud 50% taaskasutatud materjalist<\/p>\n<p><span class=\"HwtZe\" lang=\"et\"><span class=\"jCAhz ChMk0b\"><span class=\"ryNqvb\">Moisture Scalp Lotion on \u00f5rnatoimeline ja t\u00e4iuslik intensiivhooldus peanahale.\u00a0<\/span><\/span> <span class=\"jCAhz ChMk0b\"><span class=\"ryNqvb\">Peanahale j\u00e4etav niisutav intensiivhooldus rahustab tundlikku ja \u00e4rritunud peanahka.<\/span><\/span> <span class=\"jCAhz ChMk0b\"><span class=\"ryNqvb\">Toetab peanaha loomulikku niiskustasakaalu ja heaolu.<\/span><\/span> <span class=\"jCAhz ChMk0b\"><span class=\"ryNqvb\">V\u00f5ib kasutada kas kogu peanaha piirkonnas v\u00f5i ainult nendel kohtadel peanahal, mis vajavad t\u00e4iendavat niisutust.<\/span><\/span> <span class=\"jCAhz ChMk0b\"><span class=\"ryNqvb\">Lisaks peanahale sobib see ka n\u00e4o- ja kaelanahale, nt. raseerimisj\u00e4rgse naha\u00e4rrituse leevendamiseks.<\/span><\/span> <span class=\"jCAhz ChMk0b\"><span class=\"ryNqvb\">V\u00f5ib kasutada igap\u00e4evaselt.<\/span><\/span> <\/span><\/p>\n<p><span class=\"HwtZe\" lang=\"et\"><span class=\"jCAhz ChMk0b\"><span class=\"ryNqvb\"><strong><u>Kasutamine<\/u><\/strong> <strong>peanahal<\/strong>: Peale pesemist, tehes juuste jaotuseid, kandke doseerimisotsiku abil peanahale ja masseerige s\u00f5rmeotstega \u00f5rnalt ringjate liigutustega peanahka.<\/span><\/span> <span class=\"jCAhz ChMk0b\"><span class=\"ryNqvb\">V\u00f5ib kanda ka ainult piirkondadele, mis vajavad peanahas t\u00e4iendavat niisutust.<\/span><\/span> <\/span><\/p>\n<p><span class=\"HwtZe\" lang=\"et\"><span class=\"jCAhz ChMk0b\"><span class=\"ryNqvb\"><strong><u>Kasutamine<\/u><\/strong> <strong>nahal<\/strong>: Kandke v\u00e4ike kogus toodet n\u00e4o- ja kaelanahale ( nt. p\u00e4rast raseerimist).<\/span><\/span><\/span><\/p>\n<p>pH: 5,5<\/p>\n","protected":false},"excerpt":{"rendered":"<p>&#8211; Niisutab t\u00f5husalt peanahka ja muud nahka &#8211; Rahustab peanahka &#8211; V\u00e4hendab s\u00fcgelust &#8211; Lisaks peanahale sobib ka n\u00e4o- ja kaelapiirkonna nahale &#8211; L\u00f5hnainetevaba ja vegan &#8211; Pakend on valmistatud 50% taaskasutatud materjalist Moisture Scalp Lotion on \u00f5rnatoimeline ja t\u00e4iuslik intensiivhooldus peanahale.\u00a0 Peanahale j\u00e4etav niisutav intensiivhooldus rahustab tundlikku ja \u00e4rritunud peanahka. Toetab peanaha loomulikku niiskustasakaalu [&hellip;]<\/p>\n","protected":false},"featured_media":11428,"comment_status":"closed","ping_status":"closed","template":"","meta":[],"product_cat":[672,395,662,661,89,104,284],"product_tag":[],"class_list":{"0":"post-11419","1":"product","2":"type-product","3":"status-publish","4":"has-post-thumbnail","6":"product_cat-system-4","7":"product_cat-juuksed","8":"product_cat-juuksemaskid-ja-taastavad-vahendid","9":"product_cat-pahejaetavad-hooldusained","10":"product_cat-meestele","11":"product_cat-raseerimine","12":"product_cat-reisimiseks","14":"first","15":"instock","16":"downloadable","17":"virtual","18":"taxable","19":"purchasable","20":"product-type-simple"},"_links":{"self":[{"href":"https:\/\/saxsim.ee\/swp\/wp-json\/wp\/v2\/product\/11419"}],"collection":[{"href":"https:\/\/saxsim.ee\/swp\/wp-json\/wp\/v2\/product"}],"about":[{"href":"https:\/\/saxsim.ee\/swp\/wp-json\/wp\/v2\/types\/product"}],"replies":[{"embeddable":true,"href":"https:\/\/saxsim.ee\/swp\/wp-json\/wp\/v2\/comments?post=11419"}],"wp:featuredmedia":[{"embeddable":true,"href":"https:\/\/saxsim.ee\/swp\/wp-json\/wp\/v2\/media\/11428"}],"wp:attachment":[{"href":"https:\/\/saxsim.ee\/swp\/wp-json\/wp\/v2\/media?parent=11419"}],"wp:term":[{"taxonomy":"product_cat","embeddable":true,"href":"https:\/\/saxsim.ee\/swp\/wp-json\/wp\/v2\/product_cat?post=11419"},{"taxonomy":"product_tag","embeddable":true,"href":"https:\/\/saxsim.ee\/swp\/wp-json\/wp\/v2\/product_tag?post=11419"}],"curies":[{"name":"wp","href":"https:\/\/api.w.org\/{rel}","templated":true}]}}