{"id":11418,"date":"2023-02-05T10:43:56","date_gmt":"2023-02-05T08:43:56","guid":{"rendered":"https:\/\/www.saxsim.ee\/?post_type=product&#038;p=11418"},"modified":"2026-02-19T09:02:24","modified_gmt":"2026-02-19T07:02:24","slug":"joewell-fx-pro-50-loikuskaarid","status":"publish","type":"product","link":"https:\/\/saxsim.ee\/swp\/product\/joewell-fx-pro-50-loikuskaarid\/","title":{"rendered":"Joewell FX PRO 50 &#8211; l\u00f5ikusk\u00e4\u00e4rid"},"content":{"rendered":"<p>Joewell FX Pro l\u00f5ikusk\u00e4\u00e4rid on Joewell FX\u00a0edasiarendatud versioon, millele on lisatud m\u00f5ned parimad t\u00e4iendused, v\u00e4rskelt v\u00e4ljat\u00f6\u00f6tatud tehnoloogiatest. Ergonoomilised, 3D stiilis kujundatud s\u00f5rmeaugud, tagavad k\u00e4ele ja s\u00f5rmedele \u00f5ige t\u00f6\u00f6asendi.\u00a0Reguleerkruvi s\u00fcsteem on asendatud hooldusvaba kuivlaagriga.<\/p>\n<p><strong>Eelised:<\/strong> 3D stiilis ergonoomiline kujundus, madal hoolduskulu<br \/>\n<strong>Materjal:<\/strong> roostevaba sulam, mis sisaldab v\u00e4hem niklit (alla 0,6%)<\/p>\n<p><strong>Disainielemendid:<\/strong><br \/>\nSword blade\u00a0&#8211; m\u00f5\u00f5gakujuline tera<br \/>\n3D stiilis ergonoomiline kujundus<br \/>\nv\u00e4\u00e4natud kujuga s\u00f5rmeaugud<br \/>\nreguleerimiskruvi s\u00fcsteem kuivlaagriga<br \/>\neemaldatav s\u00f5rmetugi<br \/>\nregulaarse\u00a0suurusega s\u00f5rmeaugud<\/p>\n<p><strong>lisatud:<\/strong><br \/>\nJoewell k\u00e4\u00e4ri\u00f5li \u2013 1 tk.<br \/>\ns\u00f5rmer\u00f5ngad \u2013 2 tk.<br \/>\nJoewell FX\u00a0Pro k\u00e4\u00e4re on saadaval 3 erinevas suuruses ( 5,0&#8243; kuni 6,0&#8243; ).<\/p>\n<p>Tootja &#8211; TOKOSHA CO., LTD, Japan<\/p>\n<p>&nbsp;<\/p>\n","protected":false},"excerpt":{"rendered":"<p>Joewell FX Pro l\u00f5ikusk\u00e4\u00e4rid on Joewell FX\u00a0edasiarendatud versioon, millele on lisatud m\u00f5ned parimad t\u00e4iendused, v\u00e4rskelt v\u00e4ljat\u00f6\u00f6tatud tehnoloogiatest. Ergonoomilised, 3D stiilis kujundatud s\u00f5rmeaugud, tagavad k\u00e4ele ja s\u00f5rmedele \u00f5ige t\u00f6\u00f6asendi.\u00a0Reguleerkruvi s\u00fcsteem on asendatud hooldusvaba kuivlaagriga. Eelised: 3D stiilis ergonoomiline kujundus, madal hoolduskulu Materjal: roostevaba sulam, mis sisaldab v\u00e4hem niklit (alla 0,6%) Disainielemendid: Sword blade\u00a0&#8211; m\u00f5\u00f5gakujuline tera 3D [&hellip;]<\/p>\n","protected":false},"featured_media":1632,"comment_status":"closed","ping_status":"closed","template":"","meta":[],"product_cat":[703,401,174,276],"product_tag":[],"class_list":{"0":"post-11418","1":"product","2":"type-product","3":"status-publish","4":"has-post-thumbnail","6":"product_cat-joewell","7":"product_cat-juuksuri-tarvikud","8":"product_cat-kaarid","9":"product_cat-loikuskaarid","11":"first","12":"instock","13":"taxable","14":"shipping-taxable","15":"purchasable","16":"product-type-simple"},"_links":{"self":[{"href":"https:\/\/saxsim.ee\/swp\/wp-json\/wp\/v2\/product\/11418"}],"collection":[{"href":"https:\/\/saxsim.ee\/swp\/wp-json\/wp\/v2\/product"}],"about":[{"href":"https:\/\/saxsim.ee\/swp\/wp-json\/wp\/v2\/types\/product"}],"replies":[{"embeddable":true,"href":"https:\/\/saxsim.ee\/swp\/wp-json\/wp\/v2\/comments?post=11418"}],"wp:featuredmedia":[{"embeddable":true,"href":"https:\/\/saxsim.ee\/swp\/wp-json\/wp\/v2\/media\/1632"}],"wp:attachment":[{"href":"https:\/\/saxsim.ee\/swp\/wp-json\/wp\/v2\/media?parent=11418"}],"wp:term":[{"taxonomy":"product_cat","embeddable":true,"href":"https:\/\/saxsim.ee\/swp\/wp-json\/wp\/v2\/product_cat?post=11418"},{"taxonomy":"product_tag","embeddable":true,"href":"https:\/\/saxsim.ee\/swp\/wp-json\/wp\/v2\/product_tag?post=11418"}],"curies":[{"name":"wp","href":"https:\/\/api.w.org\/{rel}","templated":true}]}}