{"id":11260,"date":"2022-12-31T09:53:46","date_gmt":"2022-12-31T07:53:46","guid":{"rendered":"https:\/\/www.saxsim.ee\/?post_type=product&#038;p=11260"},"modified":"2024-02-28T10:06:38","modified_gmt":"2024-02-28T08:06:38","slug":"highlight-comb-set-salgutamise-kammide-komplekt","status":"publish","type":"product","link":"https:\/\/saxsim.ee\/swp\/product\/highlight-comb-set-salgutamise-kammide-komplekt\/","title":{"rendered":"Highlight Comb Set &#8211; salgutamise kammide komplekt"},"content":{"rendered":"<p>Kolmest professionaalsest kammist koosnev salgutamise komplekt.<br \/>\nKammid jaotavad juuksed \u00fche kiire liigutusega, mis s\u00e4\u00e4stab juuksuri aega ja vaeva.<\/p>\n<p>Eelised:<br \/>\n&#8211; Kiire ja lihtne kasutada<br \/>\n&#8211; Roostevabast terasest saba, sobib jaotuste tegemiseks<br \/>\n&#8211; Tugev ja kemikaalikindel materjal<br \/>\n&#8211; Ergonoomiline k\u00e4epide<br \/>\n&#8211; Sobib h\u00e4sti salgutamiseks, v\u00e4rvimiseks, kujundamiseks, l\u00f5ikamiseks ning juuste kammimiseks ja silumiseks<\/p>\n<p>Pikkus &#8211; &#8230;&#8230;.. cm.<\/p>\n","protected":false},"excerpt":{"rendered":"<p>Kolmest professionaalsest kammist koosnev salgutamise komplekt. Kammid jaotavad juuksed \u00fche kiire liigutusega, mis s\u00e4\u00e4stab juuksuri aega ja vaeva. Eelised: &#8211; Kiire ja lihtne kasutada &#8211; Roostevabast terasest saba, sobib jaotuste tegemiseks &#8211; Tugev ja kemikaalikindel materjal &#8211; Ergonoomiline k\u00e4epide &#8211; Sobib h\u00e4sti salgutamiseks, v\u00e4rvimiseks, kujundamiseks, l\u00f5ikamiseks ning juuste kammimiseks ja silumiseks Pikkus &#8211; &#8230;&#8230;.. cm.<\/p>\n","protected":false},"featured_media":11261,"comment_status":"closed","ping_status":"closed","template":"","meta":[],"product_cat":[792,401,173,614,761],"product_tag":[],"class_list":{"0":"post-11260","1":"product","2":"type-product","3":"status-publish","4":"has-post-thumbnail","6":"product_cat-uued-tooted","7":"product_cat-juuksuri-tarvikud","8":"product_cat-kammid","9":"product_cat-muud-kammid","10":"product_cat-salgutamise-abivahendid","12":"first","13":"instock","14":"taxable","15":"shipping-taxable","16":"purchasable","17":"product-type-simple"},"_links":{"self":[{"href":"https:\/\/saxsim.ee\/swp\/wp-json\/wp\/v2\/product\/11260"}],"collection":[{"href":"https:\/\/saxsim.ee\/swp\/wp-json\/wp\/v2\/product"}],"about":[{"href":"https:\/\/saxsim.ee\/swp\/wp-json\/wp\/v2\/types\/product"}],"replies":[{"embeddable":true,"href":"https:\/\/saxsim.ee\/swp\/wp-json\/wp\/v2\/comments?post=11260"}],"wp:featuredmedia":[{"embeddable":true,"href":"https:\/\/saxsim.ee\/swp\/wp-json\/wp\/v2\/media\/11261"}],"wp:attachment":[{"href":"https:\/\/saxsim.ee\/swp\/wp-json\/wp\/v2\/media?parent=11260"}],"wp:term":[{"taxonomy":"product_cat","embeddable":true,"href":"https:\/\/saxsim.ee\/swp\/wp-json\/wp\/v2\/product_cat?post=11260"},{"taxonomy":"product_tag","embeddable":true,"href":"https:\/\/saxsim.ee\/swp\/wp-json\/wp\/v2\/product_tag?post=11260"}],"curies":[{"name":"wp","href":"https:\/\/api.w.org\/{rel}","templated":true}]}}