{"id":11257,"date":"2022-12-31T09:44:21","date_gmt":"2022-12-31T07:44:21","guid":{"rendered":"https:\/\/www.saxsim.ee\/?post_type=product&#038;p=11257"},"modified":"2025-08-04T11:06:09","modified_gmt":"2025-08-04T08:06:09","slug":"cut-identity-dual-foil-shaver-pardel","status":"publish","type":"product","link":"https:\/\/saxsim.ee\/swp\/product\/cut-identity-dual-foil-shaver-pardel\/","title":{"rendered":"Cut Identity, Dual Foil Shaver &#8211; pardel"},"content":{"rendered":"<p>V\u00f5imsa mootoriga, juhtmega\/juhtmeta, kerge pardel.<\/p>\n<p><strong>Tehnilised andmed:<\/strong><\/p>\n<p>elektriv\u00f5rgu toide &#8211; 100-240 V, 50\u201360 Hz, 0,2A<br \/>\nLi-Ion aku<br \/>\nv\u00f5imas mootor \u2013 9000 p\u00f6\u00f6ret min.<br \/>\nakutoitel t\u00f6\u00f6tab &#8211; 90 min.<span class=\"VIiyi\" lang=\"et\"><span class=\"JLqJ4b ChMk0b\"><br \/>\naku laadimisaeg &#8211;\u00a0 210 min.<\/span><\/span><br \/>\nkaal &#8211; 160 g. ilma juhtmeta<\/p>\n<p><strong>Komplektis:<\/strong><br \/>\nroostevabast terasest l\u00f5iketera<br \/>\nlaadimisalus<br \/>\nmagnetiseeritud USB-laadija<br \/>\njuhe &#8211; u. 80 cm.<br \/>\npuhastushari<br \/>\ntera kaitse<\/p>\n","protected":false},"excerpt":{"rendered":"<p>V\u00f5imsa mootoriga, juhtmega\/juhtmeta, kerge pardel. Tehnilised andmed: elektriv\u00f5rgu toide &#8211; 100-240 V, 50\u201360 Hz, 0,2A Li-Ion aku v\u00f5imas mootor \u2013 9000 p\u00f6\u00f6ret min. akutoitel t\u00f6\u00f6tab &#8211; 90 min. aku laadimisaeg &#8211;\u00a0 210 min. kaal &#8211; 160 g. ilma juhtmeta Komplektis: roostevabast terasest l\u00f5iketera laadimisalus magnetiseeritud USB-laadija juhe &#8211; u. 80 cm. puhastushari tera kaitse<\/p>\n","protected":false},"featured_media":11258,"comment_status":"closed","ping_status":"closed","template":"","meta":[],"product_cat":[792,710,401,280,286],"product_tag":[],"class_list":{"0":"post-11257","1":"product","2":"type-product","3":"status-publish","4":"has-post-thumbnail","6":"product_cat-uued-tooted","7":"product_cat-cera-professional","8":"product_cat-juuksuri-tarvikud","9":"product_cat-elektrilised-toovahendid","10":"product_cat-loikusmasinad-ja-trimmerid","12":"first","13":"instock","14":"taxable","15":"shipping-taxable","16":"purchasable","17":"product-type-simple"},"_links":{"self":[{"href":"https:\/\/saxsim.ee\/swp\/wp-json\/wp\/v2\/product\/11257"}],"collection":[{"href":"https:\/\/saxsim.ee\/swp\/wp-json\/wp\/v2\/product"}],"about":[{"href":"https:\/\/saxsim.ee\/swp\/wp-json\/wp\/v2\/types\/product"}],"replies":[{"embeddable":true,"href":"https:\/\/saxsim.ee\/swp\/wp-json\/wp\/v2\/comments?post=11257"}],"wp:featuredmedia":[{"embeddable":true,"href":"https:\/\/saxsim.ee\/swp\/wp-json\/wp\/v2\/media\/11258"}],"wp:attachment":[{"href":"https:\/\/saxsim.ee\/swp\/wp-json\/wp\/v2\/media?parent=11257"}],"wp:term":[{"taxonomy":"product_cat","embeddable":true,"href":"https:\/\/saxsim.ee\/swp\/wp-json\/wp\/v2\/product_cat?post=11257"},{"taxonomy":"product_tag","embeddable":true,"href":"https:\/\/saxsim.ee\/swp\/wp-json\/wp\/v2\/product_tag?post=11257"}],"curies":[{"name":"wp","href":"https:\/\/api.w.org\/{rel}","templated":true}]}}