{"id":11254,"date":"2022-12-31T09:35:18","date_gmt":"2022-12-31T07:35:18","guid":{"rendered":"https:\/\/www.saxsim.ee\/?post_type=product&#038;p=11254"},"modified":"2025-08-04T11:04:22","modified_gmt":"2025-08-04T08:04:22","slug":"cut-identity-precision-trimmer-trimmer","status":"publish","type":"product","link":"https:\/\/saxsim.ee\/swp\/product\/cut-identity-precision-trimmer-trimmer\/","title":{"rendered":"Cut Identity, Precision Trimmer &#8211; trimmer"},"content":{"rendered":"<p class=\"fn\">3 erineva teraga, v\u00f5imsa mootoriga,\u00a0juhtmega\/juhtmeta, kerge trimmer.<\/p>\n<p class=\"fn\"><strong>Tehnilised andmed:<\/strong><\/p>\n<p>Li-Ion aku<br \/>\nv\u00f5imas mootor \u2013 7000 p\u00f6\u00f6ret min.<br \/>\nakutoitel t\u00f6\u00f6tab \u2013 120 min.<br \/>\naku laadimisaeg \u2013 150 min.<br \/>\nLED ekraan<br \/>\nkaal \u2013 150 g.<\/p>\n<p><strong>Komplektis:<\/strong><\/p>\n<p>3 erinevat tera ( T-tera, U-tera ja disainitera )<br \/>\n4 erinevat l\u00f5ikustalda ( 1,5 \/ 3,0\/ 4,5 \/ 6,0 mm. )<br \/>\nlaadimisalus koos juhtmega<br \/>\npuhastushari<br \/>\nmasina\u00f5li<\/p>\n","protected":false},"excerpt":{"rendered":"<p>3 erineva teraga, v\u00f5imsa mootoriga,\u00a0juhtmega\/juhtmeta, kerge trimmer. Tehnilised andmed: Li-Ion aku v\u00f5imas mootor \u2013 7000 p\u00f6\u00f6ret min. akutoitel t\u00f6\u00f6tab \u2013 120 min. aku laadimisaeg \u2013 150 min. LED ekraan kaal \u2013 150 g. Komplektis: 3 erinevat tera ( T-tera, U-tera ja disainitera ) 4 erinevat l\u00f5ikustalda ( 1,5 \/ 3,0\/ 4,5 \/ 6,0 mm. ) [&hellip;]<\/p>\n","protected":false},"featured_media":11256,"comment_status":"closed","ping_status":"closed","template":"","meta":[],"product_cat":[792,710,401,280,286],"product_tag":[],"class_list":{"0":"post-11254","1":"product","2":"type-product","3":"status-publish","4":"has-post-thumbnail","6":"product_cat-uued-tooted","7":"product_cat-cera-professional","8":"product_cat-juuksuri-tarvikud","9":"product_cat-elektrilised-toovahendid","10":"product_cat-loikusmasinad-ja-trimmerid","12":"first","13":"instock","14":"taxable","15":"shipping-taxable","16":"purchasable","17":"product-type-simple"},"_links":{"self":[{"href":"https:\/\/saxsim.ee\/swp\/wp-json\/wp\/v2\/product\/11254"}],"collection":[{"href":"https:\/\/saxsim.ee\/swp\/wp-json\/wp\/v2\/product"}],"about":[{"href":"https:\/\/saxsim.ee\/swp\/wp-json\/wp\/v2\/types\/product"}],"replies":[{"embeddable":true,"href":"https:\/\/saxsim.ee\/swp\/wp-json\/wp\/v2\/comments?post=11254"}],"wp:featuredmedia":[{"embeddable":true,"href":"https:\/\/saxsim.ee\/swp\/wp-json\/wp\/v2\/media\/11256"}],"wp:attachment":[{"href":"https:\/\/saxsim.ee\/swp\/wp-json\/wp\/v2\/media?parent=11254"}],"wp:term":[{"taxonomy":"product_cat","embeddable":true,"href":"https:\/\/saxsim.ee\/swp\/wp-json\/wp\/v2\/product_cat?post=11254"},{"taxonomy":"product_tag","embeddable":true,"href":"https:\/\/saxsim.ee\/swp\/wp-json\/wp\/v2\/product_tag?post=11254"}],"curies":[{"name":"wp","href":"https:\/\/api.w.org\/{rel}","templated":true}]}}