{"id":11252,"date":"2022-12-31T09:28:54","date_gmt":"2022-12-31T07:28:54","guid":{"rendered":"https:\/\/www.saxsim.ee\/?post_type=product&#038;p=11252"},"modified":"2025-08-04T11:02:22","modified_gmt":"2025-08-04T08:02:22","slug":"cut-identity-all-round-clipper-loikusmasin","status":"publish","type":"product","link":"https:\/\/saxsim.ee\/swp\/product\/cut-identity-all-round-clipper-loikusmasin\/","title":{"rendered":"Cut Identity, All-Round Clipper &#8211; l\u00f5ikusmasin"},"content":{"rendered":"<p class=\"fn\">V\u00f5imsa mootoriga,\u00a0juhtmega\/juhtmeta, kerge juuksel\u00f5ikusmasin.<\/p>\n<p class=\"fn\"><strong>Tehnilised andmed:<\/strong><\/p>\n<p>Li-Ion aku<br \/>\nv\u00f5imas mootor &#8211; 9000 p\u00f6\u00f6ret min.<br \/>\nakutoitel t\u00f6\u00f6tab \u2013 120 min.<br \/>\naku laadimisaeg \u2013 210 min.<br \/>\nLED ekraan<br \/>\nkaal \u2013 240 g.<\/p>\n<p><strong>Komplektis:<\/strong><\/p>\n<p>reguleeritav tera ( 1,0 &#8211; 1,9 mm. )<br \/>\n4 erinevat l\u00f5ikustalda ( 3,0 \/ 6,0 \/ 9,0 ja 12,0 mm. )<br \/>\nlaadimisalus koos juhtmega<br \/>\npuhastushari<br \/>\nmasina\u00f5li<\/p>\n","protected":false},"excerpt":{"rendered":"<p>V\u00f5imsa mootoriga,\u00a0juhtmega\/juhtmeta, kerge juuksel\u00f5ikusmasin. Tehnilised andmed: Li-Ion aku v\u00f5imas mootor &#8211; 9000 p\u00f6\u00f6ret min. akutoitel t\u00f6\u00f6tab \u2013 120 min. aku laadimisaeg \u2013 210 min. LED ekraan kaal \u2013 240 g. Komplektis: reguleeritav tera ( 1,0 &#8211; 1,9 mm. ) 4 erinevat l\u00f5ikustalda ( 3,0 \/ 6,0 \/ 9,0 ja 12,0 mm. ) laadimisalus koos juhtmega [&hellip;]<\/p>\n","protected":false},"featured_media":11253,"comment_status":"closed","ping_status":"closed","template":"","meta":[],"product_cat":[792,710,401,280,286],"product_tag":[],"class_list":{"0":"post-11252","1":"product","2":"type-product","3":"status-publish","4":"has-post-thumbnail","6":"product_cat-uued-tooted","7":"product_cat-cera-professional","8":"product_cat-juuksuri-tarvikud","9":"product_cat-elektrilised-toovahendid","10":"product_cat-loikusmasinad-ja-trimmerid","12":"first","13":"instock","14":"taxable","15":"shipping-taxable","16":"purchasable","17":"product-type-simple"},"_links":{"self":[{"href":"https:\/\/saxsim.ee\/swp\/wp-json\/wp\/v2\/product\/11252"}],"collection":[{"href":"https:\/\/saxsim.ee\/swp\/wp-json\/wp\/v2\/product"}],"about":[{"href":"https:\/\/saxsim.ee\/swp\/wp-json\/wp\/v2\/types\/product"}],"replies":[{"embeddable":true,"href":"https:\/\/saxsim.ee\/swp\/wp-json\/wp\/v2\/comments?post=11252"}],"wp:featuredmedia":[{"embeddable":true,"href":"https:\/\/saxsim.ee\/swp\/wp-json\/wp\/v2\/media\/11253"}],"wp:attachment":[{"href":"https:\/\/saxsim.ee\/swp\/wp-json\/wp\/v2\/media?parent=11252"}],"wp:term":[{"taxonomy":"product_cat","embeddable":true,"href":"https:\/\/saxsim.ee\/swp\/wp-json\/wp\/v2\/product_cat?post=11252"},{"taxonomy":"product_tag","embeddable":true,"href":"https:\/\/saxsim.ee\/swp\/wp-json\/wp\/v2\/product_tag?post=11252"}],"curies":[{"name":"wp","href":"https:\/\/api.w.org\/{rel}","templated":true}]}}