{"id":11219,"date":"2022-12-24T12:36:54","date_gmt":"2022-12-24T10:36:54","guid":{"rendered":"https:\/\/www.saxsim.ee\/?post_type=product&#038;p=11219"},"modified":"2025-07-01T11:52:51","modified_gmt":"2025-07-01T08:52:51","slug":"sensido-developer-for-toners-09-1000-ml-toonijate-vesinik","status":"publish","type":"product","link":"https:\/\/saxsim.ee\/swp\/product\/sensido-developer-for-toners-09-1000-ml-toonijate-vesinik\/","title":{"rendered":"SensiDO Developer For Toners 0,9% 1000 ml. \u2013 toonijate vesinik"},"content":{"rendered":"<p><span class=\"HwtZe\" lang=\"et\">SensiDO Developer For Toners on l<span class=\"jCAhz ChMk0b\"><span class=\"ryNqvb\">\u00f5hnatu, vedelama koostisega 0,9% vesinik, mist\u00f5ttu saab v\u00e4rvimassi kiiresti juustesse kanda, ka pesukohas aplikaatorpudeliga.<\/span><\/span> <span class=\"jCAhz ChMk0b\"><span class=\"ryNqvb\">Vesinikus sisalduv \u00f5li hoiab v\u00e4rvi pehmena ja kaitseb peanahka v\u00e4rvimise ajal.<\/span><\/span> <span class=\"jCAhz ChMk0b\"><span class=\"ryNqvb\">Vegan.<\/span><\/span><\/span><\/p>\n<p><span class=\"VIiyi\" lang=\"et\"><span class=\"JLqJ4b ChMk0b\"><strong>Hoiatus<\/strong>:<\/span> <span class=\"JLqJ4b ChMk0b\">Sisaldab vesinikperoksiidi.<\/span> <span class=\"JLqJ4b ChMk0b\">V\u00e4ltige silma sattumist.<\/span> <span class=\"JLqJ4b ChMk0b\">Silma sattumisel loputada koheselt rohke veega.<\/span> <span class=\"JLqJ4b ChMk0b\">J\u00e4rgige kasutusjuhiseid.<\/span> <span class=\"JLqJ4b ChMk0b\">Kandke sobivaid kindaid.<\/span> <span class=\"JLqJ4b ChMk0b\">Ainult professionaalseks kasutamiseks.<\/span> <span class=\"JLqJ4b ChMk0b\">Hoida jahedas, mitte otsese p\u00e4ikesevalguse k\u00e4es.<\/span><\/span><\/p>\n","protected":false},"excerpt":{"rendered":"<p>SensiDO Developer For Toners on l\u00f5hnatu, vedelama koostisega 0,9% vesinik, mist\u00f5ttu saab v\u00e4rvimassi kiiresti juustesse kanda, ka pesukohas aplikaatorpudeliga. Vesinikus sisalduv \u00f5li hoiab v\u00e4rvi pehmena ja kaitseb peanahka v\u00e4rvimise ajal. Vegan. Hoiatus: Sisaldab vesinikperoksiidi. V\u00e4ltige silma sattumist. Silma sattumisel loputada koheselt rohke veega. J\u00e4rgige kasutusjuhiseid. Kandke sobivaid kindaid. Ainult professionaalseks kasutamiseks. Hoida jahedas, mitte otsese [&hellip;]<\/p>\n","protected":false},"featured_media":11220,"comment_status":"closed","ping_status":"closed","template":"","meta":[],"product_cat":[395,666,212],"product_tag":[637],"class_list":{"0":"post-11219","1":"product","2":"type-product","3":"status-publish","4":"has-post-thumbnail","6":"product_cat-juuksed","7":"product_cat-professionaalseks-kasutamiseks","8":"product_cat-vesinikud","9":"product_tag-profitoode","11":"first","12":"instock","13":"virtual","14":"taxable","15":"purchasable","16":"product-type-simple"},"_links":{"self":[{"href":"https:\/\/saxsim.ee\/swp\/wp-json\/wp\/v2\/product\/11219"}],"collection":[{"href":"https:\/\/saxsim.ee\/swp\/wp-json\/wp\/v2\/product"}],"about":[{"href":"https:\/\/saxsim.ee\/swp\/wp-json\/wp\/v2\/types\/product"}],"replies":[{"embeddable":true,"href":"https:\/\/saxsim.ee\/swp\/wp-json\/wp\/v2\/comments?post=11219"}],"wp:featuredmedia":[{"embeddable":true,"href":"https:\/\/saxsim.ee\/swp\/wp-json\/wp\/v2\/media\/11220"}],"wp:attachment":[{"href":"https:\/\/saxsim.ee\/swp\/wp-json\/wp\/v2\/media?parent=11219"}],"wp:term":[{"taxonomy":"product_cat","embeddable":true,"href":"https:\/\/saxsim.ee\/swp\/wp-json\/wp\/v2\/product_cat?post=11219"},{"taxonomy":"product_tag","embeddable":true,"href":"https:\/\/saxsim.ee\/swp\/wp-json\/wp\/v2\/product_tag?post=11219"}],"curies":[{"name":"wp","href":"https:\/\/api.w.org\/{rel}","templated":true}]}}