{"id":11208,"date":"2022-12-24T11:29:57","date_gmt":"2022-12-24T09:29:57","guid":{"rendered":"https:\/\/www.saxsim.ee\/?post_type=product&#038;p=11208"},"modified":"2025-07-03T18:41:13","modified_gmt":"2025-07-03T15:41:13","slug":"heo-volume-mousse-200-ml-voluumvaht","status":"publish","type":"product","link":"https:\/\/saxsim.ee\/swp\/product\/heo-volume-mousse-200-ml-voluumvaht\/","title":{"rendered":"HE\u00d6 Volume Mousse 200 ml. &#8211; vol\u00fc\u00fcmvaht"},"content":{"rendered":"<p>HE\u00d6 vol\u00fc\u00fcmivaht annab juustele kauakestva v\u00e4rskuse, muutmata juukseid raskeks. Uuenduslik koostis muudab juuksed juurtest otsteni puhtamaks, paksemaks ja elavamaks. Sisaldab riisit\u00e4rklist Oryza Sativa (Rice) Starch, mis annab juustele sama tekstuuri nagu kuiv\u0161ampoon v\u00f5i juuksepuuder.<\/p>\n<p><span class=\"HwtZe\" lang=\"et\"><span class=\"jCAhz ChMk0b\"><span class=\"ryNqvb\"><strong><u>Kasutamine<\/u>:<\/strong><\/span><\/span><\/span> Enne kasutamist raputage pudelit korralikult. Kandke \u00fchtlaselt r\u00e4tikukuivadele juustele. Kammige juukseid juurtest otsteni, et vaht jaotuks \u00fchtlaselt.\u00a0Viimistlege soeng.<\/p>\n","protected":false},"excerpt":{"rendered":"<p>HE\u00d6 vol\u00fc\u00fcmivaht annab juustele kauakestva v\u00e4rskuse, muutmata juukseid raskeks. Uuenduslik koostis muudab juuksed juurtest otsteni puhtamaks, paksemaks ja elavamaks. Sisaldab riisit\u00e4rklist Oryza Sativa (Rice) Starch, mis annab juustele sama tekstuuri nagu kuiv\u0161ampoon v\u00f5i juuksepuuder. Kasutamine: Enne kasutamist raputage pudelit korralikult. Kandke \u00fchtlaselt r\u00e4tikukuivadele juustele. Kammige juukseid juurtest otsteni, et vaht jaotuks \u00fchtlaselt.\u00a0Viimistlege soeng.<\/p>\n","protected":false},"featured_media":11209,"comment_status":"closed","ping_status":"closed","template":"","meta":[],"product_cat":[817,395,681,682],"product_tag":[],"class_list":{"0":"post-11208","1":"product","2":"type-product","3":"status-publish","4":"has-post-thumbnail","6":"product_cat-heo","7":"product_cat-juuksed","8":"product_cat-viimistlus","9":"product_cat-juuksevahud","11":"first","12":"outofstock","13":"taxable","14":"shipping-taxable","15":"purchasable","16":"product-type-simple"},"_links":{"self":[{"href":"https:\/\/saxsim.ee\/swp\/wp-json\/wp\/v2\/product\/11208"}],"collection":[{"href":"https:\/\/saxsim.ee\/swp\/wp-json\/wp\/v2\/product"}],"about":[{"href":"https:\/\/saxsim.ee\/swp\/wp-json\/wp\/v2\/types\/product"}],"replies":[{"embeddable":true,"href":"https:\/\/saxsim.ee\/swp\/wp-json\/wp\/v2\/comments?post=11208"}],"wp:featuredmedia":[{"embeddable":true,"href":"https:\/\/saxsim.ee\/swp\/wp-json\/wp\/v2\/media\/11209"}],"wp:attachment":[{"href":"https:\/\/saxsim.ee\/swp\/wp-json\/wp\/v2\/media?parent=11208"}],"wp:term":[{"taxonomy":"product_cat","embeddable":true,"href":"https:\/\/saxsim.ee\/swp\/wp-json\/wp\/v2\/product_cat?post=11208"},{"taxonomy":"product_tag","embeddable":true,"href":"https:\/\/saxsim.ee\/swp\/wp-json\/wp\/v2\/product_tag?post=11208"}],"curies":[{"name":"wp","href":"https:\/\/api.w.org\/{rel}","templated":true}]}}