{"id":11206,"date":"2022-12-24T11:06:29","date_gmt":"2022-12-24T09:06:29","guid":{"rendered":"https:\/\/www.saxsim.ee\/?post_type=product&#038;p=11206"},"modified":"2026-04-02T08:57:09","modified_gmt":"2026-04-02T05:57:09","slug":"heo-styling-mousse-200-ml-viimistlusvaht","status":"publish","type":"product","link":"https:\/\/saxsim.ee\/swp\/product\/heo-styling-mousse-200-ml-viimistlusvaht\/","title":{"rendered":"HE\u00d6 Styling Mousse\u00a0200 ml. &#8211; viimistlusvaht"},"content":{"rendered":"<p>HE\u00d6 viimistlusvaht on ideaalne toode, kui vajate soengule vol\u00fc\u00fcmi ja kerget tuge. Kuumakaitsega vaht annab juustele tugevust ning aitab saavutada v\u00e4rske ja s\u00e4rtsaka tulemuse.<\/p>\n<p><span class=\"HwtZe\" lang=\"et\"><span class=\"jCAhz ChMk0b\"><span class=\"ryNqvb\"><strong><u>Kasutamine<\/u>:<\/strong><\/span><\/span><\/span> Enne kasutamist raputage pudelit korralikult. Kandke \u00fchtlaselt r\u00e4tikukuivadele juustele. Kammige juukseid juurtest otsteni, et vaht jaotuks \u00fchtlaselt.\u00a0Viimistlege soeng.<\/p>\n","protected":false},"excerpt":{"rendered":"<p>HE\u00d6 viimistlusvaht on ideaalne toode, kui vajate soengule vol\u00fc\u00fcmi ja kerget tuge. Kuumakaitsega vaht annab juustele tugevust ning aitab saavutada v\u00e4rske ja s\u00e4rtsaka tulemuse. Kasutamine: Enne kasutamist raputage pudelit korralikult. Kandke \u00fchtlaselt r\u00e4tikukuivadele juustele. Kammige juukseid juurtest otsteni, et vaht jaotuks \u00fchtlaselt.\u00a0Viimistlege soeng.<\/p>\n","protected":false},"featured_media":11207,"comment_status":"closed","ping_status":"closed","template":"","meta":[],"product_cat":[251,817,395,681,682],"product_tag":[],"class_list":{"0":"post-11206","1":"product","2":"type-product","3":"status-publish","4":"has-post-thumbnail","6":"product_cat-lopumuuk","7":"product_cat-heo","8":"product_cat-juuksed","9":"product_cat-viimistlus","10":"product_cat-juuksevahud","12":"first","13":"instock","14":"sale","15":"taxable","16":"shipping-taxable","17":"purchasable","18":"product-type-simple"},"_links":{"self":[{"href":"https:\/\/saxsim.ee\/swp\/wp-json\/wp\/v2\/product\/11206"}],"collection":[{"href":"https:\/\/saxsim.ee\/swp\/wp-json\/wp\/v2\/product"}],"about":[{"href":"https:\/\/saxsim.ee\/swp\/wp-json\/wp\/v2\/types\/product"}],"replies":[{"embeddable":true,"href":"https:\/\/saxsim.ee\/swp\/wp-json\/wp\/v2\/comments?post=11206"}],"wp:featuredmedia":[{"embeddable":true,"href":"https:\/\/saxsim.ee\/swp\/wp-json\/wp\/v2\/media\/11207"}],"wp:attachment":[{"href":"https:\/\/saxsim.ee\/swp\/wp-json\/wp\/v2\/media?parent=11206"}],"wp:term":[{"taxonomy":"product_cat","embeddable":true,"href":"https:\/\/saxsim.ee\/swp\/wp-json\/wp\/v2\/product_cat?post=11206"},{"taxonomy":"product_tag","embeddable":true,"href":"https:\/\/saxsim.ee\/swp\/wp-json\/wp\/v2\/product_tag?post=11206"}],"curies":[{"name":"wp","href":"https:\/\/api.w.org\/{rel}","templated":true}]}}