{"id":11202,"date":"2022-12-24T10:40:57","date_gmt":"2022-12-24T08:40:57","guid":{"rendered":"https:\/\/www.saxsim.ee\/?post_type=product&#038;p=11202"},"modified":"2026-04-02T09:08:36","modified_gmt":"2026-04-02T06:08:36","slug":"heo-hairspray-light-300-ml-kerge-juukselakk","status":"publish","type":"product","link":"https:\/\/saxsim.ee\/swp\/product\/heo-hairspray-light-300-ml-kerge-juukselakk\/","title":{"rendered":"HE\u00d6 Hairspray Light 300 ml. &#8211; kerge juukselakk"},"content":{"rendered":"<p>HE\u00d6 kiiresti kuivav juukselakk annab soengule kerge p\u00fcsivuse. Ideaalne elastsete soengute tegemiseks, mis p\u00fcsivad kogu p\u00e4eva.<\/p>\n<p><span class=\"HwtZe\" lang=\"et\"><span class=\"jCAhz ChMk0b\"><span class=\"ryNqvb\"><strong><u>Kasutamine<\/u>:<\/strong><\/span><\/span><\/span> Pihustage 25 cm kauguselt viimstletud soengule ja laske kuivada.<\/p>\n","protected":false},"excerpt":{"rendered":"<p>HE\u00d6 kiiresti kuivav juukselakk annab soengule kerge p\u00fcsivuse. Ideaalne elastsete soengute tegemiseks, mis p\u00fcsivad kogu p\u00e4eva. Kasutamine: Pihustage 25 cm kauguselt viimstletud soengule ja laske kuivada.<\/p>\n","protected":false},"featured_media":11203,"comment_status":"closed","ping_status":"closed","template":"","meta":[],"product_cat":[107,251,817,395,681,680],"product_tag":[],"class_list":{"0":"post-11202","1":"product","2":"type-product","3":"status-publish","4":"has-post-thumbnail","6":"product_cat-pakkumised","7":"product_cat-lopumuuk","8":"product_cat-heo","9":"product_cat-juuksed","10":"product_cat-viimistlus","11":"product_cat-juukselakid","13":"first","14":"instock","15":"sale","16":"taxable","17":"shipping-taxable","18":"purchasable","19":"product-type-simple"},"_links":{"self":[{"href":"https:\/\/saxsim.ee\/swp\/wp-json\/wp\/v2\/product\/11202"}],"collection":[{"href":"https:\/\/saxsim.ee\/swp\/wp-json\/wp\/v2\/product"}],"about":[{"href":"https:\/\/saxsim.ee\/swp\/wp-json\/wp\/v2\/types\/product"}],"replies":[{"embeddable":true,"href":"https:\/\/saxsim.ee\/swp\/wp-json\/wp\/v2\/comments?post=11202"}],"wp:featuredmedia":[{"embeddable":true,"href":"https:\/\/saxsim.ee\/swp\/wp-json\/wp\/v2\/media\/11203"}],"wp:attachment":[{"href":"https:\/\/saxsim.ee\/swp\/wp-json\/wp\/v2\/media?parent=11202"}],"wp:term":[{"taxonomy":"product_cat","embeddable":true,"href":"https:\/\/saxsim.ee\/swp\/wp-json\/wp\/v2\/product_cat?post=11202"},{"taxonomy":"product_tag","embeddable":true,"href":"https:\/\/saxsim.ee\/swp\/wp-json\/wp\/v2\/product_tag?post=11202"}],"curies":[{"name":"wp","href":"https:\/\/api.w.org\/{rel}","templated":true}]}}