{"id":11200,"date":"2022-12-24T10:24:00","date_gmt":"2022-12-24T08:24:00","guid":{"rendered":"https:\/\/www.saxsim.ee\/?post_type=product&#038;p=11200"},"modified":"2026-04-02T09:00:57","modified_gmt":"2026-04-02T06:00:57","slug":"heo-heat-protection-250-ml-kuumakaitse","status":"publish","type":"product","link":"https:\/\/saxsim.ee\/swp\/product\/heo-heat-protection-250-ml-kuumakaitse\/","title":{"rendered":"HE\u00d6 Heat Protection 250 ml. &#8211; kuumakaitse"},"content":{"rendered":"<p>HE\u00d6 kuumakaitse kaitseb juukseid termot\u00f6\u00f6tluse\u00a0( kuni 210\u00b0C ) p\u00f5hjustatud kahjustuste eest. Annab viimistlusele kerge p\u00fcsivuse.<\/p>\n<p><span class=\"HwtZe\" lang=\"et\"><span class=\"jCAhz ChMk0b\"><span class=\"ryNqvb\"><strong><u>Kasutamine<\/u>:<\/strong><\/span><\/span><\/span> Enne kasutamist raputada pudelit korralikult. Hoidke pudelit 20 cm kaugusel ja pihustage otse kuivadele v\u00f5i r\u00e4tikukuivadele juustele. Enne kuumusega t\u00f6\u00f6tlemist kammige juuksed l\u00e4bi.<\/p>\n","protected":false},"excerpt":{"rendered":"<p>HE\u00d6 kuumakaitse kaitseb juukseid termot\u00f6\u00f6tluse\u00a0( kuni 210\u00b0C ) p\u00f5hjustatud kahjustuste eest. Annab viimistlusele kerge p\u00fcsivuse. Kasutamine: Enne kasutamist raputada pudelit korralikult. Hoidke pudelit 20 cm kaugusel ja pihustage otse kuivadele v\u00f5i r\u00e4tikukuivadele juustele. Enne kuumusega t\u00f6\u00f6tlemist kammige juuksed l\u00e4bi.<\/p>\n","protected":false},"featured_media":11201,"comment_status":"closed","ping_status":"closed","template":"","meta":[],"product_cat":[107,251,817,395,681,694],"product_tag":[],"class_list":{"0":"post-11200","1":"product","2":"type-product","3":"status-publish","4":"has-post-thumbnail","6":"product_cat-pakkumised","7":"product_cat-lopumuuk","8":"product_cat-heo","9":"product_cat-juuksed","10":"product_cat-viimistlus","11":"product_cat-kuumakaitsed","13":"first","14":"instock","15":"sale","16":"taxable","17":"shipping-taxable","18":"purchasable","19":"product-type-simple"},"_links":{"self":[{"href":"https:\/\/saxsim.ee\/swp\/wp-json\/wp\/v2\/product\/11200"}],"collection":[{"href":"https:\/\/saxsim.ee\/swp\/wp-json\/wp\/v2\/product"}],"about":[{"href":"https:\/\/saxsim.ee\/swp\/wp-json\/wp\/v2\/types\/product"}],"replies":[{"embeddable":true,"href":"https:\/\/saxsim.ee\/swp\/wp-json\/wp\/v2\/comments?post=11200"}],"wp:featuredmedia":[{"embeddable":true,"href":"https:\/\/saxsim.ee\/swp\/wp-json\/wp\/v2\/media\/11201"}],"wp:attachment":[{"href":"https:\/\/saxsim.ee\/swp\/wp-json\/wp\/v2\/media?parent=11200"}],"wp:term":[{"taxonomy":"product_cat","embeddable":true,"href":"https:\/\/saxsim.ee\/swp\/wp-json\/wp\/v2\/product_cat?post=11200"},{"taxonomy":"product_tag","embeddable":true,"href":"https:\/\/saxsim.ee\/swp\/wp-json\/wp\/v2\/product_tag?post=11200"}],"curies":[{"name":"wp","href":"https:\/\/api.w.org\/{rel}","templated":true}]}}