{"id":11197,"date":"2022-12-24T10:05:23","date_gmt":"2022-12-24T08:05:23","guid":{"rendered":"https:\/\/www.saxsim.ee\/?post_type=product&#038;p=11197"},"modified":"2026-04-02T09:02:31","modified_gmt":"2026-04-02T06:02:31","slug":"heo-dry-shampoo-250-ml-kuivsampoon","status":"publish","type":"product","link":"https:\/\/saxsim.ee\/swp\/product\/heo-dry-shampoo-250-ml-kuivsampoon\/","title":{"rendered":"HE\u00d6 Dry Shampoo 250 ml. &#8211; kuiv\u0161ampoon"},"content":{"rendered":"<p><span class=\"HwtZe\" lang=\"et\"><span class=\"jCAhz ChMk0b\"><span class=\"ryNqvb\">HE\u00d6 kuiv\u0161ampooni a<\/span><\/span><span class=\"jCAhz ChMk0b\"><span class=\"ryNqvb\">inulaadne koostis eemaldab koheselt juustest liigse rasvasuse ja v\u00e4rskendab peanahka.<\/span><\/span> <span class=\"jCAhz ChMk0b\"><span class=\"ryNqvb\">Toode aitab pesukordade vahel tuua juustesse kerge ja puhta tunde, andes juustele struktuuri.<\/span><\/span> <span class=\"jCAhz ChMk0b\"><span class=\"ryNqvb\">Sobib k\u00f5ikidele juukset\u00fc\u00fcpidele.<\/span><\/span><\/span><\/p>\n<p><span class=\"HwtZe\" lang=\"et\"><span class=\"jCAhz ChMk0b\"><span class=\"ryNqvb\"><strong><u>Kasutamine<\/u>:<\/strong> Enne kasutamist raputada pudelit korralikult.<\/span><\/span> <span class=\"jCAhz ChMk0b\"><span class=\"ryNqvb\">Hoidke pudelit 15 cm kaugusel ja pihustage otse juustele.<\/span><\/span> <span class=\"jCAhz ChMk0b\"><span class=\"ryNqvb\">Masseeri kuiv\u0161ampoon s\u00f5rmedega juuksejuurtele ja peanahale.<\/span><\/span> <span class=\"jCAhz ChMk0b\"><span class=\"ryNqvb\">Eemaldage liigne kuiv\u0161ampoon juukseharjaga.<\/span><\/span><\/span><\/p>\n","protected":false},"excerpt":{"rendered":"<p>HE\u00d6 kuiv\u0161ampooni ainulaadne koostis eemaldab koheselt juustest liigse rasvasuse ja v\u00e4rskendab peanahka. Toode aitab pesukordade vahel tuua juustesse kerge ja puhta tunde, andes juustele struktuuri. Sobib k\u00f5ikidele juukset\u00fc\u00fcpidele. Kasutamine: Enne kasutamist raputada pudelit korralikult. Hoidke pudelit 15 cm kaugusel ja pihustage otse juustele. Masseeri kuiv\u0161ampoon s\u00f5rmedega juuksejuurtele ja peanahale. Eemaldage liigne kuiv\u0161ampoon juukseharjaga.<\/p>\n","protected":false},"featured_media":11198,"comment_status":"closed","ping_status":"closed","template":"","meta":[],"product_cat":[107,251,817,395,681,692],"product_tag":[],"class_list":{"0":"post-11197","1":"product","2":"type-product","3":"status-publish","4":"has-post-thumbnail","6":"product_cat-pakkumised","7":"product_cat-lopumuuk","8":"product_cat-heo","9":"product_cat-juuksed","10":"product_cat-viimistlus","11":"product_cat-kuivsampoonid","13":"first","14":"instock","15":"sale","16":"taxable","17":"shipping-taxable","18":"purchasable","19":"product-type-simple"},"_links":{"self":[{"href":"https:\/\/saxsim.ee\/swp\/wp-json\/wp\/v2\/product\/11197"}],"collection":[{"href":"https:\/\/saxsim.ee\/swp\/wp-json\/wp\/v2\/product"}],"about":[{"href":"https:\/\/saxsim.ee\/swp\/wp-json\/wp\/v2\/types\/product"}],"replies":[{"embeddable":true,"href":"https:\/\/saxsim.ee\/swp\/wp-json\/wp\/v2\/comments?post=11197"}],"wp:featuredmedia":[{"embeddable":true,"href":"https:\/\/saxsim.ee\/swp\/wp-json\/wp\/v2\/media\/11198"}],"wp:attachment":[{"href":"https:\/\/saxsim.ee\/swp\/wp-json\/wp\/v2\/media?parent=11197"}],"wp:term":[{"taxonomy":"product_cat","embeddable":true,"href":"https:\/\/saxsim.ee\/swp\/wp-json\/wp\/v2\/product_cat?post=11197"},{"taxonomy":"product_tag","embeddable":true,"href":"https:\/\/saxsim.ee\/swp\/wp-json\/wp\/v2\/product_tag?post=11197"}],"curies":[{"name":"wp","href":"https:\/\/api.w.org\/{rel}","templated":true}]}}