{"id":11176,"date":"2022-12-22T09:39:27","date_gmt":"2022-12-22T07:39:27","guid":{"rendered":"https:\/\/www.saxsim.ee\/?post_type=product&#038;p=11176"},"modified":"2025-07-04T11:14:58","modified_gmt":"2025-07-04T08:14:58","slug":"6-013-sensido-3-in-one-cream-color-juuksevarv-professionaalidele","status":"publish","type":"product","link":"https:\/\/saxsim.ee\/swp\/product\/6-013-sensido-3-in-one-cream-color-juuksevarv-professionaalidele\/","title":{"rendered":"6\/013 SensiDO 3 In One Cream Color \u2013 juuksev\u00e4rv professionaalidele"},"content":{"rendered":"<p><b>6\/013 Dark Sand<br \/>\n<\/b><\/p>\n<ul>\n<li>100 % hallikatvust<\/li>\n<li>sisaldab k\u00f5iki koostisosi, mida hall \/ pigmentideta juus vajab<\/li>\n<li>koostist on t\u00e4iendatud argaania\u00f5liga<\/li>\n<li>v\u00e4rv toimib madala protsendiliste vesinikutega<\/li>\n<li>kergesti segunev ja lihtne peale kanda<\/li>\n<li>l\u00f5hnastamata ja vegan<\/li>\n<li>ainult professionaalseks kasutamiseks<\/li>\n<li>pakendi suurus 60 ml<\/li>\n<\/ul>\n<p>SensiDO Cover Shades v\u00e4rvid on v\u00e4lja t\u00f6\u00f6tatud hallide juuste katmiseks. K\u00f5ik Cover Shades v\u00e4rvid sisaldavad k\u00f5iki koostisosi, mida on vaja hallide \/ pigmentideta juuste v\u00e4rvimiseks. Hallide juuste katmiseks loodud v\u00e4rvid ei ole m\u00f5eldud heledamaks v\u00e4rvimiseks. Kasutades suurema protsendiga vesinikke, on v\u00f5imalik juukseid v\u00e4rvida \u00fcks, maksimaalselt kaks tooni heledamaks.<\/p>\n<p><span class=\"HwtZe\" lang=\"et\"><span class=\"jCAhz ChMk0b\"><span class=\"ryNqvb\">Cover Shades v\u00e4rvides on kasutatud ammoniaagi ja etanoolamiini s\u00fcnergiat.<\/span><\/span> <span class=\"jCAhz ChMk0b\"><span class=\"ryNqvb\">Ammoniaak avab juukseid piisavalt, et juuksev\u00e4rv saaks s\u00fcgavale juuksekiu sisse minna ning etanoolamiin takistab kuumuse t\u00f5usu.<\/span><\/span> <span class=\"jCAhz ChMk0b\"><span class=\"ryNqvb\">Argaania\u00f5li toimib koos leelistega, et viia juuksev\u00e4rvid s\u00fcgavale juuksekiududesse.<\/span><\/span> <span class=\"jCAhz ChMk0b\"><span class=\"ryNqvb\">V\u00e4rvitugevdajana tuntud mono- ja difosfaatestritest moodustatud pindaktiivse aine kogust on samuti t\u00f5stetud. <\/span><\/span><span class=\"jCAhz ChMk0b\"><span class=\"ryNqvb\">K\u00f5ik see kokku tagab hallide juuste katvuse ning vesiniku tugevust pole vaja t\u00f5sta. 3% vesinik t\u00f6\u00f6tab suurep\u00e4raselt k\u00f5igi v\u00e4rvidega.<\/span><\/span><\/span><\/p>\n<p>&nbsp;<\/p>\n","protected":false},"excerpt":{"rendered":"<p>6\/013 Dark Sand 100 % hallikatvust sisaldab k\u00f5iki koostisosi, mida hall \/ pigmentideta juus vajab koostist on t\u00e4iendatud argaania\u00f5liga v\u00e4rv toimib madala protsendiliste vesinikutega kergesti segunev ja lihtne peale kanda l\u00f5hnastamata ja vegan ainult professionaalseks kasutamiseks pakendi suurus 60 ml SensiDO Cover Shades v\u00e4rvid on v\u00e4lja t\u00f6\u00f6tatud hallide juuste katmiseks. K\u00f5ik Cover Shades v\u00e4rvid sisaldavad [&hellip;]<\/p>\n","protected":false},"featured_media":11177,"comment_status":"closed","ping_status":"closed","template":"","meta":[],"product_cat":[673,395,666,95,858,390],"product_tag":[637],"class_list":{"0":"post-11176","1":"product","2":"type-product","3":"status-publish","4":"has-post-thumbnail","6":"product_cat-sensido","7":"product_cat-juuksed","8":"product_cat-professionaalseks-kasutamiseks","9":"product_cat-sensido-juuksevarvid","10":"product_cat-sensido-cover-shades","11":"product_cat-sensido-cream-color-3-in-1","12":"product_tag-profitoode","14":"first","15":"instock","16":"taxable","17":"shipping-taxable","18":"purchasable","19":"product-type-simple"},"_links":{"self":[{"href":"https:\/\/saxsim.ee\/swp\/wp-json\/wp\/v2\/product\/11176"}],"collection":[{"href":"https:\/\/saxsim.ee\/swp\/wp-json\/wp\/v2\/product"}],"about":[{"href":"https:\/\/saxsim.ee\/swp\/wp-json\/wp\/v2\/types\/product"}],"replies":[{"embeddable":true,"href":"https:\/\/saxsim.ee\/swp\/wp-json\/wp\/v2\/comments?post=11176"}],"wp:featuredmedia":[{"embeddable":true,"href":"https:\/\/saxsim.ee\/swp\/wp-json\/wp\/v2\/media\/11177"}],"wp:attachment":[{"href":"https:\/\/saxsim.ee\/swp\/wp-json\/wp\/v2\/media?parent=11176"}],"wp:term":[{"taxonomy":"product_cat","embeddable":true,"href":"https:\/\/saxsim.ee\/swp\/wp-json\/wp\/v2\/product_cat?post=11176"},{"taxonomy":"product_tag","embeddable":true,"href":"https:\/\/saxsim.ee\/swp\/wp-json\/wp\/v2\/product_tag?post=11176"}],"curies":[{"name":"wp","href":"https:\/\/api.w.org\/{rel}","templated":true}]}}