{"id":11140,"date":"2022-12-14T08:49:40","date_gmt":"2022-12-14T06:49:40","guid":{"rendered":"https:\/\/www.saxsim.ee\/?post_type=product&#038;p=11140"},"modified":"2024-01-10T10:51:14","modified_gmt":"2024-01-10T08:51:14","slug":"barburys-clipper-silvio-loikusmasin","status":"publish","type":"product","link":"https:\/\/saxsim.ee\/swp\/product\/barburys-clipper-silvio-loikusmasin\/","title":{"rendered":"Barburys Clipper, Silvio &#8211; l\u00f5ikusmasin"},"content":{"rendered":"<p>Barburys Silvio suure v\u00f5imsusega, juhtmega juuksel\u00f5ikusmasin. T\u00e4nu magnetmootorile, sobib ta ideaalselt pidevaks kasutamiseks. Masina k\u00fcljel olevast kangist on p\u00f6idlaga lihtne reguleerida tera k\u00f5rgust, ilma et peaksite tera vahetama. Stiilse ja ergonoomilise kujuga juuksel\u00f5ikusmasin Silvio mahub mugavalt k\u00e4tte. K\u00f5rge s\u00fcsinikusisaldusega terasest l\u00f5iketera tagab usaldusv\u00e4\u00e4rsuse nii teravuse kui ka vastupidavuse osas.<\/p>\n<p><strong>Tehnilised andmed:<\/strong><\/p>\n<p>220\u2013240 V, 50\/60 Hz<\/p>\n<p>v\u00f5imsus \u2013\u00a010 W<\/p>\n<p>v\u00f5imas magnetmootor, 4000 p\/min.<\/p>\n<p>l\u00f5iketera pikkuse reguleerimine (0,9 \u2013 2,0 mm.)<\/p>\n<p>kaal \u2013 560 g. ( koos juhtmega )<\/p>\n<p>juhe \u2013 3,0 m.<\/p>\n<p><strong>Komplektis:<\/strong><\/p>\n<p>k\u00f5rge s\u00fcsinikusisaldusega terasest l\u00f5iketera ( laius &#8211; 46 mm. )<\/p>\n<p>6 erinevat l\u00f5ikustalda ( 3 mm.\/6 mm.\/10 mm.\/13 mm.\/19 mm.\/25 mm. )<\/p>\n<p>l\u00f5ikuskamm<\/p>\n<p>terakaitse<\/p>\n<p>puhastushari<\/p>\n<p>masina\u00f5li<\/p>\n<p>&nbsp;<\/p>\n","protected":false},"excerpt":{"rendered":"<p>Barburys Silvio suure v\u00f5imsusega, juhtmega juuksel\u00f5ikusmasin. T\u00e4nu magnetmootorile, sobib ta ideaalselt pidevaks kasutamiseks. Masina k\u00fcljel olevast kangist on p\u00f6idlaga lihtne reguleerida tera k\u00f5rgust, ilma et peaksite tera vahetama. Stiilse ja ergonoomilise kujuga juuksel\u00f5ikusmasin Silvio mahub mugavalt k\u00e4tte. K\u00f5rge s\u00fcsinikusisaldusega terasest l\u00f5iketera tagab usaldusv\u00e4\u00e4rsuse nii teravuse kui ka vastupidavuse osas. Tehnilised andmed: 220\u2013240 V, 50\/60 Hz [&hellip;]<\/p>\n","protected":false},"featured_media":11141,"comment_status":"closed","ping_status":"closed","template":"","meta":[],"product_cat":[792,702,401,280,286],"product_tag":[],"class_list":{"0":"post-11140","1":"product","2":"type-product","3":"status-publish","4":"has-post-thumbnail","6":"product_cat-uued-tooted","7":"product_cat-barburys","8":"product_cat-juuksuri-tarvikud","9":"product_cat-elektrilised-toovahendid","10":"product_cat-loikusmasinad-ja-trimmerid","12":"first","13":"instock","14":"taxable","15":"shipping-taxable","16":"purchasable","17":"product-type-simple"},"_links":{"self":[{"href":"https:\/\/saxsim.ee\/swp\/wp-json\/wp\/v2\/product\/11140"}],"collection":[{"href":"https:\/\/saxsim.ee\/swp\/wp-json\/wp\/v2\/product"}],"about":[{"href":"https:\/\/saxsim.ee\/swp\/wp-json\/wp\/v2\/types\/product"}],"replies":[{"embeddable":true,"href":"https:\/\/saxsim.ee\/swp\/wp-json\/wp\/v2\/comments?post=11140"}],"wp:featuredmedia":[{"embeddable":true,"href":"https:\/\/saxsim.ee\/swp\/wp-json\/wp\/v2\/media\/11141"}],"wp:attachment":[{"href":"https:\/\/saxsim.ee\/swp\/wp-json\/wp\/v2\/media?parent=11140"}],"wp:term":[{"taxonomy":"product_cat","embeddable":true,"href":"https:\/\/saxsim.ee\/swp\/wp-json\/wp\/v2\/product_cat?post=11140"},{"taxonomy":"product_tag","embeddable":true,"href":"https:\/\/saxsim.ee\/swp\/wp-json\/wp\/v2\/product_tag?post=11140"}],"curies":[{"name":"wp","href":"https:\/\/api.w.org\/{rel}","templated":true}]}}